{"id":2619,"date":"2018-10-18T16:31:54","date_gmt":"2018-10-18T19:31:54","guid":{"rendered":"http:\/\/minasgramados.com.br\/Loja\/?post_type=product&#038;p=2619"},"modified":"2021-04-23T09:24:31","modified_gmt":"2021-04-23T12:24:31","slug":"herbicida-glifomato-frasco-100ml","status":"publish","type":"product","link":"https:\/\/minasgramados.com.br\/Loja\/produto\/herbicida-glifomato-frasco-100ml\/","title":{"rendered":"Herbicida Glifomato (Frasco 100ml)"},"content":{"rendered":"<p><strong>Indica\u00e7\u00e3o:<\/strong> O GLIFOMATO 10% \u00e9 um herbicida n\u00e3o seletivo, eficaz contra plantas daninhas como a tiririca (Cyperus rotundus), pic\u00e3opreto (Bidens pilosa), capim favorito (Rhynchelytrum repens), grama batatais (Papalum notatum) e rabo de raposa (Setaria geniculata) encontradas em jardins amadores.<\/p>\n<p><strong>Modo de Usar:<\/strong> Diluir 100 mL de GLIFOMATO 10% em 1 litro de \u00e1gua. Aplicar a calda preparada (1 litro) usando um pulverizador ou regador em uma \u00e1rea de 30 m\u00b2. Aplicar uniformemente sobre as plantas daninhas molhando-as bem.UTILIZAR IMEDIATAMENTE AP\u00d3SA SUA PREPARA\u00c7\u00c3O.<\/p>\n","protected":false},"excerpt":{"rendered":"<p>Contra plantas daninhas como a tiririca (Cyperus rotundus), pic\u00e3opreto (Bidens pilosa), capim favorito (Rhynchelytrum repens), grama batatais (Papalum notatum) e rabo de raposa (Setaria geniculata)<\/p>\n","protected":false},"featured_media":2620,"template":"","meta":{"_joinchat":[]},"product_brand":[],"product_cat":[14,22],"product_tag":[],"class_list":{"0":"post-2619","1":"product","2":"type-product","3":"status-publish","4":"has-post-thumbnail","6":"product_cat-produtos-agropecuarios","7":"product_cat-defencivos-agriculos","8":"entry","9":"has-media","11":"first","12":"outofstock","13":"shipping-taxable","14":"purchasable","15":"product-type-simple","16":"col","17":"wpex-woo-entry","18":"span_1_of_4"},"yoast_head":"<!-- This site is optimized with the Yoast SEO plugin v27.3 - https:\/\/yoast.com\/product\/yoast-seo-wordpress\/ -->\n<title>Herbicida GLIFOMATO (Frasco 100ml) - Minas Gramados<\/title>\n<meta name=\"description\" content=\"Contra plantas daninhas como a tiririca (Cyperus rotundus), pic\u00e3opreto (Bidens pilosa), capim favorito (Rhynchelytrum repens), grama batatais (Papalum\" \/>\n<meta name=\"robots\" content=\"index, follow, max-snippet:-1, max-image-preview:large, max-video-preview:-1\" \/>\n<link rel=\"canonical\" href=\"https:\/\/minasgramados.com.br\/Loja\/produto\/herbicida-glifomato-frasco-100ml\/\" \/>\n<meta name=\"twitter:card\" content=\"summary_large_image\" \/>\n<meta name=\"twitter:title\" content=\"Herbicida GLIFOMATO (Frasco 100ml) - Minas Gramados\" \/>\n<meta name=\"twitter:description\" content=\"Contra plantas daninhas como a tiririca (Cyperus rotundus), pic\u00e3opreto (Bidens pilosa), capim favorito (Rhynchelytrum repens), grama batatais (Papalum\" \/>\n<meta name=\"twitter:image\" content=\"https:\/\/minasgramados.com.br\/Loja\/wp-content\/uploads\/2018\/10\/Herbicida-Glifomato-Frasco-100ml.jpg\" \/>\n<script type=\"application\/ld+json\" class=\"yoast-schema-graph\">{\"@context\":\"https:\\\/\\\/schema.org\",\"@graph\":[{\"@type\":\"WebPage\",\"@id\":\"https:\\\/\\\/minasgramados.com.br\\\/Loja\\\/produto\\\/herbicida-glifomato-frasco-100ml\\\/\",\"url\":\"https:\\\/\\\/minasgramados.com.br\\\/Loja\\\/produto\\\/herbicida-glifomato-frasco-100ml\\\/\",\"name\":\"Herbicida GLIFOMATO (Frasco 100ml) - Minas Gramados\",\"isPartOf\":{\"@id\":\"https:\\\/\\\/minasgramados.com.br\\\/Loja\\\/#website\"},\"primaryImageOfPage\":{\"@id\":\"https:\\\/\\\/minasgramados.com.br\\\/Loja\\\/produto\\\/herbicida-glifomato-frasco-100ml\\\/#primaryimage\"},\"image\":{\"@id\":\"https:\\\/\\\/minasgramados.com.br\\\/Loja\\\/produto\\\/herbicida-glifomato-frasco-100ml\\\/#primaryimage\"},\"thumbnailUrl\":\"https:\\\/\\\/minasgramados.com.br\\\/Loja\\\/wp-content\\\/uploads\\\/2018\\\/10\\\/Herbicida-Glifomato-Frasco-100ml.jpg\",\"datePublished\":\"2018-10-18T19:31:54+00:00\",\"dateModified\":\"2021-04-23T12:24:31+00:00\",\"description\":\"Contra plantas daninhas como a tiririca (Cyperus rotundus), pic\u00e3opreto (Bidens pilosa), capim favorito (Rhynchelytrum repens), grama batatais (Papalum\",\"breadcrumb\":{\"@id\":\"https:\\\/\\\/minasgramados.com.br\\\/Loja\\\/produto\\\/herbicida-glifomato-frasco-100ml\\\/#breadcrumb\"},\"inLanguage\":\"pt-BR\",\"potentialAction\":[{\"@type\":\"ReadAction\",\"target\":[\"https:\\\/\\\/minasgramados.com.br\\\/Loja\\\/produto\\\/herbicida-glifomato-frasco-100ml\\\/\"]}]},{\"@type\":\"ImageObject\",\"inLanguage\":\"pt-BR\",\"@id\":\"https:\\\/\\\/minasgramados.com.br\\\/Loja\\\/produto\\\/herbicida-glifomato-frasco-100ml\\\/#primaryimage\",\"url\":\"https:\\\/\\\/minasgramados.com.br\\\/Loja\\\/wp-content\\\/uploads\\\/2018\\\/10\\\/Herbicida-Glifomato-Frasco-100ml.jpg\",\"contentUrl\":\"https:\\\/\\\/minasgramados.com.br\\\/Loja\\\/wp-content\\\/uploads\\\/2018\\\/10\\\/Herbicida-Glifomato-Frasco-100ml.jpg\",\"width\":788,\"height\":445},{\"@type\":\"BreadcrumbList\",\"@id\":\"https:\\\/\\\/minasgramados.com.br\\\/Loja\\\/produto\\\/herbicida-glifomato-frasco-100ml\\\/#breadcrumb\",\"itemListElement\":[{\"@type\":\"ListItem\",\"position\":1,\"name\":\"In\u00edcio\",\"item\":\"https:\\\/\\\/minasgramados.com.br\\\/Loja\\\/\"},{\"@type\":\"ListItem\",\"position\":2,\"name\":\"Loja\",\"item\":\"https:\\\/\\\/minasgramados.com.br\\\/Loja\\\/loja-modelo-03\\\/\"},{\"@type\":\"ListItem\",\"position\":3,\"name\":\"Herbicida Glifomato (Frasco 100ml)\"}]},{\"@type\":\"WebSite\",\"@id\":\"https:\\\/\\\/minasgramados.com.br\\\/Loja\\\/#website\",\"url\":\"https:\\\/\\\/minasgramados.com.br\\\/Loja\\\/\",\"name\":\"Minas Gramados - Paisagismo e Hidrossemeadura.\",\"description\":\"Distribuidora de Gramas adubos sementes em Betim e no Brasil.\",\"publisher\":{\"@id\":\"https:\\\/\\\/minasgramados.com.br\\\/Loja\\\/#organization\"},\"potentialAction\":[{\"@type\":\"SearchAction\",\"target\":{\"@type\":\"EntryPoint\",\"urlTemplate\":\"https:\\\/\\\/minasgramados.com.br\\\/Loja\\\/?s={search_term_string}\"},\"query-input\":{\"@type\":\"PropertyValueSpecification\",\"valueRequired\":true,\"valueName\":\"search_term_string\"}}],\"inLanguage\":\"pt-BR\"},{\"@type\":\"Organization\",\"@id\":\"https:\\\/\\\/minasgramados.com.br\\\/Loja\\\/#organization\",\"name\":\"Minas Gramados - Paisagismo e Hidrossemeadura.\",\"url\":\"https:\\\/\\\/minasgramados.com.br\\\/Loja\\\/\",\"logo\":{\"@type\":\"ImageObject\",\"inLanguage\":\"pt-BR\",\"@id\":\"https:\\\/\\\/minasgramados.com.br\\\/Loja\\\/#\\\/schema\\\/logo\\\/image\\\/\",\"url\":\"https:\\\/\\\/minasgramados.com.br\\\/Loja\\\/wp-content\\\/uploads\\\/2018\\\/06\\\/gramados-original-1.gif\",\"contentUrl\":\"https:\\\/\\\/minasgramados.com.br\\\/Loja\\\/wp-content\\\/uploads\\\/2018\\\/06\\\/gramados-original-1.gif\",\"width\":600,\"height\":300,\"caption\":\"Minas Gramados - Paisagismo e Hidrossemeadura.\"},\"image\":{\"@id\":\"https:\\\/\\\/minasgramados.com.br\\\/Loja\\\/#\\\/schema\\\/logo\\\/image\\\/\"}}]}<\/script>\n<!-- \/ Yoast SEO plugin. -->","yoast_head_json":{"title":"Herbicida GLIFOMATO (Frasco 100ml) - Minas Gramados","description":"Contra plantas daninhas como a tiririca (Cyperus rotundus), pic\u00e3opreto (Bidens pilosa), capim favorito (Rhynchelytrum repens), grama batatais (Papalum","robots":{"index":"index","follow":"follow","max-snippet":"max-snippet:-1","max-image-preview":"max-image-preview:large","max-video-preview":"max-video-preview:-1"},"canonical":"https:\/\/minasgramados.com.br\/Loja\/produto\/herbicida-glifomato-frasco-100ml\/","twitter_card":"summary_large_image","twitter_title":"Herbicida GLIFOMATO (Frasco 100ml) - Minas Gramados","twitter_description":"Contra plantas daninhas como a tiririca (Cyperus rotundus), pic\u00e3opreto (Bidens pilosa), capim favorito (Rhynchelytrum repens), grama batatais (Papalum","twitter_image":"https:\/\/minasgramados.com.br\/Loja\/wp-content\/uploads\/2018\/10\/Herbicida-Glifomato-Frasco-100ml.jpg","schema":{"@context":"https:\/\/schema.org","@graph":[{"@type":"WebPage","@id":"https:\/\/minasgramados.com.br\/Loja\/produto\/herbicida-glifomato-frasco-100ml\/","url":"https:\/\/minasgramados.com.br\/Loja\/produto\/herbicida-glifomato-frasco-100ml\/","name":"Herbicida GLIFOMATO (Frasco 100ml) - Minas Gramados","isPartOf":{"@id":"https:\/\/minasgramados.com.br\/Loja\/#website"},"primaryImageOfPage":{"@id":"https:\/\/minasgramados.com.br\/Loja\/produto\/herbicida-glifomato-frasco-100ml\/#primaryimage"},"image":{"@id":"https:\/\/minasgramados.com.br\/Loja\/produto\/herbicida-glifomato-frasco-100ml\/#primaryimage"},"thumbnailUrl":"https:\/\/minasgramados.com.br\/Loja\/wp-content\/uploads\/2018\/10\/Herbicida-Glifomato-Frasco-100ml.jpg","datePublished":"2018-10-18T19:31:54+00:00","dateModified":"2021-04-23T12:24:31+00:00","description":"Contra plantas daninhas como a tiririca (Cyperus rotundus), pic\u00e3opreto (Bidens pilosa), capim favorito (Rhynchelytrum repens), grama batatais (Papalum","breadcrumb":{"@id":"https:\/\/minasgramados.com.br\/Loja\/produto\/herbicida-glifomato-frasco-100ml\/#breadcrumb"},"inLanguage":"pt-BR","potentialAction":[{"@type":"ReadAction","target":["https:\/\/minasgramados.com.br\/Loja\/produto\/herbicida-glifomato-frasco-100ml\/"]}]},{"@type":"ImageObject","inLanguage":"pt-BR","@id":"https:\/\/minasgramados.com.br\/Loja\/produto\/herbicida-glifomato-frasco-100ml\/#primaryimage","url":"https:\/\/minasgramados.com.br\/Loja\/wp-content\/uploads\/2018\/10\/Herbicida-Glifomato-Frasco-100ml.jpg","contentUrl":"https:\/\/minasgramados.com.br\/Loja\/wp-content\/uploads\/2018\/10\/Herbicida-Glifomato-Frasco-100ml.jpg","width":788,"height":445},{"@type":"BreadcrumbList","@id":"https:\/\/minasgramados.com.br\/Loja\/produto\/herbicida-glifomato-frasco-100ml\/#breadcrumb","itemListElement":[{"@type":"ListItem","position":1,"name":"In\u00edcio","item":"https:\/\/minasgramados.com.br\/Loja\/"},{"@type":"ListItem","position":2,"name":"Loja","item":"https:\/\/minasgramados.com.br\/Loja\/loja-modelo-03\/"},{"@type":"ListItem","position":3,"name":"Herbicida Glifomato (Frasco 100ml)"}]},{"@type":"WebSite","@id":"https:\/\/minasgramados.com.br\/Loja\/#website","url":"https:\/\/minasgramados.com.br\/Loja\/","name":"Minas Gramados - Paisagismo e Hidrossemeadura.","description":"Distribuidora de Gramas adubos sementes em Betim e no Brasil.","publisher":{"@id":"https:\/\/minasgramados.com.br\/Loja\/#organization"},"potentialAction":[{"@type":"SearchAction","target":{"@type":"EntryPoint","urlTemplate":"https:\/\/minasgramados.com.br\/Loja\/?s={search_term_string}"},"query-input":{"@type":"PropertyValueSpecification","valueRequired":true,"valueName":"search_term_string"}}],"inLanguage":"pt-BR"},{"@type":"Organization","@id":"https:\/\/minasgramados.com.br\/Loja\/#organization","name":"Minas Gramados - Paisagismo e Hidrossemeadura.","url":"https:\/\/minasgramados.com.br\/Loja\/","logo":{"@type":"ImageObject","inLanguage":"pt-BR","@id":"https:\/\/minasgramados.com.br\/Loja\/#\/schema\/logo\/image\/","url":"https:\/\/minasgramados.com.br\/Loja\/wp-content\/uploads\/2018\/06\/gramados-original-1.gif","contentUrl":"https:\/\/minasgramados.com.br\/Loja\/wp-content\/uploads\/2018\/06\/gramados-original-1.gif","width":600,"height":300,"caption":"Minas Gramados - Paisagismo e Hidrossemeadura."},"image":{"@id":"https:\/\/minasgramados.com.br\/Loja\/#\/schema\/logo\/image\/"}}]}},"_links":{"self":[{"href":"https:\/\/minasgramados.com.br\/Loja\/wp-json\/wp\/v2\/product\/2619","targetHints":{"allow":["GET"]}}],"collection":[{"href":"https:\/\/minasgramados.com.br\/Loja\/wp-json\/wp\/v2\/product"}],"about":[{"href":"https:\/\/minasgramados.com.br\/Loja\/wp-json\/wp\/v2\/types\/product"}],"wp:featuredmedia":[{"embeddable":true,"href":"https:\/\/minasgramados.com.br\/Loja\/wp-json\/wp\/v2\/media\/2620"}],"wp:attachment":[{"href":"https:\/\/minasgramados.com.br\/Loja\/wp-json\/wp\/v2\/media?parent=2619"}],"wp:term":[{"taxonomy":"product_brand","embeddable":true,"href":"https:\/\/minasgramados.com.br\/Loja\/wp-json\/wp\/v2\/product_brand?post=2619"},{"taxonomy":"product_cat","embeddable":true,"href":"https:\/\/minasgramados.com.br\/Loja\/wp-json\/wp\/v2\/product_cat?post=2619"},{"taxonomy":"product_tag","embeddable":true,"href":"https:\/\/minasgramados.com.br\/Loja\/wp-json\/wp\/v2\/product_tag?post=2619"}],"curies":[{"name":"wp","href":"https:\/\/api.w.org\/{rel}","templated":true}]}}