{"id":2626,"date":"2018-10-18T16:56:56","date_gmt":"2018-10-18T19:56:56","guid":{"rendered":"http:\/\/minasgramados.com.br\/Loja\/?post_type=product&#038;p=2626"},"modified":"2025-07-13T20:16:10","modified_gmt":"2025-07-13T23:16:10","slug":"isca-granulada-graoforte-formicida-10-pacotes-de-50g","status":"publish","type":"product","link":"https:\/\/minasgramados.com.br\/Loja\/produto\/isca-granulada-graoforte-formicida-10-pacotes-de-50g\/","title":{"rendered":"Isca Granulada GR\u00c3OFORTE &#8211; Formicida ( 10 pacotes de 50g)"},"content":{"rendered":"<p>Indica\u00e7\u00e3o:<br \/>\nA isca granulada GR\u00c3O FORTE insetimax, \u00e9 um produto elaborado com<br \/>\nSulfluramida, um eficiente princ\u00edpio ativo que elimina as formigas<br \/>\ncortadeiras em jardins amadores.<br \/>\nIngrediente Ativo: Sulfluramida 0,3%<br \/>\nGrupo Qu\u00edmico: Sulfonamida Fluoroalifatica<br \/>\nFormula\u00e7\u00e3o: Isca granulada<\/p>\n<p>Modo de Usar:<br \/>\nAplicar 10g por m\u00b2 de \u00e1rea do formigueiro. A Isca deve ser aplicada<br \/>\nao lado dos carreiros e pr\u00f3ximo aos olheiros onde houver maior<br \/>\nmovimenta\u00e7\u00e3o das formigas. Isto faz com que as formigas<br \/>\ncarreguem as iscas para dentro do seu habitat.<\/p>\n","protected":false},"excerpt":{"rendered":"<p>A isca granulada GR\u00c3O FORTE insetimax, \u00e9 um produto elaborado com Sulfluramida, um eficiente princ\u00edpio ativo que elimina as formigas cortadeiras em jardins amadores.<\/p>\n<p><strong>*Obs:<\/strong> Produto somente por encomenda.<\/p>\n","protected":false},"featured_media":2627,"template":"","meta":{"_joinchat":[]},"product_brand":[],"product_cat":[14,22],"product_tag":[],"class_list":{"0":"post-2626","1":"product","2":"type-product","3":"status-publish","4":"has-post-thumbnail","6":"product_cat-produtos-agropecuarios","7":"product_cat-defencivos-agriculos","8":"entry","9":"has-media","11":"first","12":"outofstock","13":"sale","14":"shipping-taxable","15":"purchasable","16":"product-type-simple","17":"col","18":"wpex-woo-entry","19":"span_1_of_4"},"yoast_head":"<!-- This site is optimized with the Yoast SEO plugin v27.4 - https:\/\/yoast.com\/product\/yoast-seo-wordpress\/ -->\n<title>Cupinicida Insetimaster (Frasco 100ml) - Minas Gramados<\/title>\n<meta name=\"description\" content=\"Formicida FORMIHOUSE GEL \u00e9 um inseticida pronto uso, elaborado com Imidacloprido, eficaz no controle de formigas doceiras ( amarelas)\" \/>\n<meta name=\"robots\" content=\"index, follow, max-snippet:-1, max-image-preview:large, max-video-preview:-1\" \/>\n<link rel=\"canonical\" href=\"https:\/\/minasgramados.com.br\/Loja\/produto\/isca-granulada-graoforte-formicida-10-pacotes-de-50g\/\" \/>\n<meta name=\"twitter:card\" content=\"summary_large_image\" \/>\n<meta name=\"twitter:title\" content=\"Cupinicida Insetimaster (Frasco 100ml) - Minas Gramados\" \/>\n<meta name=\"twitter:description\" content=\"Formicida FORMIHOUSE GEL \u00e9 um inseticida pronto uso, elaborado com Imidacloprido, eficaz no controle de formigas doceiras ( amarelas)\" \/>\n<meta name=\"twitter:image\" content=\"https:\/\/minasgramados.com.br\/Loja\/wp-content\/uploads\/2018\/10\/Isca-Granulada-GR\u00c3OFORTE-Formicida-10-pacotes-de-50g.jpg\" \/>\n<meta name=\"twitter:label1\" content=\"Est. tempo de leitura\" \/>\n\t<meta name=\"twitter:data1\" content=\"1 minuto\" \/>\n<script type=\"application\/ld+json\" class=\"yoast-schema-graph\">{\"@context\":\"https:\\\/\\\/schema.org\",\"@graph\":[{\"@type\":\"WebPage\",\"@id\":\"https:\\\/\\\/minasgramados.com.br\\\/Loja\\\/produto\\\/isca-granulada-graoforte-formicida-10-pacotes-de-50g\\\/\",\"url\":\"https:\\\/\\\/minasgramados.com.br\\\/Loja\\\/produto\\\/isca-granulada-graoforte-formicida-10-pacotes-de-50g\\\/\",\"name\":\"Cupinicida Insetimaster (Frasco 100ml) - Minas Gramados\",\"isPartOf\":{\"@id\":\"https:\\\/\\\/minasgramados.com.br\\\/Loja\\\/#website\"},\"primaryImageOfPage\":{\"@id\":\"https:\\\/\\\/minasgramados.com.br\\\/Loja\\\/produto\\\/isca-granulada-graoforte-formicida-10-pacotes-de-50g\\\/#primaryimage\"},\"image\":{\"@id\":\"https:\\\/\\\/minasgramados.com.br\\\/Loja\\\/produto\\\/isca-granulada-graoforte-formicida-10-pacotes-de-50g\\\/#primaryimage\"},\"thumbnailUrl\":\"https:\\\/\\\/minasgramados.com.br\\\/Loja\\\/wp-content\\\/uploads\\\/2018\\\/10\\\/Isca-Granulada-GR\u00c3OFORTE-Formicida-10-pacotes-de-50g.jpg\",\"datePublished\":\"2018-10-18T19:56:56+00:00\",\"dateModified\":\"2025-07-13T23:16:10+00:00\",\"description\":\"Formicida FORMIHOUSE GEL \u00e9 um inseticida pronto uso, elaborado com Imidacloprido, eficaz no controle de formigas doceiras ( amarelas)\",\"breadcrumb\":{\"@id\":\"https:\\\/\\\/minasgramados.com.br\\\/Loja\\\/produto\\\/isca-granulada-graoforte-formicida-10-pacotes-de-50g\\\/#breadcrumb\"},\"inLanguage\":\"pt-BR\",\"potentialAction\":[{\"@type\":\"ReadAction\",\"target\":[\"https:\\\/\\\/minasgramados.com.br\\\/Loja\\\/produto\\\/isca-granulada-graoforte-formicida-10-pacotes-de-50g\\\/\"]}]},{\"@type\":\"ImageObject\",\"inLanguage\":\"pt-BR\",\"@id\":\"https:\\\/\\\/minasgramados.com.br\\\/Loja\\\/produto\\\/isca-granulada-graoforte-formicida-10-pacotes-de-50g\\\/#primaryimage\",\"url\":\"https:\\\/\\\/minasgramados.com.br\\\/Loja\\\/wp-content\\\/uploads\\\/2018\\\/10\\\/Isca-Granulada-GR\u00c3OFORTE-Formicida-10-pacotes-de-50g.jpg\",\"contentUrl\":\"https:\\\/\\\/minasgramados.com.br\\\/Loja\\\/wp-content\\\/uploads\\\/2018\\\/10\\\/Isca-Granulada-GR\u00c3OFORTE-Formicida-10-pacotes-de-50g.jpg\",\"width\":788,\"height\":445},{\"@type\":\"BreadcrumbList\",\"@id\":\"https:\\\/\\\/minasgramados.com.br\\\/Loja\\\/produto\\\/isca-granulada-graoforte-formicida-10-pacotes-de-50g\\\/#breadcrumb\",\"itemListElement\":[{\"@type\":\"ListItem\",\"position\":1,\"name\":\"In\u00edcio\",\"item\":\"https:\\\/\\\/minasgramados.com.br\\\/Loja\\\/\"},{\"@type\":\"ListItem\",\"position\":2,\"name\":\"Loja\",\"item\":\"https:\\\/\\\/minasgramados.com.br\\\/Loja\\\/loja-modelo-03\\\/\"},{\"@type\":\"ListItem\",\"position\":3,\"name\":\"Isca Granulada GR\u00c3OFORTE &#8211; Formicida ( 10 pacotes de 50g)\"}]},{\"@type\":\"WebSite\",\"@id\":\"https:\\\/\\\/minasgramados.com.br\\\/Loja\\\/#website\",\"url\":\"https:\\\/\\\/minasgramados.com.br\\\/Loja\\\/\",\"name\":\"Minas Gramados - Paisagismo e Hidrossemeadura.\",\"description\":\"Distribuidora de Gramas adubos sementes em Betim e no Brasil.\",\"publisher\":{\"@id\":\"https:\\\/\\\/minasgramados.com.br\\\/Loja\\\/#organization\"},\"potentialAction\":[{\"@type\":\"SearchAction\",\"target\":{\"@type\":\"EntryPoint\",\"urlTemplate\":\"https:\\\/\\\/minasgramados.com.br\\\/Loja\\\/?s={search_term_string}\"},\"query-input\":{\"@type\":\"PropertyValueSpecification\",\"valueRequired\":true,\"valueName\":\"search_term_string\"}}],\"inLanguage\":\"pt-BR\"},{\"@type\":\"Organization\",\"@id\":\"https:\\\/\\\/minasgramados.com.br\\\/Loja\\\/#organization\",\"name\":\"Minas Gramados - Paisagismo e Hidrossemeadura.\",\"url\":\"https:\\\/\\\/minasgramados.com.br\\\/Loja\\\/\",\"logo\":{\"@type\":\"ImageObject\",\"inLanguage\":\"pt-BR\",\"@id\":\"https:\\\/\\\/minasgramados.com.br\\\/Loja\\\/#\\\/schema\\\/logo\\\/image\\\/\",\"url\":\"https:\\\/\\\/minasgramados.com.br\\\/Loja\\\/wp-content\\\/uploads\\\/2018\\\/06\\\/gramados-original-1.gif\",\"contentUrl\":\"https:\\\/\\\/minasgramados.com.br\\\/Loja\\\/wp-content\\\/uploads\\\/2018\\\/06\\\/gramados-original-1.gif\",\"width\":600,\"height\":300,\"caption\":\"Minas Gramados - Paisagismo e Hidrossemeadura.\"},\"image\":{\"@id\":\"https:\\\/\\\/minasgramados.com.br\\\/Loja\\\/#\\\/schema\\\/logo\\\/image\\\/\"}}]}<\/script>\n<!-- \/ Yoast SEO plugin. -->","yoast_head_json":{"title":"Cupinicida Insetimaster (Frasco 100ml) - Minas Gramados","description":"Formicida FORMIHOUSE GEL \u00e9 um inseticida pronto uso, elaborado com Imidacloprido, eficaz no controle de formigas doceiras ( amarelas)","robots":{"index":"index","follow":"follow","max-snippet":"max-snippet:-1","max-image-preview":"max-image-preview:large","max-video-preview":"max-video-preview:-1"},"canonical":"https:\/\/minasgramados.com.br\/Loja\/produto\/isca-granulada-graoforte-formicida-10-pacotes-de-50g\/","twitter_card":"summary_large_image","twitter_title":"Cupinicida Insetimaster (Frasco 100ml) - Minas Gramados","twitter_description":"Formicida FORMIHOUSE GEL \u00e9 um inseticida pronto uso, elaborado com Imidacloprido, eficaz no controle de formigas doceiras ( amarelas)","twitter_image":"https:\/\/minasgramados.com.br\/Loja\/wp-content\/uploads\/2018\/10\/Isca-Granulada-GR\u00c3OFORTE-Formicida-10-pacotes-de-50g.jpg","twitter_misc":{"Est. tempo de leitura":"1 minuto"},"schema":{"@context":"https:\/\/schema.org","@graph":[{"@type":"WebPage","@id":"https:\/\/minasgramados.com.br\/Loja\/produto\/isca-granulada-graoforte-formicida-10-pacotes-de-50g\/","url":"https:\/\/minasgramados.com.br\/Loja\/produto\/isca-granulada-graoforte-formicida-10-pacotes-de-50g\/","name":"Cupinicida Insetimaster (Frasco 100ml) - Minas Gramados","isPartOf":{"@id":"https:\/\/minasgramados.com.br\/Loja\/#website"},"primaryImageOfPage":{"@id":"https:\/\/minasgramados.com.br\/Loja\/produto\/isca-granulada-graoforte-formicida-10-pacotes-de-50g\/#primaryimage"},"image":{"@id":"https:\/\/minasgramados.com.br\/Loja\/produto\/isca-granulada-graoforte-formicida-10-pacotes-de-50g\/#primaryimage"},"thumbnailUrl":"https:\/\/minasgramados.com.br\/Loja\/wp-content\/uploads\/2018\/10\/Isca-Granulada-GR\u00c3OFORTE-Formicida-10-pacotes-de-50g.jpg","datePublished":"2018-10-18T19:56:56+00:00","dateModified":"2025-07-13T23:16:10+00:00","description":"Formicida FORMIHOUSE GEL \u00e9 um inseticida pronto uso, elaborado com Imidacloprido, eficaz no controle de formigas doceiras ( amarelas)","breadcrumb":{"@id":"https:\/\/minasgramados.com.br\/Loja\/produto\/isca-granulada-graoforte-formicida-10-pacotes-de-50g\/#breadcrumb"},"inLanguage":"pt-BR","potentialAction":[{"@type":"ReadAction","target":["https:\/\/minasgramados.com.br\/Loja\/produto\/isca-granulada-graoforte-formicida-10-pacotes-de-50g\/"]}]},{"@type":"ImageObject","inLanguage":"pt-BR","@id":"https:\/\/minasgramados.com.br\/Loja\/produto\/isca-granulada-graoforte-formicida-10-pacotes-de-50g\/#primaryimage","url":"https:\/\/minasgramados.com.br\/Loja\/wp-content\/uploads\/2018\/10\/Isca-Granulada-GR\u00c3OFORTE-Formicida-10-pacotes-de-50g.jpg","contentUrl":"https:\/\/minasgramados.com.br\/Loja\/wp-content\/uploads\/2018\/10\/Isca-Granulada-GR\u00c3OFORTE-Formicida-10-pacotes-de-50g.jpg","width":788,"height":445},{"@type":"BreadcrumbList","@id":"https:\/\/minasgramados.com.br\/Loja\/produto\/isca-granulada-graoforte-formicida-10-pacotes-de-50g\/#breadcrumb","itemListElement":[{"@type":"ListItem","position":1,"name":"In\u00edcio","item":"https:\/\/minasgramados.com.br\/Loja\/"},{"@type":"ListItem","position":2,"name":"Loja","item":"https:\/\/minasgramados.com.br\/Loja\/loja-modelo-03\/"},{"@type":"ListItem","position":3,"name":"Isca Granulada GR\u00c3OFORTE &#8211; Formicida ( 10 pacotes de 50g)"}]},{"@type":"WebSite","@id":"https:\/\/minasgramados.com.br\/Loja\/#website","url":"https:\/\/minasgramados.com.br\/Loja\/","name":"Minas Gramados - Paisagismo e Hidrossemeadura.","description":"Distribuidora de Gramas adubos sementes em Betim e no Brasil.","publisher":{"@id":"https:\/\/minasgramados.com.br\/Loja\/#organization"},"potentialAction":[{"@type":"SearchAction","target":{"@type":"EntryPoint","urlTemplate":"https:\/\/minasgramados.com.br\/Loja\/?s={search_term_string}"},"query-input":{"@type":"PropertyValueSpecification","valueRequired":true,"valueName":"search_term_string"}}],"inLanguage":"pt-BR"},{"@type":"Organization","@id":"https:\/\/minasgramados.com.br\/Loja\/#organization","name":"Minas Gramados - Paisagismo e Hidrossemeadura.","url":"https:\/\/minasgramados.com.br\/Loja\/","logo":{"@type":"ImageObject","inLanguage":"pt-BR","@id":"https:\/\/minasgramados.com.br\/Loja\/#\/schema\/logo\/image\/","url":"https:\/\/minasgramados.com.br\/Loja\/wp-content\/uploads\/2018\/06\/gramados-original-1.gif","contentUrl":"https:\/\/minasgramados.com.br\/Loja\/wp-content\/uploads\/2018\/06\/gramados-original-1.gif","width":600,"height":300,"caption":"Minas Gramados - Paisagismo e Hidrossemeadura."},"image":{"@id":"https:\/\/minasgramados.com.br\/Loja\/#\/schema\/logo\/image\/"}}]}},"_links":{"self":[{"href":"https:\/\/minasgramados.com.br\/Loja\/wp-json\/wp\/v2\/product\/2626","targetHints":{"allow":["GET"]}}],"collection":[{"href":"https:\/\/minasgramados.com.br\/Loja\/wp-json\/wp\/v2\/product"}],"about":[{"href":"https:\/\/minasgramados.com.br\/Loja\/wp-json\/wp\/v2\/types\/product"}],"wp:featuredmedia":[{"embeddable":true,"href":"https:\/\/minasgramados.com.br\/Loja\/wp-json\/wp\/v2\/media\/2627"}],"wp:attachment":[{"href":"https:\/\/minasgramados.com.br\/Loja\/wp-json\/wp\/v2\/media?parent=2626"}],"wp:term":[{"taxonomy":"product_brand","embeddable":true,"href":"https:\/\/minasgramados.com.br\/Loja\/wp-json\/wp\/v2\/product_brand?post=2626"},{"taxonomy":"product_cat","embeddable":true,"href":"https:\/\/minasgramados.com.br\/Loja\/wp-json\/wp\/v2\/product_cat?post=2626"},{"taxonomy":"product_tag","embeddable":true,"href":"https:\/\/minasgramados.com.br\/Loja\/wp-json\/wp\/v2\/product_tag?post=2626"}],"curies":[{"name":"wp","href":"https:\/\/api.w.org\/{rel}","templated":true}]}}