{"id":2685,"date":"2018-11-09T15:44:49","date_gmt":"2018-11-09T18:44:49","guid":{"rendered":"http:\/\/minasgramados.com.br\/Loja\/?post_type=product&#038;p=2685"},"modified":"2023-07-20T12:17:11","modified_gmt":"2023-07-20T15:17:11","slug":"estacas-de-bambu-para-gramas-e-biomantas-pacote-100unid","status":"publish","type":"product","link":"https:\/\/minasgramados.com.br\/Loja\/produto\/estacas-de-bambu-para-gramas-e-biomantas-pacote-100unid\/","title":{"rendered":"Estacas de bambu p\/ gramas e biomantas (Pacote c\/ 100unid)"},"content":{"rendered":"<p style=\"text-align: justify;\">A Boa fixa\u00e7\u00e3o das biomantas garantir\u00e1 o sucesso do trabalho. Esta fixa\u00e7\u00e3o poder\u00e1 ser feita com grampos de a\u00e7o e ou estacas de bambu , de tamanhos e formas variadas, devendo ser aplicada conforme detalhado em projeto, de acordo com as caracter\u00edsticas espec\u00edficas do local a ser protegido ou recuperado.<\/p>\n<p style=\"text-align: justify;\">\u00c9 importante salientar que quanto melhor for \u00e0 fixa\u00e7\u00e3o da biomanta ao solo, maior seguran\u00e7a ser\u00e1 conferida ao projeto. A fixa\u00e7\u00e3o inadequada da biomanta gerar\u00e1 dificuldade para que a vegeta\u00e7\u00e3o a ultrapasse o que poder\u00e1 gerar focos erosivos no local de m\u00e1 ader\u00eancia, devido ao escoamento livre da \u00e1gua na superf\u00edcie do talude, sem contato com a biomanta. O n\u00famero de grampos ou estacas por unidade de \u00e1rea depende da inclina\u00e7\u00e3o do talude, suscetibilidade \u00e0 eros\u00e3o, tipo do material, seguran\u00e7a requerida para o local e regulariza\u00e7\u00e3o da \u00e1rea.<\/p>\n<p style=\"text-align: justify;\">Os taludes j\u00e1 totalmente regularizados exigem menor rigor na fixa\u00e7\u00e3o. Taludes parcialmente regularizados, sem regulariza\u00e7\u00e3o, de grande inclina\u00e7\u00e3o ou com grande suscetibilidade \u00e0 eros\u00e3o, devem utilizar um maior n\u00famero de grampos por \u00e1rea. Em solos n\u00e3o coesos e arenosos dever\u00e3o ser utilizados grampos mais compridos. Os esquemas a seguir mostram como fixar adequadamente as biomantas, de acordo com a<br \/>\ninclina\u00e7\u00e3o dos taludes (H:V).<\/p>\n<p><strong>Descri\u00e7\u00e3o das estacas :<\/strong><\/p>\n<div>Medida: 30 ou 50 cm<\/div>\n<div>Espessura m\u00e9dia: 4 ou 7 mm<\/div>\n<div>Pacotes: 100 unidades cada.<\/div>\n<div><\/div>\n<div>ATEN\u00c7\u00c3O: Nossas vendas em nossa loja F\u00edsica\/virtual \u00e9 somente para compra m\u00ednima de 10 Pacotes com 100 Unidades cada;\u00a0 sendo para entrega dentro de BH e Regi\u00e3o, outras cidades e estados venda m\u00ednima \u00e9 a mesma ou mais e o frete \u00e9 a parte, d\u00favidas entrar em contato com o nosso SAC para tirar suas d\u00favidas.(Lembrando que o valor acima e para a compra de no M\u00cdNIMO de 10 Pacotes com 100 Unidades).<\/div>\n","protected":false},"excerpt":{"rendered":"<p>Estacas para fixa\u00e7\u00e3o de Mantas Vegetais \u00e9 feita com grampos de a\u00e7o e ou estacas de bambu de tamanhos e formas variadas, podendo ser usado em Gramas em placas para taludes devendo ser aplicada conforme detalhado em projeto, D\u00favidas entrar em contato com o nosso SAC. (Venda m\u00ednima de 10 pacotes) *<span style=\"color: #ff0000;\">Obs: Pre\u00e7os acima por pacote com media de 100 unidades,(Lembrando que o valor acima \u00e9 para a compra M\u00cdNIMA de 10 Pacotes com 100 Unidades). Pedidos somente por encomenda, por via\u00a0 telefone e ordem de compra.<\/span><\/p>\n","protected":false},"featured_media":2687,"template":"","meta":{"_joinchat":[]},"product_brand":[],"product_cat":[67,9,10],"product_tag":[],"class_list":{"0":"post-2685","1":"product","2":"type-product","3":"status-publish","4":"has-post-thumbnail","6":"product_cat-sem-categoria","7":"product_cat-hidrossemeadura","8":"product_cat-mantas-grampos-e-retentores","9":"entry","10":"has-media","12":"first","13":"outofstock","14":"sale","15":"shipping-taxable","16":"purchasable","17":"product-type-simple","18":"col","19":"wpex-woo-entry","20":"span_1_of_4"},"yoast_head":"<!-- This site is optimized with the Yoast SEO plugin v27.3 - https:\/\/yoast.com\/product\/yoast-seo-wordpress\/ -->\n<title>Estacas de bambu p\/ gramas e biomantas (Pacote c\/ 100unid) - Minas Gramados - Paisagismo e Hidrossemeadura.<\/title>\n<meta name=\"robots\" content=\"index, follow, max-snippet:-1, max-image-preview:large, max-video-preview:-1\" \/>\n<link rel=\"canonical\" href=\"https:\/\/minasgramados.com.br\/Loja\/produto\/estacas-de-bambu-para-gramas-e-biomantas-pacote-100unid\/\" \/>\n<meta name=\"twitter:card\" content=\"summary_large_image\" \/>\n<meta name=\"twitter:title\" content=\"Estacas de bambu p\/ gramas e biomantas (Pacote c\/ 100unid) - Minas Gramados - Paisagismo e Hidrossemeadura.\" \/>\n<meta name=\"twitter:description\" content=\"Estacas para fixa\u00e7\u00e3o de Mantas Vegetais \u00e9 feita com grampos de a\u00e7o e ou estacas de bambu de tamanhos e formas variadas, podendo ser usado em Gramas em placas para taludes devendo ser aplicada conforme detalhado em projeto, D\u00favidas entrar em contato com o nosso SAC. (Venda m\u00ednima de 10 pacotes) *Obs: Pre\u00e7os acima por pacote com media de 100 unidades,(Lembrando que o valor acima \u00e9 para a compra M\u00cdNIMA de 10 Pacotes com 100 Unidades). Pedidos somente por encomenda, por via\u00a0 telefone e ordem de compra.\" \/>\n<meta name=\"twitter:image\" content=\"https:\/\/minasgramados.com.br\/Loja\/wp-content\/uploads\/2018\/11\/Estacas-de-Bamb\u00fa-Out-2018.jpg\" \/>\n<meta name=\"twitter:label1\" content=\"Est. tempo de leitura\" \/>\n\t<meta name=\"twitter:data1\" content=\"2 minutos\" \/>\n<script type=\"application\/ld+json\" class=\"yoast-schema-graph\">{\"@context\":\"https:\\\/\\\/schema.org\",\"@graph\":[{\"@type\":\"WebPage\",\"@id\":\"https:\\\/\\\/minasgramados.com.br\\\/Loja\\\/produto\\\/estacas-de-bambu-para-gramas-e-biomantas-pacote-100unid\\\/\",\"url\":\"https:\\\/\\\/minasgramados.com.br\\\/Loja\\\/produto\\\/estacas-de-bambu-para-gramas-e-biomantas-pacote-100unid\\\/\",\"name\":\"Estacas de bambu p\\\/ gramas e biomantas (Pacote c\\\/ 100unid) - Minas Gramados - Paisagismo e Hidrossemeadura.\",\"isPartOf\":{\"@id\":\"https:\\\/\\\/minasgramados.com.br\\\/Loja\\\/#website\"},\"primaryImageOfPage\":{\"@id\":\"https:\\\/\\\/minasgramados.com.br\\\/Loja\\\/produto\\\/estacas-de-bambu-para-gramas-e-biomantas-pacote-100unid\\\/#primaryimage\"},\"image\":{\"@id\":\"https:\\\/\\\/minasgramados.com.br\\\/Loja\\\/produto\\\/estacas-de-bambu-para-gramas-e-biomantas-pacote-100unid\\\/#primaryimage\"},\"thumbnailUrl\":\"https:\\\/\\\/minasgramados.com.br\\\/Loja\\\/wp-content\\\/uploads\\\/2018\\\/11\\\/Estacas-de-Bamb\u00fa-Out-2018.jpg\",\"datePublished\":\"2018-11-09T18:44:49+00:00\",\"dateModified\":\"2023-07-20T15:17:11+00:00\",\"breadcrumb\":{\"@id\":\"https:\\\/\\\/minasgramados.com.br\\\/Loja\\\/produto\\\/estacas-de-bambu-para-gramas-e-biomantas-pacote-100unid\\\/#breadcrumb\"},\"inLanguage\":\"pt-BR\",\"potentialAction\":[{\"@type\":\"ReadAction\",\"target\":[\"https:\\\/\\\/minasgramados.com.br\\\/Loja\\\/produto\\\/estacas-de-bambu-para-gramas-e-biomantas-pacote-100unid\\\/\"]}]},{\"@type\":\"ImageObject\",\"inLanguage\":\"pt-BR\",\"@id\":\"https:\\\/\\\/minasgramados.com.br\\\/Loja\\\/produto\\\/estacas-de-bambu-para-gramas-e-biomantas-pacote-100unid\\\/#primaryimage\",\"url\":\"https:\\\/\\\/minasgramados.com.br\\\/Loja\\\/wp-content\\\/uploads\\\/2018\\\/11\\\/Estacas-de-Bamb\u00fa-Out-2018.jpg\",\"contentUrl\":\"https:\\\/\\\/minasgramados.com.br\\\/Loja\\\/wp-content\\\/uploads\\\/2018\\\/11\\\/Estacas-de-Bamb\u00fa-Out-2018.jpg\",\"width\":800,\"height\":556},{\"@type\":\"BreadcrumbList\",\"@id\":\"https:\\\/\\\/minasgramados.com.br\\\/Loja\\\/produto\\\/estacas-de-bambu-para-gramas-e-biomantas-pacote-100unid\\\/#breadcrumb\",\"itemListElement\":[{\"@type\":\"ListItem\",\"position\":1,\"name\":\"In\u00edcio\",\"item\":\"https:\\\/\\\/minasgramados.com.br\\\/Loja\\\/\"},{\"@type\":\"ListItem\",\"position\":2,\"name\":\"Loja\",\"item\":\"https:\\\/\\\/minasgramados.com.br\\\/Loja\\\/loja-modelo-03\\\/\"},{\"@type\":\"ListItem\",\"position\":3,\"name\":\"Estacas de bambu p\\\/ gramas e biomantas (Pacote c\\\/ 100unid)\"}]},{\"@type\":\"WebSite\",\"@id\":\"https:\\\/\\\/minasgramados.com.br\\\/Loja\\\/#website\",\"url\":\"https:\\\/\\\/minasgramados.com.br\\\/Loja\\\/\",\"name\":\"Minas Gramados - Paisagismo e Hidrossemeadura.\",\"description\":\"Distribuidora de Gramas adubos sementes em Betim e no Brasil.\",\"publisher\":{\"@id\":\"https:\\\/\\\/minasgramados.com.br\\\/Loja\\\/#organization\"},\"potentialAction\":[{\"@type\":\"SearchAction\",\"target\":{\"@type\":\"EntryPoint\",\"urlTemplate\":\"https:\\\/\\\/minasgramados.com.br\\\/Loja\\\/?s={search_term_string}\"},\"query-input\":{\"@type\":\"PropertyValueSpecification\",\"valueRequired\":true,\"valueName\":\"search_term_string\"}}],\"inLanguage\":\"pt-BR\"},{\"@type\":\"Organization\",\"@id\":\"https:\\\/\\\/minasgramados.com.br\\\/Loja\\\/#organization\",\"name\":\"Minas Gramados - Paisagismo e Hidrossemeadura.\",\"url\":\"https:\\\/\\\/minasgramados.com.br\\\/Loja\\\/\",\"logo\":{\"@type\":\"ImageObject\",\"inLanguage\":\"pt-BR\",\"@id\":\"https:\\\/\\\/minasgramados.com.br\\\/Loja\\\/#\\\/schema\\\/logo\\\/image\\\/\",\"url\":\"https:\\\/\\\/minasgramados.com.br\\\/Loja\\\/wp-content\\\/uploads\\\/2018\\\/06\\\/gramados-original-1.gif\",\"contentUrl\":\"https:\\\/\\\/minasgramados.com.br\\\/Loja\\\/wp-content\\\/uploads\\\/2018\\\/06\\\/gramados-original-1.gif\",\"width\":600,\"height\":300,\"caption\":\"Minas Gramados - Paisagismo e Hidrossemeadura.\"},\"image\":{\"@id\":\"https:\\\/\\\/minasgramados.com.br\\\/Loja\\\/#\\\/schema\\\/logo\\\/image\\\/\"}}]}<\/script>\n<!-- \/ Yoast SEO plugin. -->","yoast_head_json":{"title":"Estacas de bambu p\/ gramas e biomantas (Pacote c\/ 100unid) - Minas Gramados - Paisagismo e Hidrossemeadura.","robots":{"index":"index","follow":"follow","max-snippet":"max-snippet:-1","max-image-preview":"max-image-preview:large","max-video-preview":"max-video-preview:-1"},"canonical":"https:\/\/minasgramados.com.br\/Loja\/produto\/estacas-de-bambu-para-gramas-e-biomantas-pacote-100unid\/","twitter_card":"summary_large_image","twitter_title":"Estacas de bambu p\/ gramas e biomantas (Pacote c\/ 100unid) - Minas Gramados - Paisagismo e Hidrossemeadura.","twitter_description":"Estacas para fixa\u00e7\u00e3o de Mantas Vegetais \u00e9 feita com grampos de a\u00e7o e ou estacas de bambu de tamanhos e formas variadas, podendo ser usado em Gramas em placas para taludes devendo ser aplicada conforme detalhado em projeto, D\u00favidas entrar em contato com o nosso SAC. (Venda m\u00ednima de 10 pacotes) *Obs: Pre\u00e7os acima por pacote com media de 100 unidades,(Lembrando que o valor acima \u00e9 para a compra M\u00cdNIMA de 10 Pacotes com 100 Unidades). Pedidos somente por encomenda, por via\u00a0 telefone e ordem de compra.","twitter_image":"https:\/\/minasgramados.com.br\/Loja\/wp-content\/uploads\/2018\/11\/Estacas-de-Bamb\u00fa-Out-2018.jpg","twitter_misc":{"Est. tempo de leitura":"2 minutos"},"schema":{"@context":"https:\/\/schema.org","@graph":[{"@type":"WebPage","@id":"https:\/\/minasgramados.com.br\/Loja\/produto\/estacas-de-bambu-para-gramas-e-biomantas-pacote-100unid\/","url":"https:\/\/minasgramados.com.br\/Loja\/produto\/estacas-de-bambu-para-gramas-e-biomantas-pacote-100unid\/","name":"Estacas de bambu p\/ gramas e biomantas (Pacote c\/ 100unid) - Minas Gramados - Paisagismo e Hidrossemeadura.","isPartOf":{"@id":"https:\/\/minasgramados.com.br\/Loja\/#website"},"primaryImageOfPage":{"@id":"https:\/\/minasgramados.com.br\/Loja\/produto\/estacas-de-bambu-para-gramas-e-biomantas-pacote-100unid\/#primaryimage"},"image":{"@id":"https:\/\/minasgramados.com.br\/Loja\/produto\/estacas-de-bambu-para-gramas-e-biomantas-pacote-100unid\/#primaryimage"},"thumbnailUrl":"https:\/\/minasgramados.com.br\/Loja\/wp-content\/uploads\/2018\/11\/Estacas-de-Bamb\u00fa-Out-2018.jpg","datePublished":"2018-11-09T18:44:49+00:00","dateModified":"2023-07-20T15:17:11+00:00","breadcrumb":{"@id":"https:\/\/minasgramados.com.br\/Loja\/produto\/estacas-de-bambu-para-gramas-e-biomantas-pacote-100unid\/#breadcrumb"},"inLanguage":"pt-BR","potentialAction":[{"@type":"ReadAction","target":["https:\/\/minasgramados.com.br\/Loja\/produto\/estacas-de-bambu-para-gramas-e-biomantas-pacote-100unid\/"]}]},{"@type":"ImageObject","inLanguage":"pt-BR","@id":"https:\/\/minasgramados.com.br\/Loja\/produto\/estacas-de-bambu-para-gramas-e-biomantas-pacote-100unid\/#primaryimage","url":"https:\/\/minasgramados.com.br\/Loja\/wp-content\/uploads\/2018\/11\/Estacas-de-Bamb\u00fa-Out-2018.jpg","contentUrl":"https:\/\/minasgramados.com.br\/Loja\/wp-content\/uploads\/2018\/11\/Estacas-de-Bamb\u00fa-Out-2018.jpg","width":800,"height":556},{"@type":"BreadcrumbList","@id":"https:\/\/minasgramados.com.br\/Loja\/produto\/estacas-de-bambu-para-gramas-e-biomantas-pacote-100unid\/#breadcrumb","itemListElement":[{"@type":"ListItem","position":1,"name":"In\u00edcio","item":"https:\/\/minasgramados.com.br\/Loja\/"},{"@type":"ListItem","position":2,"name":"Loja","item":"https:\/\/minasgramados.com.br\/Loja\/loja-modelo-03\/"},{"@type":"ListItem","position":3,"name":"Estacas de bambu p\/ gramas e biomantas (Pacote c\/ 100unid)"}]},{"@type":"WebSite","@id":"https:\/\/minasgramados.com.br\/Loja\/#website","url":"https:\/\/minasgramados.com.br\/Loja\/","name":"Minas Gramados - Paisagismo e Hidrossemeadura.","description":"Distribuidora de Gramas adubos sementes em Betim e no Brasil.","publisher":{"@id":"https:\/\/minasgramados.com.br\/Loja\/#organization"},"potentialAction":[{"@type":"SearchAction","target":{"@type":"EntryPoint","urlTemplate":"https:\/\/minasgramados.com.br\/Loja\/?s={search_term_string}"},"query-input":{"@type":"PropertyValueSpecification","valueRequired":true,"valueName":"search_term_string"}}],"inLanguage":"pt-BR"},{"@type":"Organization","@id":"https:\/\/minasgramados.com.br\/Loja\/#organization","name":"Minas Gramados - Paisagismo e Hidrossemeadura.","url":"https:\/\/minasgramados.com.br\/Loja\/","logo":{"@type":"ImageObject","inLanguage":"pt-BR","@id":"https:\/\/minasgramados.com.br\/Loja\/#\/schema\/logo\/image\/","url":"https:\/\/minasgramados.com.br\/Loja\/wp-content\/uploads\/2018\/06\/gramados-original-1.gif","contentUrl":"https:\/\/minasgramados.com.br\/Loja\/wp-content\/uploads\/2018\/06\/gramados-original-1.gif","width":600,"height":300,"caption":"Minas Gramados - Paisagismo e Hidrossemeadura."},"image":{"@id":"https:\/\/minasgramados.com.br\/Loja\/#\/schema\/logo\/image\/"}}]}},"_links":{"self":[{"href":"https:\/\/minasgramados.com.br\/Loja\/wp-json\/wp\/v2\/product\/2685","targetHints":{"allow":["GET"]}}],"collection":[{"href":"https:\/\/minasgramados.com.br\/Loja\/wp-json\/wp\/v2\/product"}],"about":[{"href":"https:\/\/minasgramados.com.br\/Loja\/wp-json\/wp\/v2\/types\/product"}],"wp:featuredmedia":[{"embeddable":true,"href":"https:\/\/minasgramados.com.br\/Loja\/wp-json\/wp\/v2\/media\/2687"}],"wp:attachment":[{"href":"https:\/\/minasgramados.com.br\/Loja\/wp-json\/wp\/v2\/media?parent=2685"}],"wp:term":[{"taxonomy":"product_brand","embeddable":true,"href":"https:\/\/minasgramados.com.br\/Loja\/wp-json\/wp\/v2\/product_brand?post=2685"},{"taxonomy":"product_cat","embeddable":true,"href":"https:\/\/minasgramados.com.br\/Loja\/wp-json\/wp\/v2\/product_cat?post=2685"},{"taxonomy":"product_tag","embeddable":true,"href":"https:\/\/minasgramados.com.br\/Loja\/wp-json\/wp\/v2\/product_tag?post=2685"}],"curies":[{"name":"wp","href":"https:\/\/api.w.org\/{rel}","templated":true}]}}