{"id":2754,"date":"2019-03-11T15:57:40","date_gmt":"2019-03-11T18:57:40","guid":{"rendered":"http:\/\/minasgramados.com.br\/Loja\/?post_type=product&#038;p=2754"},"modified":"2025-07-13T20:04:44","modified_gmt":"2025-07-13T23:04:44","slug":"herbicida-para-tiriricas-frasco-de-1-litro","status":"publish","type":"product","link":"https:\/\/minasgramados.com.br\/Loja\/produto\/herbicida-para-tiriricas-frasco-de-1-litro\/","title":{"rendered":"Herbicida para Tiriricas.(Frasco1 Litro)"},"content":{"rendered":"<p style=\"text-align: justify;\">HERBICIDA GRAMIZAP MAX20 (SELETIVO): Atua sobre a tiririca e ervas daninhas de folhas largas,<\/p>\n<p style=\"text-align: justify;\">Herbicida de 01 Litro que elimina tiriricas e varias outras ervas de folhas largas dos gramados e hortali\u00e7as<\/p>\n<p style=\"text-align: justify;\">S\u00e3o herbicidas com a\u00e7\u00e3o p\u00f3s-emergente seletivo, com alta performance em ervas de dif\u00edcil controle,impedindo inclusive a sele\u00e7\u00e3o de plantas daninhas resistentes, indicado para o controle de plantas infestantes anuais e perenes. O controle das plantas infestantes \u00e9 feito com uma \u00fanica aplica\u00e7\u00e3o.<\/p>\n<p style=\"text-align: justify;\">Descri\u00e7\u00e3o: Mate as ervas daninhas que cresceram no meio do seu gramado! com o Gramizap Imazapir voc\u00ea elimina todos os matos e ainda conserva o gramado!<\/p>\n<p style=\"text-align: justify;\">O Herbicida \u00e9 um produto indicado para controle e elimina\u00e7\u00e3o das ervas daninhas de folhas largas e tiririca, sem prejudicar o gramado.<\/p>\n<p style=\"text-align: justify;\"><strong>Modo de usar:<\/strong> Deve-se pulverizar o Imazapir sobre a grama molhando bem as plantas invasoras. O resultado \u00e9 observado ap\u00f3s 20 dias da aplica\u00e7\u00e3o do Gramizap Imazapir, quando as plantas indesej\u00e1veis come\u00e7arem a amarelar.<\/p>\n<p style=\"text-align: justify;\"><strong>Aplica\u00e7\u00e3o do Imazapir:<\/strong>\u00a0Deve ser feita preferencialmente no final da tarde. Quando cortada a grama, o produto deve ser aplicado no m\u00ednimo 3 dias ap\u00f3s o corte.<br \/>\nN\u00e3o deve ser utilizado o produto durante per\u00edodos de grande estiagem ou em per\u00edodos de frio intenso.<\/p>\n<p style=\"text-align: justify;\"><strong>Dosagem:<\/strong> Diluir 1 litro do produto em 20 litros de \u00e1gua limpa e utilizar 35 ml da solu\u00e7\u00e3o do Gramizap Imazapir por m\u00b2, em jardinagem amadora.<\/p>\n<p><strong>Rendimento:<\/strong>\u00a0Em 20 Litros de \u00e1gua cobre uma \u00e1rea de 300M2 usando bomba costal, nunca se deve aplicar herbicidas com regadores, pois corre o risco do produto matar seu gramado e o produto n\u00e3o dar\u00e1 o rendimento conforme informado pelo fabricante.<\/p>\n<p style=\"text-align: justify;\"><strong>Composi\u00e7\u00e3o do produto:<\/strong> Imazapir 0,26% &#8211; 2-(4-isopropyl-4-methyl-5-oxo-2-imidazolin-2-yl)nicotinic acid<\/p>\n<p style=\"text-align: justify;\">O Fabricante do Gramizap Imazapir recomenda: Ap\u00f3s 45 dias de aplica\u00e7\u00e3o do produto,ele recomenda que seja feita uma aduba\u00e7\u00e3o do gramado para que este possa recuperar a parte da grama que estava abatida pela interfer\u00eancia das ervas daninhas, uma vez que o Gramizap Imazapir apenas ir\u00e1 combater as plantas invasoras.<\/p>\n<p style=\"text-align: justify;\">RECOMENDA\u00c7\u00d5ES IMPORTANTES<\/p>\n<p style=\"text-align: justify;\">Na pulveriza\u00e7\u00e3o foliar n\u00e3o misturar com defensivos e fertilizantes Aguardar ao menos 21 dias antes de ro\u00e7ar a terra aplicada Armazenar em local fresco (25\u00b0 C) e protegido do sol.<\/p>\n<p style=\"text-align: justify;\">ERVAS DE FOLHAS LARGAS QUE ELE CONTROLA POR SER SELETIVO<\/p>\n<p style=\"text-align: justify;\">.Pic\u00e3o &#8211; Preto \u2013 (Bidens pilosa)<br \/>\n.Estrelinha \u2013 (Melampodim perfoliatum)<br \/>\n.Erva de touro \u2013 (Tridax procumbens L.)<br \/>\n.Jua de capote,bal\u00e3o \u2013 (Nicandra physaloides)<br \/>\n.Caruru roxo,caruru \u2013 (Amaranthus hybridusl.Pers)<br \/>\n.Beldroega \u2013 (Portulaca oleracea L)<br \/>\n.Corda de Viola (Ipomoea sp)<br \/>\n.Erva de santa luzia \u2013 (Euphorbia irta L)<br \/>\n.Maria Pretinha,erva moura \u2013 (Solanum americanum)<br \/>\n.Erva quente \u2013 (Smermacoce latifolia)<br \/>\n.Leiteira,amendoim bravo \u2013 (Euphorbia heterophylla)<br \/>\n.Poaia branca \u2013 (Richardia brasiliensis)<br \/>\n.Tiririca \u2013 (Cyperus rotundus)<\/p>\n<p style=\"text-align: justify;\">O resultado \u00e9 o ressecamento total das ervas daninhas e a grama bonita como estava. Ele n\u00e3o mata a grama.<\/p>\n<p style=\"text-align: justify;\">ATEN\u00c7\u00c3O: Consulte no GOOGLE pelos nomes da ervas e veja se parece com as ervas daninhas que est\u00e3o no seu gramado.<\/p>\n<p style=\"text-align: justify;\">CLASSE: HERBICIDA PR\u00c9-EMERGENTE, SELETIVO N\u00c3O MATA O GRAMADO.<\/p>\n<p style=\"text-align: justify;\">PRECAU\u00c7\u00d5ES GERAIS AO USAR PRODUTOS T\u00d3XICOS E POUCO T\u00d3XICOS:<\/p>\n<p style=\"text-align: justify;\">\u2022Produto para uso exclusivamente agr\u00edcola,podendo usar no paisagismo desde que use a dosagem indicada.<br \/>\n\u2022N\u00e3o transporte o produto juntamente com alimentos, medicamentos, ra\u00e7\u00f5es,animais e pessoas.<br \/>\n\u2022N\u00e3o coma, n\u00e3o beba e n\u00e3o fume durante o manuseio e aplica\u00e7\u00e3o do produto.<br \/>\n\u2022N\u00e3o utilize Equipamento de Prote\u00e7\u00e3o Individual (EPI) danificados.<br \/>\n\u2022N\u00e3o utilize equipamentos com vazamentos ou com defeitos.<br \/>\n\u2022N\u00e3o desentupa bicos, orif\u00edcios e v\u00e1lvulas com a boca.<br \/>\n\u2022N\u00e3o distribua o produto com as m\u00e3os desprotegidas.<br \/>\n\u2022Ao abrir a embalagem, fa\u00e7a de maneira a evitar respingos.<\/p>\n<p style=\"text-align: justify;\">PRIMEIROS SOCORROS: Procure logo um servi\u00e7o m\u00e9dico de emerg\u00eancia levando a embalagem, r\u00f3tulo, bula e receitu\u00e1rio agron\u00f4mico do produto.<\/p>\n<p style=\"text-align: justify;\">INGEST\u00c3O: N\u00e3o provoque v\u00f4mito. Beba 1 ou 2 copos de \u00e1gua. N\u00e3o dar nada via oral, nem induzir v\u00f4mito a uma pessoa inconsciente.<br \/>\nOLHOS: Lave com \u00e1gua em abund\u00e2ncia durante 15 minutos.<br \/>\nPELES: Lave com \u00e1gua e sab\u00e3o em abund\u00e2ncia.<br \/>\nINALA\u00c7\u00c3O: Procure local arejado.<\/p>\n<p style=\"text-align: justify;\"><strong>ATEN\u00c7\u00c3O:<\/strong> Produtos vendidos por nossa empresa somente para Jardinagem em geral, N\u00e3o vendemos Herbicidas controlados por seguran\u00e7a e por se tratar de um produto toxico que necessita de receitu\u00e1rio agron\u00f4mico, como se trata da fiscaliza\u00e7\u00e3o da Vigil\u00e2ncia Sanit\u00e1ria e do Minist\u00e9rio da Agricultura e do Registro dos mesmos. \u00a0(Frete por Motoboy, Sedex e ou retirar ) e quantidade m\u00ednima de compra para atacado \u00e9 de 05 Frascos, herbicidas com qualidade, sem manipula\u00e7\u00e3o, adultera\u00e7\u00e3o ou contamina\u00e7\u00e3o com a garantida do fabricante.<\/p>\n","protected":false},"excerpt":{"rendered":"<p style=\"text-align: justify;\">HERBICIDA GRAMIZAP MAX20( SELETIVO): Atua sobre um grande numero de ervas daninhas de folhas largas,e folhas estreitas, e eles n\u00e3o matam a grama. \u00e9 um herbicida com a\u00e7\u00e3o p\u00f3s -emergente seletivo, com alta performance em ervas de dif\u00edcil controle, impedindo inclusive a sele\u00e7\u00e3o de plantas daninhas resistentes, indicado para o controle de plantas infestantes anuais e perenes; Ele por ser Max 20 seu poder e rendimento se tornar maior e melhor.<\/p>\n<p style=\"text-align: justify;\"><strong>ATEN\u00c7\u00c3O:<\/strong> Produto somente por encomenda.<\/p>\n","protected":false},"featured_media":2756,"template":"","meta":{"_joinchat":[]},"product_brand":[],"product_cat":[14,22],"product_tag":[],"class_list":{"0":"post-2754","1":"product","2":"type-product","3":"status-publish","4":"has-post-thumbnail","6":"product_cat-produtos-agropecuarios","7":"product_cat-defencivos-agriculos","8":"product_shipping_class-transportadora","9":"entry","10":"has-media","12":"first","13":"outofstock","14":"sale","15":"shipping-taxable","16":"purchasable","17":"product-type-simple","18":"col","19":"wpex-woo-entry","20":"span_1_of_4"},"yoast_head":"<!-- This site is optimized with the Yoast SEO plugin v27.3 - https:\/\/yoast.com\/product\/yoast-seo-wordpress\/ -->\n<title>Herbicida para Tiriricas.(Frasco1 Litro) - Minas Gramados - Paisagismo e Hidrossemeadura.<\/title>\n<meta name=\"robots\" content=\"index, follow, max-snippet:-1, max-image-preview:large, max-video-preview:-1\" \/>\n<link rel=\"canonical\" href=\"https:\/\/minasgramados.com.br\/Loja\/produto\/herbicida-para-tiriricas-frasco-de-1-litro\/\" \/>\n<meta name=\"twitter:card\" content=\"summary_large_image\" \/>\n<meta name=\"twitter:title\" content=\"Herbicida para Tiriricas.(Frasco1 Litro) - Minas Gramados - Paisagismo e Hidrossemeadura.\" \/>\n<meta name=\"twitter:description\" content=\"HERBICIDA GRAMIZAP MAX20( SELETIVO): Atua sobre um grande numero de ervas daninhas de folhas largas,e folhas estreitas, e eles n\u00e3o matam a grama. \u00e9 um herbicida com a\u00e7\u00e3o p\u00f3s -emergente seletivo, com alta performance em ervas de dif\u00edcil controle, impedindo inclusive a sele\u00e7\u00e3o de plantas daninhas resistentes, indicado para o controle de plantas infestantes anuais e perenes; Ele por ser Max 20 seu poder e rendimento se tornar maior e melhor. ATEN\u00c7\u00c3O: Produto somente por encomenda.\" \/>\n<meta name=\"twitter:image\" content=\"https:\/\/minasgramados.com.br\/Loja\/wp-content\/uploads\/2019\/03\/GRAMIZAP.jpg\" \/>\n<meta name=\"twitter:label1\" content=\"Est. tempo de leitura\" \/>\n\t<meta name=\"twitter:data1\" content=\"5 minutos\" \/>\n<script type=\"application\/ld+json\" class=\"yoast-schema-graph\">{\"@context\":\"https:\\\/\\\/schema.org\",\"@graph\":[{\"@type\":\"WebPage\",\"@id\":\"https:\\\/\\\/minasgramados.com.br\\\/Loja\\\/produto\\\/herbicida-para-tiriricas-frasco-de-1-litro\\\/\",\"url\":\"https:\\\/\\\/minasgramados.com.br\\\/Loja\\\/produto\\\/herbicida-para-tiriricas-frasco-de-1-litro\\\/\",\"name\":\"Herbicida para Tiriricas.(Frasco1 Litro) - Minas Gramados - Paisagismo e Hidrossemeadura.\",\"isPartOf\":{\"@id\":\"https:\\\/\\\/minasgramados.com.br\\\/Loja\\\/#website\"},\"primaryImageOfPage\":{\"@id\":\"https:\\\/\\\/minasgramados.com.br\\\/Loja\\\/produto\\\/herbicida-para-tiriricas-frasco-de-1-litro\\\/#primaryimage\"},\"image\":{\"@id\":\"https:\\\/\\\/minasgramados.com.br\\\/Loja\\\/produto\\\/herbicida-para-tiriricas-frasco-de-1-litro\\\/#primaryimage\"},\"thumbnailUrl\":\"https:\\\/\\\/minasgramados.com.br\\\/Loja\\\/wp-content\\\/uploads\\\/2019\\\/03\\\/GRAMIZAP.jpg\",\"datePublished\":\"2019-03-11T18:57:40+00:00\",\"dateModified\":\"2025-07-13T23:04:44+00:00\",\"breadcrumb\":{\"@id\":\"https:\\\/\\\/minasgramados.com.br\\\/Loja\\\/produto\\\/herbicida-para-tiriricas-frasco-de-1-litro\\\/#breadcrumb\"},\"inLanguage\":\"pt-BR\",\"potentialAction\":[{\"@type\":\"ReadAction\",\"target\":[\"https:\\\/\\\/minasgramados.com.br\\\/Loja\\\/produto\\\/herbicida-para-tiriricas-frasco-de-1-litro\\\/\"]}]},{\"@type\":\"ImageObject\",\"inLanguage\":\"pt-BR\",\"@id\":\"https:\\\/\\\/minasgramados.com.br\\\/Loja\\\/produto\\\/herbicida-para-tiriricas-frasco-de-1-litro\\\/#primaryimage\",\"url\":\"https:\\\/\\\/minasgramados.com.br\\\/Loja\\\/wp-content\\\/uploads\\\/2019\\\/03\\\/GRAMIZAP.jpg\",\"contentUrl\":\"https:\\\/\\\/minasgramados.com.br\\\/Loja\\\/wp-content\\\/uploads\\\/2019\\\/03\\\/GRAMIZAP.jpg\",\"width\":1200,\"height\":1200},{\"@type\":\"BreadcrumbList\",\"@id\":\"https:\\\/\\\/minasgramados.com.br\\\/Loja\\\/produto\\\/herbicida-para-tiriricas-frasco-de-1-litro\\\/#breadcrumb\",\"itemListElement\":[{\"@type\":\"ListItem\",\"position\":1,\"name\":\"In\u00edcio\",\"item\":\"https:\\\/\\\/minasgramados.com.br\\\/Loja\\\/\"},{\"@type\":\"ListItem\",\"position\":2,\"name\":\"Loja\",\"item\":\"https:\\\/\\\/minasgramados.com.br\\\/Loja\\\/loja-modelo-03\\\/\"},{\"@type\":\"ListItem\",\"position\":3,\"name\":\"Herbicida para Tiriricas.(Frasco1 Litro)\"}]},{\"@type\":\"WebSite\",\"@id\":\"https:\\\/\\\/minasgramados.com.br\\\/Loja\\\/#website\",\"url\":\"https:\\\/\\\/minasgramados.com.br\\\/Loja\\\/\",\"name\":\"Minas Gramados - Paisagismo e Hidrossemeadura.\",\"description\":\"Distribuidora de Gramas adubos sementes em Betim e no Brasil.\",\"publisher\":{\"@id\":\"https:\\\/\\\/minasgramados.com.br\\\/Loja\\\/#organization\"},\"potentialAction\":[{\"@type\":\"SearchAction\",\"target\":{\"@type\":\"EntryPoint\",\"urlTemplate\":\"https:\\\/\\\/minasgramados.com.br\\\/Loja\\\/?s={search_term_string}\"},\"query-input\":{\"@type\":\"PropertyValueSpecification\",\"valueRequired\":true,\"valueName\":\"search_term_string\"}}],\"inLanguage\":\"pt-BR\"},{\"@type\":\"Organization\",\"@id\":\"https:\\\/\\\/minasgramados.com.br\\\/Loja\\\/#organization\",\"name\":\"Minas Gramados - Paisagismo e Hidrossemeadura.\",\"url\":\"https:\\\/\\\/minasgramados.com.br\\\/Loja\\\/\",\"logo\":{\"@type\":\"ImageObject\",\"inLanguage\":\"pt-BR\",\"@id\":\"https:\\\/\\\/minasgramados.com.br\\\/Loja\\\/#\\\/schema\\\/logo\\\/image\\\/\",\"url\":\"https:\\\/\\\/minasgramados.com.br\\\/Loja\\\/wp-content\\\/uploads\\\/2018\\\/06\\\/gramados-original-1.gif\",\"contentUrl\":\"https:\\\/\\\/minasgramados.com.br\\\/Loja\\\/wp-content\\\/uploads\\\/2018\\\/06\\\/gramados-original-1.gif\",\"width\":600,\"height\":300,\"caption\":\"Minas Gramados - Paisagismo e Hidrossemeadura.\"},\"image\":{\"@id\":\"https:\\\/\\\/minasgramados.com.br\\\/Loja\\\/#\\\/schema\\\/logo\\\/image\\\/\"}}]}<\/script>\n<!-- \/ Yoast SEO plugin. -->","yoast_head_json":{"title":"Herbicida para Tiriricas.(Frasco1 Litro) - Minas Gramados - Paisagismo e Hidrossemeadura.","robots":{"index":"index","follow":"follow","max-snippet":"max-snippet:-1","max-image-preview":"max-image-preview:large","max-video-preview":"max-video-preview:-1"},"canonical":"https:\/\/minasgramados.com.br\/Loja\/produto\/herbicida-para-tiriricas-frasco-de-1-litro\/","twitter_card":"summary_large_image","twitter_title":"Herbicida para Tiriricas.(Frasco1 Litro) - Minas Gramados - Paisagismo e Hidrossemeadura.","twitter_description":"HERBICIDA GRAMIZAP MAX20( SELETIVO): Atua sobre um grande numero de ervas daninhas de folhas largas,e folhas estreitas, e eles n\u00e3o matam a grama. \u00e9 um herbicida com a\u00e7\u00e3o p\u00f3s -emergente seletivo, com alta performance em ervas de dif\u00edcil controle, impedindo inclusive a sele\u00e7\u00e3o de plantas daninhas resistentes, indicado para o controle de plantas infestantes anuais e perenes; Ele por ser Max 20 seu poder e rendimento se tornar maior e melhor. ATEN\u00c7\u00c3O: Produto somente por encomenda.","twitter_image":"https:\/\/minasgramados.com.br\/Loja\/wp-content\/uploads\/2019\/03\/GRAMIZAP.jpg","twitter_misc":{"Est. tempo de leitura":"5 minutos"},"schema":{"@context":"https:\/\/schema.org","@graph":[{"@type":"WebPage","@id":"https:\/\/minasgramados.com.br\/Loja\/produto\/herbicida-para-tiriricas-frasco-de-1-litro\/","url":"https:\/\/minasgramados.com.br\/Loja\/produto\/herbicida-para-tiriricas-frasco-de-1-litro\/","name":"Herbicida para Tiriricas.(Frasco1 Litro) - Minas Gramados - Paisagismo e Hidrossemeadura.","isPartOf":{"@id":"https:\/\/minasgramados.com.br\/Loja\/#website"},"primaryImageOfPage":{"@id":"https:\/\/minasgramados.com.br\/Loja\/produto\/herbicida-para-tiriricas-frasco-de-1-litro\/#primaryimage"},"image":{"@id":"https:\/\/minasgramados.com.br\/Loja\/produto\/herbicida-para-tiriricas-frasco-de-1-litro\/#primaryimage"},"thumbnailUrl":"https:\/\/minasgramados.com.br\/Loja\/wp-content\/uploads\/2019\/03\/GRAMIZAP.jpg","datePublished":"2019-03-11T18:57:40+00:00","dateModified":"2025-07-13T23:04:44+00:00","breadcrumb":{"@id":"https:\/\/minasgramados.com.br\/Loja\/produto\/herbicida-para-tiriricas-frasco-de-1-litro\/#breadcrumb"},"inLanguage":"pt-BR","potentialAction":[{"@type":"ReadAction","target":["https:\/\/minasgramados.com.br\/Loja\/produto\/herbicida-para-tiriricas-frasco-de-1-litro\/"]}]},{"@type":"ImageObject","inLanguage":"pt-BR","@id":"https:\/\/minasgramados.com.br\/Loja\/produto\/herbicida-para-tiriricas-frasco-de-1-litro\/#primaryimage","url":"https:\/\/minasgramados.com.br\/Loja\/wp-content\/uploads\/2019\/03\/GRAMIZAP.jpg","contentUrl":"https:\/\/minasgramados.com.br\/Loja\/wp-content\/uploads\/2019\/03\/GRAMIZAP.jpg","width":1200,"height":1200},{"@type":"BreadcrumbList","@id":"https:\/\/minasgramados.com.br\/Loja\/produto\/herbicida-para-tiriricas-frasco-de-1-litro\/#breadcrumb","itemListElement":[{"@type":"ListItem","position":1,"name":"In\u00edcio","item":"https:\/\/minasgramados.com.br\/Loja\/"},{"@type":"ListItem","position":2,"name":"Loja","item":"https:\/\/minasgramados.com.br\/Loja\/loja-modelo-03\/"},{"@type":"ListItem","position":3,"name":"Herbicida para Tiriricas.(Frasco1 Litro)"}]},{"@type":"WebSite","@id":"https:\/\/minasgramados.com.br\/Loja\/#website","url":"https:\/\/minasgramados.com.br\/Loja\/","name":"Minas Gramados - Paisagismo e Hidrossemeadura.","description":"Distribuidora de Gramas adubos sementes em Betim e no Brasil.","publisher":{"@id":"https:\/\/minasgramados.com.br\/Loja\/#organization"},"potentialAction":[{"@type":"SearchAction","target":{"@type":"EntryPoint","urlTemplate":"https:\/\/minasgramados.com.br\/Loja\/?s={search_term_string}"},"query-input":{"@type":"PropertyValueSpecification","valueRequired":true,"valueName":"search_term_string"}}],"inLanguage":"pt-BR"},{"@type":"Organization","@id":"https:\/\/minasgramados.com.br\/Loja\/#organization","name":"Minas Gramados - Paisagismo e Hidrossemeadura.","url":"https:\/\/minasgramados.com.br\/Loja\/","logo":{"@type":"ImageObject","inLanguage":"pt-BR","@id":"https:\/\/minasgramados.com.br\/Loja\/#\/schema\/logo\/image\/","url":"https:\/\/minasgramados.com.br\/Loja\/wp-content\/uploads\/2018\/06\/gramados-original-1.gif","contentUrl":"https:\/\/minasgramados.com.br\/Loja\/wp-content\/uploads\/2018\/06\/gramados-original-1.gif","width":600,"height":300,"caption":"Minas Gramados - Paisagismo e Hidrossemeadura."},"image":{"@id":"https:\/\/minasgramados.com.br\/Loja\/#\/schema\/logo\/image\/"}}]}},"_links":{"self":[{"href":"https:\/\/minasgramados.com.br\/Loja\/wp-json\/wp\/v2\/product\/2754","targetHints":{"allow":["GET"]}}],"collection":[{"href":"https:\/\/minasgramados.com.br\/Loja\/wp-json\/wp\/v2\/product"}],"about":[{"href":"https:\/\/minasgramados.com.br\/Loja\/wp-json\/wp\/v2\/types\/product"}],"wp:featuredmedia":[{"embeddable":true,"href":"https:\/\/minasgramados.com.br\/Loja\/wp-json\/wp\/v2\/media\/2756"}],"wp:attachment":[{"href":"https:\/\/minasgramados.com.br\/Loja\/wp-json\/wp\/v2\/media?parent=2754"}],"wp:term":[{"taxonomy":"product_brand","embeddable":true,"href":"https:\/\/minasgramados.com.br\/Loja\/wp-json\/wp\/v2\/product_brand?post=2754"},{"taxonomy":"product_cat","embeddable":true,"href":"https:\/\/minasgramados.com.br\/Loja\/wp-json\/wp\/v2\/product_cat?post=2754"},{"taxonomy":"product_tag","embeddable":true,"href":"https:\/\/minasgramados.com.br\/Loja\/wp-json\/wp\/v2\/product_tag?post=2754"}],"curies":[{"name":"wp","href":"https:\/\/api.w.org\/{rel}","templated":true}]}}