{"id":358,"date":"2015-05-17T11:45:22","date_gmt":"2015-05-17T14:45:22","guid":{"rendered":"http:\/\/minasgramados.com.br\/Loja\/?post_type=product&#038;p=358"},"modified":"2023-01-18T13:35:28","modified_gmt":"2023-01-18T16:35:28","slug":"bioretentores-d40-com-2-metros","status":"publish","type":"product","link":"https:\/\/minasgramados.com.br\/Loja\/produto\/bioretentores-d40-com-2-metros\/","title":{"rendered":"Biorretentores D40 &#8211; Fibra de Coco (Com 2 Metros)"},"content":{"rendered":"<h3><strong style=\"font-size: 16px;\">BIORRETENTORES DE SEDIMENTOS (FIBRA DE COCO)<\/strong><\/h3>\n<div class=\"ProductDescriptionContainer\">\n<p>O Bioretentor foi desenvolvido para reter sedimentos absorver vazamentos reduzir a velocidade de escoamento superficial em taludes dentre outros e tem sido muito utilizado em obras de engenharia com sucesso.<\/p>\n<p><strong>CARACTER\u00cdSTICAS T\u00c9CNICAS:<\/strong><\/p>\n<p><strong>\u00c9 DRENANTE:<\/strong> As fibras vegetais ret\u00e9m sedimentos, mas permitem a passagem da \u00e1gua, n\u00e3o colmatam. O Bioretentor pode ser usado parcialmente como dreno profundo.<\/p>\n<p><strong>\u00c9 LEVE:\u00a0<\/strong>Tem baixa densidade, sendo esta, no Bioretentor de fibra vegetal igual a 100Kg\/m3, de f\u00e1cil manuseio, que permite transporte manual para locais de dif\u00edcil acesso.<\/p>\n<p><strong>RET\u00c9M UMIDADE:<\/strong> Tem grande capacidade de absorver e reter umidade. Absorve cerca de cinco vezes o seu peso em \u00e1gua. O Bioretentor t\u00edpico, com di\u00e2metro de 40cm e comprimento de 2 m absorve at\u00e9 100 litros de \u00e1gua e pesa 20kg.<\/p>\n<p><strong>\u00c9 FLEX\u00cdVEL:<\/strong> Facilmente mold\u00e1vel no local onde ser\u00e1 aplicado, permitindo dobras e curvas. Quando prensado, reduz parcialmente o volume.<\/p>\n<p>Os Bioretentores s\u00e3o fabricados com di\u00e2metros de 20,30 e 40. O comprimento padr\u00e3o \u00e9 de 2 m, e pode ir at\u00e9 6m sem perda das caracter\u00edsticas t\u00e9cnicas.<\/p>\n<p><strong>BIORRETENTOR:<\/strong>\u00a0D40<\/p>\n<ul>\n<li>Biorretentor \u2013 fibra de coco \u2013 diametro 350 mm \u2013 com tubo de polipropileno<\/li>\n<li>Composi\u00e7\u00e3o&#8230;&#8230;&#8230;&#8230;&#8230;&#8230;&#8230;&#8230;&#8230;&#8230;&#8230;&#8230;&#8230;&#8230;&#8230;&#8230;&#8230;..100% fibra de coco<\/li>\n<li>Comprimento (m)&#8230;&#8230;&#8230;&#8230;&#8230;&#8230;&#8230;&#8230;&#8230;&#8230;&#8230;&#8230;&#8230;&#8230;&#8230;&#8230;at\u00e9 6<\/li>\n<li>Diametro (mm)&#8230;&#8230;&#8230;&#8230;&#8230;&#8230;&#8230;&#8230;&#8230;&#8230;&#8230;&#8230;&#8230;&#8230;&#8230;&#8230;&#8230;450 \u2013 10%<\/li>\n<li>Revestimento&#8230;&#8230;&#8230;&#8230;&#8230;&#8230;&#8230;&#8230;&#8230;&#8230;&#8230;&#8230;&#8230;&#8230;&#8230;&#8230;&#8230;..tubo polipropileno<\/li>\n<li>Peso por metro linear (kg)&#8230;&#8230;&#8230;&#8230;&#8230;&#8230;&#8230;&#8230;&#8230;&#8230;&#8230;7<\/li>\n<li>Volume (litros por \/m)&#8230;&#8230;&#8230;&#8230;&#8230;&#8230;&#8230;&#8230;&#8230;&#8230;&#8230;&#8230;&#8230;.70<\/li>\n<li>Resistencia a tra\u00e7\u00e3o long. (kgf\/m)&#8230;&#8230;&#8230;&#8230;&#8230;&#8230;..250<\/li>\n<li>Resistencia a tra\u00e7\u00e3o transv. (kgf\/m)&#8230;&#8230;&#8230;&#8230;&#8230;..120<\/li>\n<li>Compress\u00e3o (kgf\/m)&#8230;&#8230;&#8230;&#8230;&#8230;&#8230;&#8230;&#8230;&#8230;&#8230;&#8230;&#8230;&#8230;..3200<\/li>\n<li>Deforma\u00e7\u00e3o (mm)&#8230;&#8230;&#8230;&#8230;&#8230;&#8230;&#8230;&#8230;&#8230;&#8230;&#8230;&#8230;&#8230;&#8230;&#8230;130<\/li>\n<\/ul>\n<p><strong>ATEN\u00c7\u00c3O:<\/strong> Nossas vendas em nossa loja F\u00edsica \u00e9 somente para Rolos de 2,40M Lineares e Di\u00e2metro de 40cm,d\u00favidas entrar em contato com o nosso SAC para tirar suas d\u00favidas.<\/p>\n<\/div>\n","protected":false},"excerpt":{"rendered":"<p><strong>BIORRETENTORES DE SEDIMENTOS<\/strong><\/p>\n<p>O Bioretentor foi desenvolvido para reter sedimentos absorver vazamentos reduzir a velocidade de escoamento superficial em taludes dentre outros e tem sido muito utilizado em obras de engenharia com sucesso. (O Pre\u00e7o acima \u00e9 para compra m\u00ednima de 50 Rolos com 2 metros lineares).<\/p>\n","protected":false},"featured_media":2609,"template":"","meta":{"_joinchat":[]},"product_brand":[],"product_cat":[9,10],"product_tag":[],"class_list":{"0":"post-358","1":"product","2":"type-product","3":"status-publish","4":"has-post-thumbnail","6":"product_cat-hidrossemeadura","7":"product_cat-mantas-grampos-e-retentores","8":"entry","9":"has-media","11":"first","12":"outofstock","13":"sale","14":"shipping-taxable","15":"purchasable","16":"product-type-simple","17":"col","18":"wpex-woo-entry","19":"span_1_of_4"},"yoast_head":"<!-- This site is optimized with the Yoast SEO plugin v27.3 - https:\/\/yoast.com\/product\/yoast-seo-wordpress\/ -->\n<title>Biorretentores D40 - Fibra de Coco (Com 2 Metros) - Minas Gramados - Paisagismo e Hidrossemeadura.<\/title>\n<meta name=\"robots\" content=\"index, follow, max-snippet:-1, max-image-preview:large, max-video-preview:-1\" \/>\n<link rel=\"canonical\" href=\"https:\/\/minasgramados.com.br\/Loja\/produto\/bioretentores-d40-com-2-metros\/\" \/>\n<meta name=\"twitter:card\" content=\"summary_large_image\" \/>\n<meta name=\"twitter:title\" content=\"Biorretentores D40 - Fibra de Coco (Com 2 Metros) - Minas Gramados - Paisagismo e Hidrossemeadura.\" \/>\n<meta name=\"twitter:description\" content=\"BIORRETENTORES DE SEDIMENTOS  O Bioretentor foi desenvolvido para reter sedimentos absorver vazamentos reduzir a velocidade de escoamento superficial em taludes dentre outros e tem sido muito utilizado em obras de engenharia com sucesso. (O Pre\u00e7o acima \u00e9 para compra m\u00ednima de 50 Rolos com 2 metros lineares).\" \/>\n<meta name=\"twitter:image\" content=\"https:\/\/minasgramados.com.br\/Loja\/wp-content\/uploads\/2018\/10\/Fabrica-biorolo__41392_zoom.jpg\" \/>\n<meta name=\"twitter:label1\" content=\"Est. tempo de leitura\" \/>\n\t<meta name=\"twitter:data1\" content=\"1 minuto\" \/>\n<script type=\"application\/ld+json\" class=\"yoast-schema-graph\">{\"@context\":\"https:\\\/\\\/schema.org\",\"@graph\":[{\"@type\":\"WebPage\",\"@id\":\"https:\\\/\\\/minasgramados.com.br\\\/Loja\\\/produto\\\/bioretentores-d40-com-2-metros\\\/\",\"url\":\"https:\\\/\\\/minasgramados.com.br\\\/Loja\\\/produto\\\/bioretentores-d40-com-2-metros\\\/\",\"name\":\"Biorretentores D40 - Fibra de Coco (Com 2 Metros) - Minas Gramados - Paisagismo e Hidrossemeadura.\",\"isPartOf\":{\"@id\":\"https:\\\/\\\/minasgramados.com.br\\\/Loja\\\/#website\"},\"primaryImageOfPage\":{\"@id\":\"https:\\\/\\\/minasgramados.com.br\\\/Loja\\\/produto\\\/bioretentores-d40-com-2-metros\\\/#primaryimage\"},\"image\":{\"@id\":\"https:\\\/\\\/minasgramados.com.br\\\/Loja\\\/produto\\\/bioretentores-d40-com-2-metros\\\/#primaryimage\"},\"thumbnailUrl\":\"https:\\\/\\\/minasgramados.com.br\\\/Loja\\\/wp-content\\\/uploads\\\/2018\\\/10\\\/Fabrica-biorolo__41392_zoom.jpg\",\"datePublished\":\"2015-05-17T14:45:22+00:00\",\"dateModified\":\"2023-01-18T16:35:28+00:00\",\"breadcrumb\":{\"@id\":\"https:\\\/\\\/minasgramados.com.br\\\/Loja\\\/produto\\\/bioretentores-d40-com-2-metros\\\/#breadcrumb\"},\"inLanguage\":\"pt-BR\",\"potentialAction\":[{\"@type\":\"ReadAction\",\"target\":[\"https:\\\/\\\/minasgramados.com.br\\\/Loja\\\/produto\\\/bioretentores-d40-com-2-metros\\\/\"]}]},{\"@type\":\"ImageObject\",\"inLanguage\":\"pt-BR\",\"@id\":\"https:\\\/\\\/minasgramados.com.br\\\/Loja\\\/produto\\\/bioretentores-d40-com-2-metros\\\/#primaryimage\",\"url\":\"https:\\\/\\\/minasgramados.com.br\\\/Loja\\\/wp-content\\\/uploads\\\/2018\\\/10\\\/Fabrica-biorolo__41392_zoom.jpg\",\"contentUrl\":\"https:\\\/\\\/minasgramados.com.br\\\/Loja\\\/wp-content\\\/uploads\\\/2018\\\/10\\\/Fabrica-biorolo__41392_zoom.jpg\",\"width\":800,\"height\":533},{\"@type\":\"BreadcrumbList\",\"@id\":\"https:\\\/\\\/minasgramados.com.br\\\/Loja\\\/produto\\\/bioretentores-d40-com-2-metros\\\/#breadcrumb\",\"itemListElement\":[{\"@type\":\"ListItem\",\"position\":1,\"name\":\"In\u00edcio\",\"item\":\"https:\\\/\\\/minasgramados.com.br\\\/Loja\\\/\"},{\"@type\":\"ListItem\",\"position\":2,\"name\":\"Loja\",\"item\":\"https:\\\/\\\/minasgramados.com.br\\\/Loja\\\/loja-modelo-03\\\/\"},{\"@type\":\"ListItem\",\"position\":3,\"name\":\"Biorretentores D40 &#8211; Fibra de Coco (Com 2 Metros)\"}]},{\"@type\":\"WebSite\",\"@id\":\"https:\\\/\\\/minasgramados.com.br\\\/Loja\\\/#website\",\"url\":\"https:\\\/\\\/minasgramados.com.br\\\/Loja\\\/\",\"name\":\"Minas Gramados - Paisagismo e Hidrossemeadura.\",\"description\":\"Distribuidora de Gramas adubos sementes em Betim e no Brasil.\",\"publisher\":{\"@id\":\"https:\\\/\\\/minasgramados.com.br\\\/Loja\\\/#organization\"},\"potentialAction\":[{\"@type\":\"SearchAction\",\"target\":{\"@type\":\"EntryPoint\",\"urlTemplate\":\"https:\\\/\\\/minasgramados.com.br\\\/Loja\\\/?s={search_term_string}\"},\"query-input\":{\"@type\":\"PropertyValueSpecification\",\"valueRequired\":true,\"valueName\":\"search_term_string\"}}],\"inLanguage\":\"pt-BR\"},{\"@type\":\"Organization\",\"@id\":\"https:\\\/\\\/minasgramados.com.br\\\/Loja\\\/#organization\",\"name\":\"Minas Gramados - Paisagismo e Hidrossemeadura.\",\"url\":\"https:\\\/\\\/minasgramados.com.br\\\/Loja\\\/\",\"logo\":{\"@type\":\"ImageObject\",\"inLanguage\":\"pt-BR\",\"@id\":\"https:\\\/\\\/minasgramados.com.br\\\/Loja\\\/#\\\/schema\\\/logo\\\/image\\\/\",\"url\":\"https:\\\/\\\/minasgramados.com.br\\\/Loja\\\/wp-content\\\/uploads\\\/2018\\\/06\\\/gramados-original-1.gif\",\"contentUrl\":\"https:\\\/\\\/minasgramados.com.br\\\/Loja\\\/wp-content\\\/uploads\\\/2018\\\/06\\\/gramados-original-1.gif\",\"width\":600,\"height\":300,\"caption\":\"Minas Gramados - Paisagismo e Hidrossemeadura.\"},\"image\":{\"@id\":\"https:\\\/\\\/minasgramados.com.br\\\/Loja\\\/#\\\/schema\\\/logo\\\/image\\\/\"}}]}<\/script>\n<!-- \/ Yoast SEO plugin. -->","yoast_head_json":{"title":"Biorretentores D40 - Fibra de Coco (Com 2 Metros) - Minas Gramados - Paisagismo e Hidrossemeadura.","robots":{"index":"index","follow":"follow","max-snippet":"max-snippet:-1","max-image-preview":"max-image-preview:large","max-video-preview":"max-video-preview:-1"},"canonical":"https:\/\/minasgramados.com.br\/Loja\/produto\/bioretentores-d40-com-2-metros\/","twitter_card":"summary_large_image","twitter_title":"Biorretentores D40 - Fibra de Coco (Com 2 Metros) - Minas Gramados - Paisagismo e Hidrossemeadura.","twitter_description":"BIORRETENTORES DE SEDIMENTOS  O Bioretentor foi desenvolvido para reter sedimentos absorver vazamentos reduzir a velocidade de escoamento superficial em taludes dentre outros e tem sido muito utilizado em obras de engenharia com sucesso. (O Pre\u00e7o acima \u00e9 para compra m\u00ednima de 50 Rolos com 2 metros lineares).","twitter_image":"https:\/\/minasgramados.com.br\/Loja\/wp-content\/uploads\/2018\/10\/Fabrica-biorolo__41392_zoom.jpg","twitter_misc":{"Est. tempo de leitura":"1 minuto"},"schema":{"@context":"https:\/\/schema.org","@graph":[{"@type":"WebPage","@id":"https:\/\/minasgramados.com.br\/Loja\/produto\/bioretentores-d40-com-2-metros\/","url":"https:\/\/minasgramados.com.br\/Loja\/produto\/bioretentores-d40-com-2-metros\/","name":"Biorretentores D40 - Fibra de Coco (Com 2 Metros) - Minas Gramados - Paisagismo e Hidrossemeadura.","isPartOf":{"@id":"https:\/\/minasgramados.com.br\/Loja\/#website"},"primaryImageOfPage":{"@id":"https:\/\/minasgramados.com.br\/Loja\/produto\/bioretentores-d40-com-2-metros\/#primaryimage"},"image":{"@id":"https:\/\/minasgramados.com.br\/Loja\/produto\/bioretentores-d40-com-2-metros\/#primaryimage"},"thumbnailUrl":"https:\/\/minasgramados.com.br\/Loja\/wp-content\/uploads\/2018\/10\/Fabrica-biorolo__41392_zoom.jpg","datePublished":"2015-05-17T14:45:22+00:00","dateModified":"2023-01-18T16:35:28+00:00","breadcrumb":{"@id":"https:\/\/minasgramados.com.br\/Loja\/produto\/bioretentores-d40-com-2-metros\/#breadcrumb"},"inLanguage":"pt-BR","potentialAction":[{"@type":"ReadAction","target":["https:\/\/minasgramados.com.br\/Loja\/produto\/bioretentores-d40-com-2-metros\/"]}]},{"@type":"ImageObject","inLanguage":"pt-BR","@id":"https:\/\/minasgramados.com.br\/Loja\/produto\/bioretentores-d40-com-2-metros\/#primaryimage","url":"https:\/\/minasgramados.com.br\/Loja\/wp-content\/uploads\/2018\/10\/Fabrica-biorolo__41392_zoom.jpg","contentUrl":"https:\/\/minasgramados.com.br\/Loja\/wp-content\/uploads\/2018\/10\/Fabrica-biorolo__41392_zoom.jpg","width":800,"height":533},{"@type":"BreadcrumbList","@id":"https:\/\/minasgramados.com.br\/Loja\/produto\/bioretentores-d40-com-2-metros\/#breadcrumb","itemListElement":[{"@type":"ListItem","position":1,"name":"In\u00edcio","item":"https:\/\/minasgramados.com.br\/Loja\/"},{"@type":"ListItem","position":2,"name":"Loja","item":"https:\/\/minasgramados.com.br\/Loja\/loja-modelo-03\/"},{"@type":"ListItem","position":3,"name":"Biorretentores D40 &#8211; Fibra de Coco (Com 2 Metros)"}]},{"@type":"WebSite","@id":"https:\/\/minasgramados.com.br\/Loja\/#website","url":"https:\/\/minasgramados.com.br\/Loja\/","name":"Minas Gramados - Paisagismo e Hidrossemeadura.","description":"Distribuidora de Gramas adubos sementes em Betim e no Brasil.","publisher":{"@id":"https:\/\/minasgramados.com.br\/Loja\/#organization"},"potentialAction":[{"@type":"SearchAction","target":{"@type":"EntryPoint","urlTemplate":"https:\/\/minasgramados.com.br\/Loja\/?s={search_term_string}"},"query-input":{"@type":"PropertyValueSpecification","valueRequired":true,"valueName":"search_term_string"}}],"inLanguage":"pt-BR"},{"@type":"Organization","@id":"https:\/\/minasgramados.com.br\/Loja\/#organization","name":"Minas Gramados - Paisagismo e Hidrossemeadura.","url":"https:\/\/minasgramados.com.br\/Loja\/","logo":{"@type":"ImageObject","inLanguage":"pt-BR","@id":"https:\/\/minasgramados.com.br\/Loja\/#\/schema\/logo\/image\/","url":"https:\/\/minasgramados.com.br\/Loja\/wp-content\/uploads\/2018\/06\/gramados-original-1.gif","contentUrl":"https:\/\/minasgramados.com.br\/Loja\/wp-content\/uploads\/2018\/06\/gramados-original-1.gif","width":600,"height":300,"caption":"Minas Gramados - Paisagismo e Hidrossemeadura."},"image":{"@id":"https:\/\/minasgramados.com.br\/Loja\/#\/schema\/logo\/image\/"}}]}},"_links":{"self":[{"href":"https:\/\/minasgramados.com.br\/Loja\/wp-json\/wp\/v2\/product\/358","targetHints":{"allow":["GET"]}}],"collection":[{"href":"https:\/\/minasgramados.com.br\/Loja\/wp-json\/wp\/v2\/product"}],"about":[{"href":"https:\/\/minasgramados.com.br\/Loja\/wp-json\/wp\/v2\/types\/product"}],"wp:featuredmedia":[{"embeddable":true,"href":"https:\/\/minasgramados.com.br\/Loja\/wp-json\/wp\/v2\/media\/2609"}],"wp:attachment":[{"href":"https:\/\/minasgramados.com.br\/Loja\/wp-json\/wp\/v2\/media?parent=358"}],"wp:term":[{"taxonomy":"product_brand","embeddable":true,"href":"https:\/\/minasgramados.com.br\/Loja\/wp-json\/wp\/v2\/product_brand?post=358"},{"taxonomy":"product_cat","embeddable":true,"href":"https:\/\/minasgramados.com.br\/Loja\/wp-json\/wp\/v2\/product_cat?post=358"},{"taxonomy":"product_tag","embeddable":true,"href":"https:\/\/minasgramados.com.br\/Loja\/wp-json\/wp\/v2\/product_tag?post=358"}],"curies":[{"name":"wp","href":"https:\/\/api.w.org\/{rel}","templated":true}]}}