{"id":940,"date":"2015-06-01T15:54:41","date_gmt":"2015-06-01T18:54:41","guid":{"rendered":"http:\/\/minasgramados.com.br\/Loja\/produto\/adubo-organico-a-tonelada-sacos-de-30kg\/"},"modified":"2023-11-16T14:25:41","modified_gmt":"2023-11-16T17:25:41","slug":"adubo-organico-a-tonelada-sacos-de-30kg","status":"publish","type":"product","link":"https:\/\/minasgramados.com.br\/Loja\/produto\/adubo-organico-a-tonelada-sacos-de-30kg\/","title":{"rendered":"Adubo org\u00e2nico pre\u00e7o M3 (Venda m\u00ednima 10M3)"},"content":{"rendered":"<p><strong>A MINAS GRAMADOS<\/strong> fornece adubo org\u00e2nico de alta qualidade, que tem a propriedade de diminuir a perda de c\u00e1lcio, magn\u00e9sio e pot\u00e1ssio pelas lavagens do solo. A mat\u00e9ria org\u00e2nica tem as seguintes vantagens:<\/p>\n<div class=\"ProductDescriptionContainer\">\n<p style=\"text-align: justify;\">&#8211; Libera nutrientes para as plantas.<br \/>\n&#8211; Facilita a absor\u00e7\u00e3o de nutrientes pelas plantas.<br \/>\n&#8211; Aumenta a capacidade do solo em armazenar nutrientes.<br \/>\n&#8211; Melhora a estrutura do solo.<br \/>\n&#8211; A aduba\u00e7\u00e3o org\u00e2nica diminui o gasto com adubo mineral.<\/p>\n<p style=\"text-align: justify;\"><strong>Exemplo<\/strong>: 10 M3 de adubo org\u00e2nico de compostagem correspondem a 50 kg de ureia, 50 kg de superfosfato triplo e 50 kg de cloreto de pot\u00e1ssio.<\/p>\n<p style=\"text-align: justify;\"><strong>INDICA\u00c7\u00c3O:<\/strong> Para todos os tipos de cultura, \u00f3timos resultados com excelente pre\u00e7o para atacado, al\u00e9m de ser um produto 100% org\u00e2nico, fornecimento ao pequeno\/m\u00e9dio e grande produtor, por ser org\u00e2nico \u00e9 bem completo por ser puro e eficaz dos fertilizantes org\u00e2nicos que temos, agindo na recupera\u00e7\u00e3o e enriquecimento r\u00e1pido do solo, podendo ser aplicado de imediato e diretamente em contato com as ra\u00edzes das plantas e sua manuten\u00e7\u00e3o, usado para vasos, jardins, hortas, canteiros e outros.<\/p>\n<p><strong>COMPOSI\u00c7\u00c3O:<\/strong> Terra diatom\u00e1cea, res\u00edduo org\u00e2nico de podas e ro\u00e7agem, res\u00edduo org\u00e2nico de preparado de refei\u00e7\u00f5es; palha de caf\u00e9, esterco bovino, iodo org\u00e2nico e cinzas.<\/p>\n<p style=\"text-align: justify;\"><strong>Obs:<\/strong> Por n\u00e3o ser t\u00f3xico, se empregado em excesso n\u00e3o prejudica a planta\u00e7\u00e3o, pelo contr\u00e1rio, quanto mais dele for colocado, mais produtiva e f\u00e9rtil a terra se tornar\u00e1.<\/p>\n<p style=\"text-align: justify;\"><strong>VALORES E INFORMA\u00c7\u00d5ES DE C\u00c1LCULOS:<\/strong><\/p>\n<p style=\"text-align: justify;\">*Para cada 10 M3 equivale a 240 sacos de 25 KG que equivale 600KG.<\/p>\n<p style=\"text-align: justify;\"><strong>Ex:<\/strong> (10M3 x 600 KG)= 6.000: 25= 240 Sacos.<\/p>\n<p style=\"text-align: justify;\"><strong>Produto:<\/strong> Adubo org\u00e2nico 100% puro<br \/>\nQuantidade: Para 1 carga de <strong>10 M3<\/strong> ou 240 Sacos de 25 kg<br \/>\nValor: <strong>R$ 490,00<\/strong> o M3 &#8211; Venda m\u00ednima de <strong>10 M3<\/strong>\u00a0<strong>(abaixo de 05 M3 o valor do M3 sai a R$: 590,00)<\/strong><br \/>\n____________________________________________________________________________<br \/>\n<strong>Produto:<\/strong> Adubo org\u00e2nico 100% puro<br \/>\nQuantidade: A partir de 3 cargas de <strong>10 M3<\/strong> cada ou 720 Sacos de 25\u00a0 kg<br \/>\nValor: <strong>R$ 480,00<\/strong> o M3<br \/>\n____________________________________________________________________________<br \/>\n<strong>Produto:<\/strong> Adubo org\u00e2nico 100% puro<br \/>\nQuantidade: A partir de 5 carga\u00a0 de <strong>10M3<\/strong> cada ou 1.200 Sacos 25 kg<br \/>\nValor: <strong>R$ 470,00<\/strong> o M3<\/p>\n<p style=\"text-align: justify;\"><strong>*ATEN\u00c7\u00c3O:<\/strong> Venda m\u00ednima de <strong>10 M3<\/strong> com sacos de 25 kg , As cargas levam at\u00e9<strong> 240<\/strong> Sacos para 10 M3 ou mais conforme tipo de caminh\u00e3o que ser\u00e1 feito as cargas e com entregas sendo dentro de BH e outros estados consulte o frete com o nosso SAC e tire suas d\u00favidas.<\/p>\n<p style=\"text-align: justify;\"><strong>*Obs: <\/strong>Vendemos no varejo sacos de 25KG os pre\u00e7os segue \u00a0aqui em nossa loja virtual consulte pela a pagina de adubos.<\/p>\n<\/div>\n","protected":false},"excerpt":{"rendered":"<p style=\"text-align: justify;\">Esse adubo org\u00e2nico \u00e9 bem completo por ser puro e eficaz, agindo na recupera\u00e7\u00e3o r\u00e1pida do solo, e pode ser usado em vasos, jardins, hortas, canteiros dentre outros. <span style=\"color: #ff0000;\">(Obs.): <span style=\"color: #000000;\">Temos os adubos para M3 e em sacos de 25 kg, e o valor: <strong><span style=\"color: #0000ff;\">R$ 490,00<\/span><\/strong> v\u00e1lido por M3 &#8211; Venda m\u00ednima de <span style=\"color: #0000ff;\"><strong>10 M3<\/strong><\/span><\/span>\u00a0<span style=\"color: #000000;\">(abaixo de<strong><span style=\"color: #0000ff;\"> 10 M3<\/span> <\/strong>o valor \u00a0sai a<strong> <span style=\"color: #0000ff;\">R$: 590,00<\/span><\/strong>)<strong>. <\/strong><span style=\"color: #ff0000;\">Ex:<\/span><strong>\u00a0<\/strong>Comprando uma carga com <strong>10M\u00b3<\/strong>; o valor total da carga:<span style=\"color: #0000ff;\"><strong> R$: 4.900,00<\/strong><\/span> entregue em BH\u00a0 Bairros e os pedidos por telefone\u00a0 via ordem de compra.\u00a0<\/span><\/span><\/p>\n","protected":false},"featured_media":936,"template":"","meta":{"_joinchat":[]},"product_brand":[],"product_cat":[11,15],"product_tag":[],"class_list":{"0":"post-940","1":"product","2":"type-product","3":"status-publish","4":"has-post-thumbnail","6":"product_cat-adubos-e-substratos","7":"product_cat-jardinagem","8":"entry","9":"has-media","11":"first","12":"onbackorder","13":"sale","14":"shipping-taxable","15":"purchasable","16":"product-type-simple","17":"col","18":"wpex-woo-entry","19":"span_1_of_4"},"yoast_head":"<!-- This site is optimized with the Yoast SEO plugin v27.4 - https:\/\/yoast.com\/product\/yoast-seo-wordpress\/ -->\n<title>Adubo org\u00e2nico a tonelada (Sacos de 40kg) - Adubos BH<\/title>\n<meta name=\"description\" content=\"O Nosso adubo org\u00e2nico \u00e9 bem completo por ser puro e eficaz dos fertilizantes, agindo na recupera\u00e7\u00e3o e enriquecimento r\u00e1pido do solo.\" \/>\n<meta name=\"robots\" content=\"index, follow, max-snippet:-1, max-image-preview:large, max-video-preview:-1\" \/>\n<link rel=\"canonical\" href=\"https:\/\/minasgramados.com.br\/Loja\/produto\/adubo-organico-a-tonelada-sacos-de-30kg\/\" \/>\n<meta name=\"twitter:card\" content=\"summary_large_image\" \/>\n<meta name=\"twitter:title\" content=\"Adubo org\u00e2nico a tonelada (Sacos de 40kg) - Adubos BH\" \/>\n<meta name=\"twitter:description\" content=\"O Nosso adubo org\u00e2nico \u00e9 bem completo por ser puro e eficaz dos fertilizantes, agindo na recupera\u00e7\u00e3o e enriquecimento r\u00e1pido do solo.\" \/>\n<meta name=\"twitter:image\" content=\"https:\/\/minasgramados.com.br\/Loja\/wp-content\/uploads\/2015\/05\/Adubo-org\u00e2nico-em-estoque.jpg\" \/>\n<meta name=\"twitter:label1\" content=\"Est. tempo de leitura\" \/>\n\t<meta name=\"twitter:data1\" content=\"3 minutos\" \/>\n<script type=\"application\/ld+json\" class=\"yoast-schema-graph\">{\"@context\":\"https:\\\/\\\/schema.org\",\"@graph\":[{\"@type\":\"WebPage\",\"@id\":\"https:\\\/\\\/minasgramados.com.br\\\/Loja\\\/produto\\\/adubo-organico-a-tonelada-sacos-de-30kg\\\/\",\"url\":\"https:\\\/\\\/minasgramados.com.br\\\/Loja\\\/produto\\\/adubo-organico-a-tonelada-sacos-de-30kg\\\/\",\"name\":\"Adubo org\u00e2nico a tonelada (Sacos de 40kg) - Adubos BH\",\"isPartOf\":{\"@id\":\"https:\\\/\\\/minasgramados.com.br\\\/Loja\\\/#website\"},\"primaryImageOfPage\":{\"@id\":\"https:\\\/\\\/minasgramados.com.br\\\/Loja\\\/produto\\\/adubo-organico-a-tonelada-sacos-de-30kg\\\/#primaryimage\"},\"image\":{\"@id\":\"https:\\\/\\\/minasgramados.com.br\\\/Loja\\\/produto\\\/adubo-organico-a-tonelada-sacos-de-30kg\\\/#primaryimage\"},\"thumbnailUrl\":\"https:\\\/\\\/minasgramados.com.br\\\/Loja\\\/wp-content\\\/uploads\\\/2015\\\/05\\\/Adubo-org\u00e2nico-em-estoque.jpg\",\"datePublished\":\"2015-06-01T18:54:41+00:00\",\"dateModified\":\"2023-11-16T17:25:41+00:00\",\"description\":\"O Nosso adubo org\u00e2nico \u00e9 bem completo por ser puro e eficaz dos fertilizantes, agindo na recupera\u00e7\u00e3o e enriquecimento r\u00e1pido do solo.\",\"breadcrumb\":{\"@id\":\"https:\\\/\\\/minasgramados.com.br\\\/Loja\\\/produto\\\/adubo-organico-a-tonelada-sacos-de-30kg\\\/#breadcrumb\"},\"inLanguage\":\"pt-BR\",\"potentialAction\":[{\"@type\":\"ReadAction\",\"target\":[\"https:\\\/\\\/minasgramados.com.br\\\/Loja\\\/produto\\\/adubo-organico-a-tonelada-sacos-de-30kg\\\/\"]}]},{\"@type\":\"ImageObject\",\"inLanguage\":\"pt-BR\",\"@id\":\"https:\\\/\\\/minasgramados.com.br\\\/Loja\\\/produto\\\/adubo-organico-a-tonelada-sacos-de-30kg\\\/#primaryimage\",\"url\":\"https:\\\/\\\/minasgramados.com.br\\\/Loja\\\/wp-content\\\/uploads\\\/2015\\\/05\\\/Adubo-org\u00e2nico-em-estoque.jpg\",\"contentUrl\":\"https:\\\/\\\/minasgramados.com.br\\\/Loja\\\/wp-content\\\/uploads\\\/2015\\\/05\\\/Adubo-org\u00e2nico-em-estoque.jpg\",\"width\":800,\"height\":499,\"caption\":\"?????????????????????????????????????????????????????????\"},{\"@type\":\"BreadcrumbList\",\"@id\":\"https:\\\/\\\/minasgramados.com.br\\\/Loja\\\/produto\\\/adubo-organico-a-tonelada-sacos-de-30kg\\\/#breadcrumb\",\"itemListElement\":[{\"@type\":\"ListItem\",\"position\":1,\"name\":\"In\u00edcio\",\"item\":\"https:\\\/\\\/minasgramados.com.br\\\/Loja\\\/\"},{\"@type\":\"ListItem\",\"position\":2,\"name\":\"Loja\",\"item\":\"https:\\\/\\\/minasgramados.com.br\\\/Loja\\\/loja-modelo-03\\\/\"},{\"@type\":\"ListItem\",\"position\":3,\"name\":\"Adubo org\u00e2nico pre\u00e7o M3 (Venda m\u00ednima 10M3)\"}]},{\"@type\":\"WebSite\",\"@id\":\"https:\\\/\\\/minasgramados.com.br\\\/Loja\\\/#website\",\"url\":\"https:\\\/\\\/minasgramados.com.br\\\/Loja\\\/\",\"name\":\"Minas Gramados - Paisagismo e Hidrossemeadura.\",\"description\":\"Distribuidora de Gramas adubos sementes em Betim e no Brasil.\",\"publisher\":{\"@id\":\"https:\\\/\\\/minasgramados.com.br\\\/Loja\\\/#organization\"},\"potentialAction\":[{\"@type\":\"SearchAction\",\"target\":{\"@type\":\"EntryPoint\",\"urlTemplate\":\"https:\\\/\\\/minasgramados.com.br\\\/Loja\\\/?s={search_term_string}\"},\"query-input\":{\"@type\":\"PropertyValueSpecification\",\"valueRequired\":true,\"valueName\":\"search_term_string\"}}],\"inLanguage\":\"pt-BR\"},{\"@type\":\"Organization\",\"@id\":\"https:\\\/\\\/minasgramados.com.br\\\/Loja\\\/#organization\",\"name\":\"Minas Gramados - Paisagismo e Hidrossemeadura.\",\"url\":\"https:\\\/\\\/minasgramados.com.br\\\/Loja\\\/\",\"logo\":{\"@type\":\"ImageObject\",\"inLanguage\":\"pt-BR\",\"@id\":\"https:\\\/\\\/minasgramados.com.br\\\/Loja\\\/#\\\/schema\\\/logo\\\/image\\\/\",\"url\":\"https:\\\/\\\/minasgramados.com.br\\\/Loja\\\/wp-content\\\/uploads\\\/2018\\\/06\\\/gramados-original-1.gif\",\"contentUrl\":\"https:\\\/\\\/minasgramados.com.br\\\/Loja\\\/wp-content\\\/uploads\\\/2018\\\/06\\\/gramados-original-1.gif\",\"width\":600,\"height\":300,\"caption\":\"Minas Gramados - Paisagismo e Hidrossemeadura.\"},\"image\":{\"@id\":\"https:\\\/\\\/minasgramados.com.br\\\/Loja\\\/#\\\/schema\\\/logo\\\/image\\\/\"}}]}<\/script>\n<!-- \/ Yoast SEO plugin. -->","yoast_head_json":{"title":"Adubo org\u00e2nico a tonelada (Sacos de 40kg) - Adubos BH","description":"O Nosso adubo org\u00e2nico \u00e9 bem completo por ser puro e eficaz dos fertilizantes, agindo na recupera\u00e7\u00e3o e enriquecimento r\u00e1pido do solo.","robots":{"index":"index","follow":"follow","max-snippet":"max-snippet:-1","max-image-preview":"max-image-preview:large","max-video-preview":"max-video-preview:-1"},"canonical":"https:\/\/minasgramados.com.br\/Loja\/produto\/adubo-organico-a-tonelada-sacos-de-30kg\/","twitter_card":"summary_large_image","twitter_title":"Adubo org\u00e2nico a tonelada (Sacos de 40kg) - Adubos BH","twitter_description":"O Nosso adubo org\u00e2nico \u00e9 bem completo por ser puro e eficaz dos fertilizantes, agindo na recupera\u00e7\u00e3o e enriquecimento r\u00e1pido do solo.","twitter_image":"https:\/\/minasgramados.com.br\/Loja\/wp-content\/uploads\/2015\/05\/Adubo-org\u00e2nico-em-estoque.jpg","twitter_misc":{"Est. tempo de leitura":"3 minutos"},"schema":{"@context":"https:\/\/schema.org","@graph":[{"@type":"WebPage","@id":"https:\/\/minasgramados.com.br\/Loja\/produto\/adubo-organico-a-tonelada-sacos-de-30kg\/","url":"https:\/\/minasgramados.com.br\/Loja\/produto\/adubo-organico-a-tonelada-sacos-de-30kg\/","name":"Adubo org\u00e2nico a tonelada (Sacos de 40kg) - Adubos BH","isPartOf":{"@id":"https:\/\/minasgramados.com.br\/Loja\/#website"},"primaryImageOfPage":{"@id":"https:\/\/minasgramados.com.br\/Loja\/produto\/adubo-organico-a-tonelada-sacos-de-30kg\/#primaryimage"},"image":{"@id":"https:\/\/minasgramados.com.br\/Loja\/produto\/adubo-organico-a-tonelada-sacos-de-30kg\/#primaryimage"},"thumbnailUrl":"https:\/\/minasgramados.com.br\/Loja\/wp-content\/uploads\/2015\/05\/Adubo-org\u00e2nico-em-estoque.jpg","datePublished":"2015-06-01T18:54:41+00:00","dateModified":"2023-11-16T17:25:41+00:00","description":"O Nosso adubo org\u00e2nico \u00e9 bem completo por ser puro e eficaz dos fertilizantes, agindo na recupera\u00e7\u00e3o e enriquecimento r\u00e1pido do solo.","breadcrumb":{"@id":"https:\/\/minasgramados.com.br\/Loja\/produto\/adubo-organico-a-tonelada-sacos-de-30kg\/#breadcrumb"},"inLanguage":"pt-BR","potentialAction":[{"@type":"ReadAction","target":["https:\/\/minasgramados.com.br\/Loja\/produto\/adubo-organico-a-tonelada-sacos-de-30kg\/"]}]},{"@type":"ImageObject","inLanguage":"pt-BR","@id":"https:\/\/minasgramados.com.br\/Loja\/produto\/adubo-organico-a-tonelada-sacos-de-30kg\/#primaryimage","url":"https:\/\/minasgramados.com.br\/Loja\/wp-content\/uploads\/2015\/05\/Adubo-org\u00e2nico-em-estoque.jpg","contentUrl":"https:\/\/minasgramados.com.br\/Loja\/wp-content\/uploads\/2015\/05\/Adubo-org\u00e2nico-em-estoque.jpg","width":800,"height":499,"caption":"?????????????????????????????????????????????????????????"},{"@type":"BreadcrumbList","@id":"https:\/\/minasgramados.com.br\/Loja\/produto\/adubo-organico-a-tonelada-sacos-de-30kg\/#breadcrumb","itemListElement":[{"@type":"ListItem","position":1,"name":"In\u00edcio","item":"https:\/\/minasgramados.com.br\/Loja\/"},{"@type":"ListItem","position":2,"name":"Loja","item":"https:\/\/minasgramados.com.br\/Loja\/loja-modelo-03\/"},{"@type":"ListItem","position":3,"name":"Adubo org\u00e2nico pre\u00e7o M3 (Venda m\u00ednima 10M3)"}]},{"@type":"WebSite","@id":"https:\/\/minasgramados.com.br\/Loja\/#website","url":"https:\/\/minasgramados.com.br\/Loja\/","name":"Minas Gramados - Paisagismo e Hidrossemeadura.","description":"Distribuidora de Gramas adubos sementes em Betim e no Brasil.","publisher":{"@id":"https:\/\/minasgramados.com.br\/Loja\/#organization"},"potentialAction":[{"@type":"SearchAction","target":{"@type":"EntryPoint","urlTemplate":"https:\/\/minasgramados.com.br\/Loja\/?s={search_term_string}"},"query-input":{"@type":"PropertyValueSpecification","valueRequired":true,"valueName":"search_term_string"}}],"inLanguage":"pt-BR"},{"@type":"Organization","@id":"https:\/\/minasgramados.com.br\/Loja\/#organization","name":"Minas Gramados - Paisagismo e Hidrossemeadura.","url":"https:\/\/minasgramados.com.br\/Loja\/","logo":{"@type":"ImageObject","inLanguage":"pt-BR","@id":"https:\/\/minasgramados.com.br\/Loja\/#\/schema\/logo\/image\/","url":"https:\/\/minasgramados.com.br\/Loja\/wp-content\/uploads\/2018\/06\/gramados-original-1.gif","contentUrl":"https:\/\/minasgramados.com.br\/Loja\/wp-content\/uploads\/2018\/06\/gramados-original-1.gif","width":600,"height":300,"caption":"Minas Gramados - Paisagismo e Hidrossemeadura."},"image":{"@id":"https:\/\/minasgramados.com.br\/Loja\/#\/schema\/logo\/image\/"}}]}},"_links":{"self":[{"href":"https:\/\/minasgramados.com.br\/Loja\/wp-json\/wp\/v2\/product\/940","targetHints":{"allow":["GET"]}}],"collection":[{"href":"https:\/\/minasgramados.com.br\/Loja\/wp-json\/wp\/v2\/product"}],"about":[{"href":"https:\/\/minasgramados.com.br\/Loja\/wp-json\/wp\/v2\/types\/product"}],"wp:featuredmedia":[{"embeddable":true,"href":"https:\/\/minasgramados.com.br\/Loja\/wp-json\/wp\/v2\/media\/936"}],"wp:attachment":[{"href":"https:\/\/minasgramados.com.br\/Loja\/wp-json\/wp\/v2\/media?parent=940"}],"wp:term":[{"taxonomy":"product_brand","embeddable":true,"href":"https:\/\/minasgramados.com.br\/Loja\/wp-json\/wp\/v2\/product_brand?post=940"},{"taxonomy":"product_cat","embeddable":true,"href":"https:\/\/minasgramados.com.br\/Loja\/wp-json\/wp\/v2\/product_cat?post=940"},{"taxonomy":"product_tag","embeddable":true,"href":"https:\/\/minasgramados.com.br\/Loja\/wp-json\/wp\/v2\/product_tag?post=940"}],"curies":[{"name":"wp","href":"https:\/\/api.w.org\/{rel}","templated":true}]}}