{"id":947,"date":"2015-06-03T13:29:11","date_gmt":"2015-06-03T13:29:11","guid":{"rendered":"http:\/\/minasgramados.com.br\/Loja\/produto\/esterco-de-gado-confinado-saco-40-litros-e-m%c2%b3\/"},"modified":"2024-04-20T17:50:28","modified_gmt":"2024-04-20T20:50:28","slug":"esterco-de-gado-confinado-saco-40-litros-e-m%c2%b3","status":"publish","type":"product","link":"https:\/\/minasgramados.com.br\/Loja\/produto\/esterco-de-gado-confinado-saco-40-litros-e-m%c2%b3\/","title":{"rendered":"Esterco de gado (Toneladas e Sacos)"},"content":{"rendered":"<h3><\/h3>\n<div class=\"ProductDescriptionContainer\">\n<p style=\"text-align: justify;\">Fornecemos esterco de gado confinado de alta qualidade, ele \u00e9 retirado do confinamento de gados de corte, base da dieta alimentar de milho e soja &#8211; material nobre, alta qualidade!!! 100% puro e livre de sementes, estabilizado, e elevada qualidade. O nosso esterco \u00e9 rico em nutrientes, \u00fatil e necess\u00e1ria a agricultura no plantio de hortali\u00e7as, pomares dentre outros.<\/p>\n<p style=\"text-align: justify;\">O Nosso esterco \u00e9 bem completo por ser puro e eficaz dos fertilizantes org\u00e2nicos, agindo na recupera\u00e7\u00e3o e enriquecimento r\u00e1pido do solo, podendo ser aplicado de imediato e diretamente em contato com as ra\u00edzes das plantas e sua manuten\u00e7\u00e3o, usado para vasos, jardins, hortas e canteiros.<\/p>\n<p style=\"text-align: justify;\">Por n\u00e3o ser t\u00f3xico, se empregado em excesso n\u00e3o prejudica a planta\u00e7\u00e3o, pelo contr\u00e1rio, quanto mais esterco for colocado, mais produtiva e f\u00e9rtil a terra se tornar\u00e1.<\/p>\n<p style=\"text-align: justify;\"><strong>VALORES E INFORMA\u00c7\u00d5ES SUJEITO A ALTERA\u00c7\u00d5ES SEM AVISO PR\u00c9VIO<\/strong><\/p>\n<p style=\"text-align: justify;\"><strong>Produto:<\/strong> Esterco 100% puro<br \/>\n<strong>Quantidade:<\/strong> Para 1 carga de 20 toneladas<br \/>\n<strong>Valor :<\/strong> <strong>R$28,50 <\/strong>Por saco<strong> (Compras m\u00ednima de 350 )<\/strong><\/p>\n<p><strong>VALOR DO ESTERCO TONELADA \/M3\u00a0<\/strong><\/p>\n<p><strong>Quantidade\u00a0 m\u00ednima:<\/strong> 20 toneladas ou mais.<br \/>\n<strong>Valor :<\/strong> <b>R$450,00 m3\/ tonelada <\/b>(M\u00ednimo de 20 m3 ou toneladas ou mais)<\/p>\n<p style=\"text-align: justify;\"><strong>*ATEN\u00c7\u00c3O:<\/strong> Valor acima \u00e9 sem frete para entregas seja em cidades ou outros estados consultar valor de fretes.<\/p>\n<p style=\"text-align: justify;\"><strong>*OBS:<\/strong> Vendemos esterco por M3(Tonelada), produto\u00a0 precisa ser encomendado e o transporte \u00e9 feito em carretas normal e Bi Trens, consulte nosso SAC e tire suas d\u00favidas<\/p>\n<p>*<strong>E MAIS:<\/strong> Temos substratos em M3 aqui mesmo em nossa loja virtual com valores\u00a0 mais em conta para atacado, consulte-nos para comparar<strong>.<\/strong><\/p>\n<\/div>\n","protected":false},"excerpt":{"rendered":"<p style=\"text-align: justify;\"><strong>Esterco de gado confinado: <\/strong>Produto\u00a0de alta qualidade retirado de confinamento, material nobre de alta qualidade, 100% puro e livre de sementes, de elevada qualidade, por ser puro e eficaz. <strong>*OBS:<\/strong> S\u00e3o Sacos de 35 Litros com entregas em BH e regi\u00e3o e outras cidades e estados somente por transportadora.<strong>(<\/strong>O FRETE \u00a0\u00c9 COBRADO A PARTE<strong> ).\u00a0<span style=\"color: #ff0000;\"> Obs.:<\/span><\/strong><span style=\"color: #ff0000;\"> Atendemos por m3 (tonelada), c<\/span><span style=\"color: #ff0000;\">onsulte valor e disponibilidade, as <\/span><span style=\"color: #ff0000;\">vendas \u00e9 somente por telefone e via ordem de compra.<\/span><\/p>\n","protected":false},"featured_media":950,"template":"","meta":{"_joinchat":[]},"product_brand":[],"product_cat":[11,15],"product_tag":[],"class_list":{"0":"post-947","1":"product","2":"type-product","3":"status-publish","4":"has-post-thumbnail","6":"product_cat-adubos-e-substratos","7":"product_cat-jardinagem","8":"product_shipping_class-transportadora","9":"entry","10":"has-media","12":"first","13":"outofstock","14":"sale","15":"shipping-taxable","16":"purchasable","17":"product-type-simple","18":"col","19":"wpex-woo-entry","20":"span_1_of_4"},"yoast_head":"<!-- This site is optimized with the Yoast SEO plugin v27.5 - https:\/\/yoast.com\/product\/yoast-seo-wordpress\/ -->\n<title>Esterco de gado confinado - Minas Gramados - Esterco BH<\/title>\n<meta name=\"description\" content=\"Esterco de gado confinado de alta qualidade, de confinamento de gado de corte, uma dieta alimentar de milho e soja, produto livre de sementes.\" \/>\n<meta name=\"robots\" content=\"index, follow, max-snippet:-1, max-image-preview:large, max-video-preview:-1\" \/>\n<link rel=\"canonical\" href=\"https:\/\/minasgramados.com.br\/Loja\/produto\/esterco-de-gado-confinado-saco-40-litros-e-m\u00b3\/\" \/>\n<meta name=\"twitter:card\" content=\"summary_large_image\" \/>\n<meta name=\"twitter:title\" content=\"Esterco de gado confinado - Minas Gramados - Esterco BH\" \/>\n<meta name=\"twitter:description\" content=\"Esterco de gado confinado de alta qualidade, de confinamento de gado de corte, uma dieta alimentar de milho e soja, produto livre de sementes.\" \/>\n<meta name=\"twitter:image\" content=\"https:\/\/minasgramados.com.br\/Loja\/wp-content\/uploads\/2015\/06\/Esterco_curtido_no_campo.__87122_zoom.jpg\" \/>\n<meta name=\"twitter:label1\" content=\"Est. tempo de leitura\" \/>\n\t<meta name=\"twitter:data1\" content=\"2 minutos\" \/>\n<script type=\"application\/ld+json\" class=\"yoast-schema-graph\">{\"@context\":\"https:\\\/\\\/schema.org\",\"@graph\":[{\"@type\":\"WebPage\",\"@id\":\"https:\\\/\\\/minasgramados.com.br\\\/Loja\\\/produto\\\/esterco-de-gado-confinado-saco-40-litros-e-m%c2%b3\\\/\",\"url\":\"https:\\\/\\\/minasgramados.com.br\\\/Loja\\\/produto\\\/esterco-de-gado-confinado-saco-40-litros-e-m%c2%b3\\\/\",\"name\":\"Esterco de gado confinado - Minas Gramados - Esterco BH\",\"isPartOf\":{\"@id\":\"https:\\\/\\\/minasgramados.com.br\\\/Loja\\\/#website\"},\"primaryImageOfPage\":{\"@id\":\"https:\\\/\\\/minasgramados.com.br\\\/Loja\\\/produto\\\/esterco-de-gado-confinado-saco-40-litros-e-m%c2%b3\\\/#primaryimage\"},\"image\":{\"@id\":\"https:\\\/\\\/minasgramados.com.br\\\/Loja\\\/produto\\\/esterco-de-gado-confinado-saco-40-litros-e-m%c2%b3\\\/#primaryimage\"},\"thumbnailUrl\":\"https:\\\/\\\/minasgramados.com.br\\\/Loja\\\/wp-content\\\/uploads\\\/2015\\\/06\\\/Esterco_curtido_no_campo.__87122_zoom.jpg\",\"datePublished\":\"2015-06-03T13:29:11+00:00\",\"dateModified\":\"2024-04-20T20:50:28+00:00\",\"description\":\"Esterco de gado confinado de alta qualidade, de confinamento de gado de corte, uma dieta alimentar de milho e soja, produto livre de sementes.\",\"breadcrumb\":{\"@id\":\"https:\\\/\\\/minasgramados.com.br\\\/Loja\\\/produto\\\/esterco-de-gado-confinado-saco-40-litros-e-m%c2%b3\\\/#breadcrumb\"},\"inLanguage\":\"pt-BR\",\"potentialAction\":[{\"@type\":\"ReadAction\",\"target\":[\"https:\\\/\\\/minasgramados.com.br\\\/Loja\\\/produto\\\/esterco-de-gado-confinado-saco-40-litros-e-m%c2%b3\\\/\"]}]},{\"@type\":\"ImageObject\",\"inLanguage\":\"pt-BR\",\"@id\":\"https:\\\/\\\/minasgramados.com.br\\\/Loja\\\/produto\\\/esterco-de-gado-confinado-saco-40-litros-e-m%c2%b3\\\/#primaryimage\",\"url\":\"https:\\\/\\\/minasgramados.com.br\\\/Loja\\\/wp-content\\\/uploads\\\/2015\\\/06\\\/Esterco_curtido_no_campo.__87122_zoom.jpg\",\"contentUrl\":\"https:\\\/\\\/minasgramados.com.br\\\/Loja\\\/wp-content\\\/uploads\\\/2015\\\/06\\\/Esterco_curtido_no_campo.__87122_zoom.jpg\",\"width\":800,\"height\":600,\"caption\":\"Esterco de confinamento\"},{\"@type\":\"BreadcrumbList\",\"@id\":\"https:\\\/\\\/minasgramados.com.br\\\/Loja\\\/produto\\\/esterco-de-gado-confinado-saco-40-litros-e-m%c2%b3\\\/#breadcrumb\",\"itemListElement\":[{\"@type\":\"ListItem\",\"position\":1,\"name\":\"In\u00edcio\",\"item\":\"https:\\\/\\\/minasgramados.com.br\\\/Loja\\\/\"},{\"@type\":\"ListItem\",\"position\":2,\"name\":\"Loja\",\"item\":\"https:\\\/\\\/minasgramados.com.br\\\/Loja\\\/loja-modelo-03\\\/\"},{\"@type\":\"ListItem\",\"position\":3,\"name\":\"Esterco de gado (Toneladas e Sacos)\"}]},{\"@type\":\"WebSite\",\"@id\":\"https:\\\/\\\/minasgramados.com.br\\\/Loja\\\/#website\",\"url\":\"https:\\\/\\\/minasgramados.com.br\\\/Loja\\\/\",\"name\":\"Minas Gramados - Paisagismo e Hidrossemeadura.\",\"description\":\"Distribuidora de Gramas adubos sementes em Betim e no Brasil.\",\"publisher\":{\"@id\":\"https:\\\/\\\/minasgramados.com.br\\\/Loja\\\/#organization\"},\"potentialAction\":[{\"@type\":\"SearchAction\",\"target\":{\"@type\":\"EntryPoint\",\"urlTemplate\":\"https:\\\/\\\/minasgramados.com.br\\\/Loja\\\/?s={search_term_string}\"},\"query-input\":{\"@type\":\"PropertyValueSpecification\",\"valueRequired\":true,\"valueName\":\"search_term_string\"}}],\"inLanguage\":\"pt-BR\"},{\"@type\":\"Organization\",\"@id\":\"https:\\\/\\\/minasgramados.com.br\\\/Loja\\\/#organization\",\"name\":\"Minas Gramados - Paisagismo e Hidrossemeadura.\",\"url\":\"https:\\\/\\\/minasgramados.com.br\\\/Loja\\\/\",\"logo\":{\"@type\":\"ImageObject\",\"inLanguage\":\"pt-BR\",\"@id\":\"https:\\\/\\\/minasgramados.com.br\\\/Loja\\\/#\\\/schema\\\/logo\\\/image\\\/\",\"url\":\"https:\\\/\\\/minasgramados.com.br\\\/Loja\\\/wp-content\\\/uploads\\\/2018\\\/06\\\/gramados-original-1.gif\",\"contentUrl\":\"https:\\\/\\\/minasgramados.com.br\\\/Loja\\\/wp-content\\\/uploads\\\/2018\\\/06\\\/gramados-original-1.gif\",\"width\":600,\"height\":300,\"caption\":\"Minas Gramados - Paisagismo e Hidrossemeadura.\"},\"image\":{\"@id\":\"https:\\\/\\\/minasgramados.com.br\\\/Loja\\\/#\\\/schema\\\/logo\\\/image\\\/\"}}]}<\/script>\n<!-- \/ Yoast SEO plugin. -->","yoast_head_json":{"title":"Esterco de gado confinado - Minas Gramados - Esterco BH","description":"Esterco de gado confinado de alta qualidade, de confinamento de gado de corte, uma dieta alimentar de milho e soja, produto livre de sementes.","robots":{"index":"index","follow":"follow","max-snippet":"max-snippet:-1","max-image-preview":"max-image-preview:large","max-video-preview":"max-video-preview:-1"},"canonical":"https:\/\/minasgramados.com.br\/Loja\/produto\/esterco-de-gado-confinado-saco-40-litros-e-m\u00b3\/","twitter_card":"summary_large_image","twitter_title":"Esterco de gado confinado - Minas Gramados - Esterco BH","twitter_description":"Esterco de gado confinado de alta qualidade, de confinamento de gado de corte, uma dieta alimentar de milho e soja, produto livre de sementes.","twitter_image":"https:\/\/minasgramados.com.br\/Loja\/wp-content\/uploads\/2015\/06\/Esterco_curtido_no_campo.__87122_zoom.jpg","twitter_misc":{"Est. tempo de leitura":"2 minutos"},"schema":{"@context":"https:\/\/schema.org","@graph":[{"@type":"WebPage","@id":"https:\/\/minasgramados.com.br\/Loja\/produto\/esterco-de-gado-confinado-saco-40-litros-e-m%c2%b3\/","url":"https:\/\/minasgramados.com.br\/Loja\/produto\/esterco-de-gado-confinado-saco-40-litros-e-m%c2%b3\/","name":"Esterco de gado confinado - Minas Gramados - Esterco BH","isPartOf":{"@id":"https:\/\/minasgramados.com.br\/Loja\/#website"},"primaryImageOfPage":{"@id":"https:\/\/minasgramados.com.br\/Loja\/produto\/esterco-de-gado-confinado-saco-40-litros-e-m%c2%b3\/#primaryimage"},"image":{"@id":"https:\/\/minasgramados.com.br\/Loja\/produto\/esterco-de-gado-confinado-saco-40-litros-e-m%c2%b3\/#primaryimage"},"thumbnailUrl":"https:\/\/minasgramados.com.br\/Loja\/wp-content\/uploads\/2015\/06\/Esterco_curtido_no_campo.__87122_zoom.jpg","datePublished":"2015-06-03T13:29:11+00:00","dateModified":"2024-04-20T20:50:28+00:00","description":"Esterco de gado confinado de alta qualidade, de confinamento de gado de corte, uma dieta alimentar de milho e soja, produto livre de sementes.","breadcrumb":{"@id":"https:\/\/minasgramados.com.br\/Loja\/produto\/esterco-de-gado-confinado-saco-40-litros-e-m%c2%b3\/#breadcrumb"},"inLanguage":"pt-BR","potentialAction":[{"@type":"ReadAction","target":["https:\/\/minasgramados.com.br\/Loja\/produto\/esterco-de-gado-confinado-saco-40-litros-e-m%c2%b3\/"]}]},{"@type":"ImageObject","inLanguage":"pt-BR","@id":"https:\/\/minasgramados.com.br\/Loja\/produto\/esterco-de-gado-confinado-saco-40-litros-e-m%c2%b3\/#primaryimage","url":"https:\/\/minasgramados.com.br\/Loja\/wp-content\/uploads\/2015\/06\/Esterco_curtido_no_campo.__87122_zoom.jpg","contentUrl":"https:\/\/minasgramados.com.br\/Loja\/wp-content\/uploads\/2015\/06\/Esterco_curtido_no_campo.__87122_zoom.jpg","width":800,"height":600,"caption":"Esterco de confinamento"},{"@type":"BreadcrumbList","@id":"https:\/\/minasgramados.com.br\/Loja\/produto\/esterco-de-gado-confinado-saco-40-litros-e-m%c2%b3\/#breadcrumb","itemListElement":[{"@type":"ListItem","position":1,"name":"In\u00edcio","item":"https:\/\/minasgramados.com.br\/Loja\/"},{"@type":"ListItem","position":2,"name":"Loja","item":"https:\/\/minasgramados.com.br\/Loja\/loja-modelo-03\/"},{"@type":"ListItem","position":3,"name":"Esterco de gado (Toneladas e Sacos)"}]},{"@type":"WebSite","@id":"https:\/\/minasgramados.com.br\/Loja\/#website","url":"https:\/\/minasgramados.com.br\/Loja\/","name":"Minas Gramados - Paisagismo e Hidrossemeadura.","description":"Distribuidora de Gramas adubos sementes em Betim e no Brasil.","publisher":{"@id":"https:\/\/minasgramados.com.br\/Loja\/#organization"},"potentialAction":[{"@type":"SearchAction","target":{"@type":"EntryPoint","urlTemplate":"https:\/\/minasgramados.com.br\/Loja\/?s={search_term_string}"},"query-input":{"@type":"PropertyValueSpecification","valueRequired":true,"valueName":"search_term_string"}}],"inLanguage":"pt-BR"},{"@type":"Organization","@id":"https:\/\/minasgramados.com.br\/Loja\/#organization","name":"Minas Gramados - Paisagismo e Hidrossemeadura.","url":"https:\/\/minasgramados.com.br\/Loja\/","logo":{"@type":"ImageObject","inLanguage":"pt-BR","@id":"https:\/\/minasgramados.com.br\/Loja\/#\/schema\/logo\/image\/","url":"https:\/\/minasgramados.com.br\/Loja\/wp-content\/uploads\/2018\/06\/gramados-original-1.gif","contentUrl":"https:\/\/minasgramados.com.br\/Loja\/wp-content\/uploads\/2018\/06\/gramados-original-1.gif","width":600,"height":300,"caption":"Minas Gramados - Paisagismo e Hidrossemeadura."},"image":{"@id":"https:\/\/minasgramados.com.br\/Loja\/#\/schema\/logo\/image\/"}}]}},"_links":{"self":[{"href":"https:\/\/minasgramados.com.br\/Loja\/wp-json\/wp\/v2\/product\/947","targetHints":{"allow":["GET"]}}],"collection":[{"href":"https:\/\/minasgramados.com.br\/Loja\/wp-json\/wp\/v2\/product"}],"about":[{"href":"https:\/\/minasgramados.com.br\/Loja\/wp-json\/wp\/v2\/types\/product"}],"wp:featuredmedia":[{"embeddable":true,"href":"https:\/\/minasgramados.com.br\/Loja\/wp-json\/wp\/v2\/media\/950"}],"wp:attachment":[{"href":"https:\/\/minasgramados.com.br\/Loja\/wp-json\/wp\/v2\/media?parent=947"}],"wp:term":[{"taxonomy":"product_brand","embeddable":true,"href":"https:\/\/minasgramados.com.br\/Loja\/wp-json\/wp\/v2\/product_brand?post=947"},{"taxonomy":"product_cat","embeddable":true,"href":"https:\/\/minasgramados.com.br\/Loja\/wp-json\/wp\/v2\/product_cat?post=947"},{"taxonomy":"product_tag","embeddable":true,"href":"https:\/\/minasgramados.com.br\/Loja\/wp-json\/wp\/v2\/product_tag?post=947"}],"curies":[{"name":"wp","href":"https:\/\/api.w.org\/{rel}","templated":true}]}}