{"id":952,"date":"2015-06-03T13:45:59","date_gmt":"2015-06-03T16:45:59","guid":{"rendered":"http:\/\/minasgramados.com.br\/Loja\/?post_type=product&#038;p=952"},"modified":"2024-04-20T17:28:17","modified_gmt":"2024-04-20T20:28:17","slug":"esterco-de-gado-confinado-sacos-35-litros","status":"publish","type":"product","link":"https:\/\/minasgramados.com.br\/Loja\/produto\/esterco-de-gado-confinado-sacos-35-litros\/","title":{"rendered":"Esterco de gado (Sacos 35LT)"},"content":{"rendered":"<p style=\"text-align: justify;\">Fornecemos esterco de gado confinado de alta Qualidade, ele \u00e9 retirado de confinamento de gados de corte, base da dieta alimentar de milho e soja &#8211; material nobre, alta qualidade!!! 100% puro e livre de sementes, estabilizado, e elevada qualidade. O nosso esterco \u00e9 rico em nutrientes, \u00fatil e necess\u00e1ria a agricultura no plantio de hortali\u00e7as, pomares dentre outros.<\/p>\n<p style=\"text-align: justify;\">O Nosso esterco \u00e9 bem completo por ser puro e eficaz dos fertilizantes org\u00e2nicos, agindo na recupera\u00e7\u00e3o e enriquecimento r\u00e1pido do solo, podendo ser aplicado de imediato e diretamente em contato com as ra\u00edzes das plantas e sua manuten\u00e7\u00e3o, usado para vasos, jardins, hortas e canteiros.<\/p>\n<p style=\"text-align: justify;\">Por n\u00e3o ser t\u00f3xico, se empregado em excesso n\u00e3o prejudica a planta\u00e7\u00e3o, pelo contr\u00e1rio, quanto mais esterco for colocado, mais produtiva e f\u00e9rtil a terra se tornar\u00e1.<\/p>\n<p><strong>VALORES E INFORMA\u00c7\u00d5ES SUJEITO A ALTERA\u00c7\u00d5ES SEM AVISO PR\u00c9VIO<\/strong><\/p>\n<p><strong>Produto:<\/strong> Esterco 100% puro<br \/>\n<strong>Quantidade:<\/strong> Para cargas fechadas 340 Sacos de 35 Lts.<br \/>\n<strong>Valor :<\/strong>\u00a0<strong>R$28,50 <\/strong>Por saco<strong> (Compras de 350 sacos acima )<\/strong><\/p>\n<p><strong>*OBS: <\/strong>Consulte-nos o valor do frete, entregamos na grande BH e outras cidades e estados.<\/p>\n","protected":false},"excerpt":{"rendered":"<p style=\"text-align: justify;\">Fornecemos esterco de gado confinado de alta qualidade, que \u00e9 retirado de confinamento de gados de corte, base da dieta alimentar de milho e soja &#8211; material nobre, alta qualidade e 100% puro e livre de sementes, estabilizado, e elevada qualidade. <span style=\"color: #ff0000;\">(Obs): Temos o esterco em estoque para sacos de 35 Lt 20 kg, para grandes quantidades somente por encomenda e sua venda \u00e9 somente por telefone \u00a0e via ordem de compra).<\/span><\/p>\n","protected":false},"featured_media":3252,"template":"","meta":{"_joinchat":[]},"product_brand":[],"product_cat":[11,15],"product_tag":[12,48],"class_list":{"0":"post-952","1":"product","2":"type-product","3":"status-publish","4":"has-post-thumbnail","6":"product_cat-adubos-e-substratos","7":"product_cat-jardinagem","8":"product_tag-adubos","9":"product_tag-esterco","10":"product_shipping_class-transportadora","11":"entry","12":"has-media","14":"first","15":"outofstock","16":"sale","17":"shipping-taxable","18":"purchasable","19":"product-type-simple","20":"col","21":"wpex-woo-entry","22":"span_1_of_4"},"yoast_head":"<!-- This site is optimized with the Yoast SEO plugin v27.3 - https:\/\/yoast.com\/product\/yoast-seo-wordpress\/ -->\n<title>Esterco de gado confinado (Saco 50 Litros) - Esterco BH<\/title>\n<meta name=\"description\" content=\"O Esterco de Gado confinado de alta Qualidade, ele \u00e9 retirado de confinamento de gado de corte, base da dieta alimentar de milho e soja.\" \/>\n<meta name=\"robots\" content=\"index, follow, max-snippet:-1, max-image-preview:large, max-video-preview:-1\" \/>\n<link rel=\"canonical\" href=\"https:\/\/minasgramados.com.br\/Loja\/produto\/esterco-de-gado-confinado-sacos-35-litros\/\" \/>\n<meta name=\"twitter:card\" content=\"summary_large_image\" \/>\n<meta name=\"twitter:title\" content=\"Esterco de gado confinado (Saco 50 Litros) - Esterco BH\" \/>\n<meta name=\"twitter:description\" content=\"O Esterco de Gado confinado de alta Qualidade, ele \u00e9 retirado de confinamento de gado de corte, base da dieta alimentar de milho e soja.\" \/>\n<meta name=\"twitter:image\" content=\"https:\/\/minasgramados.com.br\/Loja\/wp-content\/uploads\/2015\/06\/Esterco-Gado-MG-20kg.png\" \/>\n<meta name=\"twitter:label1\" content=\"Est. tempo de leitura\" \/>\n\t<meta name=\"twitter:data1\" content=\"1 minuto\" \/>\n<script type=\"application\/ld+json\" class=\"yoast-schema-graph\">{\"@context\":\"https:\\\/\\\/schema.org\",\"@graph\":[{\"@type\":\"WebPage\",\"@id\":\"https:\\\/\\\/minasgramados.com.br\\\/Loja\\\/produto\\\/esterco-de-gado-confinado-sacos-35-litros\\\/\",\"url\":\"https:\\\/\\\/minasgramados.com.br\\\/Loja\\\/produto\\\/esterco-de-gado-confinado-sacos-35-litros\\\/\",\"name\":\"Esterco de gado confinado (Saco 50 Litros) - Esterco BH\",\"isPartOf\":{\"@id\":\"https:\\\/\\\/minasgramados.com.br\\\/Loja\\\/#website\"},\"primaryImageOfPage\":{\"@id\":\"https:\\\/\\\/minasgramados.com.br\\\/Loja\\\/produto\\\/esterco-de-gado-confinado-sacos-35-litros\\\/#primaryimage\"},\"image\":{\"@id\":\"https:\\\/\\\/minasgramados.com.br\\\/Loja\\\/produto\\\/esterco-de-gado-confinado-sacos-35-litros\\\/#primaryimage\"},\"thumbnailUrl\":\"https:\\\/\\\/minasgramados.com.br\\\/Loja\\\/wp-content\\\/uploads\\\/2015\\\/06\\\/Esterco-Gado-MG-20kg.png\",\"datePublished\":\"2015-06-03T16:45:59+00:00\",\"dateModified\":\"2024-04-20T20:28:17+00:00\",\"description\":\"O Esterco de Gado confinado de alta Qualidade, ele \u00e9 retirado de confinamento de gado de corte, base da dieta alimentar de milho e soja.\",\"breadcrumb\":{\"@id\":\"https:\\\/\\\/minasgramados.com.br\\\/Loja\\\/produto\\\/esterco-de-gado-confinado-sacos-35-litros\\\/#breadcrumb\"},\"inLanguage\":\"pt-BR\",\"potentialAction\":[{\"@type\":\"ReadAction\",\"target\":[\"https:\\\/\\\/minasgramados.com.br\\\/Loja\\\/produto\\\/esterco-de-gado-confinado-sacos-35-litros\\\/\"]}]},{\"@type\":\"ImageObject\",\"inLanguage\":\"pt-BR\",\"@id\":\"https:\\\/\\\/minasgramados.com.br\\\/Loja\\\/produto\\\/esterco-de-gado-confinado-sacos-35-litros\\\/#primaryimage\",\"url\":\"https:\\\/\\\/minasgramados.com.br\\\/Loja\\\/wp-content\\\/uploads\\\/2015\\\/06\\\/Esterco-Gado-MG-20kg.png\",\"contentUrl\":\"https:\\\/\\\/minasgramados.com.br\\\/Loja\\\/wp-content\\\/uploads\\\/2015\\\/06\\\/Esterco-Gado-MG-20kg.png\",\"width\":336,\"height\":413},{\"@type\":\"BreadcrumbList\",\"@id\":\"https:\\\/\\\/minasgramados.com.br\\\/Loja\\\/produto\\\/esterco-de-gado-confinado-sacos-35-litros\\\/#breadcrumb\",\"itemListElement\":[{\"@type\":\"ListItem\",\"position\":1,\"name\":\"In\u00edcio\",\"item\":\"https:\\\/\\\/minasgramados.com.br\\\/Loja\\\/\"},{\"@type\":\"ListItem\",\"position\":2,\"name\":\"Loja\",\"item\":\"https:\\\/\\\/minasgramados.com.br\\\/Loja\\\/loja-modelo-03\\\/\"},{\"@type\":\"ListItem\",\"position\":3,\"name\":\"Esterco de gado (Sacos 35LT)\"}]},{\"@type\":\"WebSite\",\"@id\":\"https:\\\/\\\/minasgramados.com.br\\\/Loja\\\/#website\",\"url\":\"https:\\\/\\\/minasgramados.com.br\\\/Loja\\\/\",\"name\":\"Minas Gramados - Paisagismo e Hidrossemeadura.\",\"description\":\"Distribuidora de Gramas adubos sementes em Betim e no Brasil.\",\"publisher\":{\"@id\":\"https:\\\/\\\/minasgramados.com.br\\\/Loja\\\/#organization\"},\"potentialAction\":[{\"@type\":\"SearchAction\",\"target\":{\"@type\":\"EntryPoint\",\"urlTemplate\":\"https:\\\/\\\/minasgramados.com.br\\\/Loja\\\/?s={search_term_string}\"},\"query-input\":{\"@type\":\"PropertyValueSpecification\",\"valueRequired\":true,\"valueName\":\"search_term_string\"}}],\"inLanguage\":\"pt-BR\"},{\"@type\":\"Organization\",\"@id\":\"https:\\\/\\\/minasgramados.com.br\\\/Loja\\\/#organization\",\"name\":\"Minas Gramados - Paisagismo e Hidrossemeadura.\",\"url\":\"https:\\\/\\\/minasgramados.com.br\\\/Loja\\\/\",\"logo\":{\"@type\":\"ImageObject\",\"inLanguage\":\"pt-BR\",\"@id\":\"https:\\\/\\\/minasgramados.com.br\\\/Loja\\\/#\\\/schema\\\/logo\\\/image\\\/\",\"url\":\"https:\\\/\\\/minasgramados.com.br\\\/Loja\\\/wp-content\\\/uploads\\\/2018\\\/06\\\/gramados-original-1.gif\",\"contentUrl\":\"https:\\\/\\\/minasgramados.com.br\\\/Loja\\\/wp-content\\\/uploads\\\/2018\\\/06\\\/gramados-original-1.gif\",\"width\":600,\"height\":300,\"caption\":\"Minas Gramados - Paisagismo e Hidrossemeadura.\"},\"image\":{\"@id\":\"https:\\\/\\\/minasgramados.com.br\\\/Loja\\\/#\\\/schema\\\/logo\\\/image\\\/\"}}]}<\/script>\n<!-- \/ Yoast SEO plugin. -->","yoast_head_json":{"title":"Esterco de gado confinado (Saco 50 Litros) - Esterco BH","description":"O Esterco de Gado confinado de alta Qualidade, ele \u00e9 retirado de confinamento de gado de corte, base da dieta alimentar de milho e soja.","robots":{"index":"index","follow":"follow","max-snippet":"max-snippet:-1","max-image-preview":"max-image-preview:large","max-video-preview":"max-video-preview:-1"},"canonical":"https:\/\/minasgramados.com.br\/Loja\/produto\/esterco-de-gado-confinado-sacos-35-litros\/","twitter_card":"summary_large_image","twitter_title":"Esterco de gado confinado (Saco 50 Litros) - Esterco BH","twitter_description":"O Esterco de Gado confinado de alta Qualidade, ele \u00e9 retirado de confinamento de gado de corte, base da dieta alimentar de milho e soja.","twitter_image":"https:\/\/minasgramados.com.br\/Loja\/wp-content\/uploads\/2015\/06\/Esterco-Gado-MG-20kg.png","twitter_misc":{"Est. tempo de leitura":"1 minuto"},"schema":{"@context":"https:\/\/schema.org","@graph":[{"@type":"WebPage","@id":"https:\/\/minasgramados.com.br\/Loja\/produto\/esterco-de-gado-confinado-sacos-35-litros\/","url":"https:\/\/minasgramados.com.br\/Loja\/produto\/esterco-de-gado-confinado-sacos-35-litros\/","name":"Esterco de gado confinado (Saco 50 Litros) - Esterco BH","isPartOf":{"@id":"https:\/\/minasgramados.com.br\/Loja\/#website"},"primaryImageOfPage":{"@id":"https:\/\/minasgramados.com.br\/Loja\/produto\/esterco-de-gado-confinado-sacos-35-litros\/#primaryimage"},"image":{"@id":"https:\/\/minasgramados.com.br\/Loja\/produto\/esterco-de-gado-confinado-sacos-35-litros\/#primaryimage"},"thumbnailUrl":"https:\/\/minasgramados.com.br\/Loja\/wp-content\/uploads\/2015\/06\/Esterco-Gado-MG-20kg.png","datePublished":"2015-06-03T16:45:59+00:00","dateModified":"2024-04-20T20:28:17+00:00","description":"O Esterco de Gado confinado de alta Qualidade, ele \u00e9 retirado de confinamento de gado de corte, base da dieta alimentar de milho e soja.","breadcrumb":{"@id":"https:\/\/minasgramados.com.br\/Loja\/produto\/esterco-de-gado-confinado-sacos-35-litros\/#breadcrumb"},"inLanguage":"pt-BR","potentialAction":[{"@type":"ReadAction","target":["https:\/\/minasgramados.com.br\/Loja\/produto\/esterco-de-gado-confinado-sacos-35-litros\/"]}]},{"@type":"ImageObject","inLanguage":"pt-BR","@id":"https:\/\/minasgramados.com.br\/Loja\/produto\/esterco-de-gado-confinado-sacos-35-litros\/#primaryimage","url":"https:\/\/minasgramados.com.br\/Loja\/wp-content\/uploads\/2015\/06\/Esterco-Gado-MG-20kg.png","contentUrl":"https:\/\/minasgramados.com.br\/Loja\/wp-content\/uploads\/2015\/06\/Esterco-Gado-MG-20kg.png","width":336,"height":413},{"@type":"BreadcrumbList","@id":"https:\/\/minasgramados.com.br\/Loja\/produto\/esterco-de-gado-confinado-sacos-35-litros\/#breadcrumb","itemListElement":[{"@type":"ListItem","position":1,"name":"In\u00edcio","item":"https:\/\/minasgramados.com.br\/Loja\/"},{"@type":"ListItem","position":2,"name":"Loja","item":"https:\/\/minasgramados.com.br\/Loja\/loja-modelo-03\/"},{"@type":"ListItem","position":3,"name":"Esterco de gado (Sacos 35LT)"}]},{"@type":"WebSite","@id":"https:\/\/minasgramados.com.br\/Loja\/#website","url":"https:\/\/minasgramados.com.br\/Loja\/","name":"Minas Gramados - Paisagismo e Hidrossemeadura.","description":"Distribuidora de Gramas adubos sementes em Betim e no Brasil.","publisher":{"@id":"https:\/\/minasgramados.com.br\/Loja\/#organization"},"potentialAction":[{"@type":"SearchAction","target":{"@type":"EntryPoint","urlTemplate":"https:\/\/minasgramados.com.br\/Loja\/?s={search_term_string}"},"query-input":{"@type":"PropertyValueSpecification","valueRequired":true,"valueName":"search_term_string"}}],"inLanguage":"pt-BR"},{"@type":"Organization","@id":"https:\/\/minasgramados.com.br\/Loja\/#organization","name":"Minas Gramados - Paisagismo e Hidrossemeadura.","url":"https:\/\/minasgramados.com.br\/Loja\/","logo":{"@type":"ImageObject","inLanguage":"pt-BR","@id":"https:\/\/minasgramados.com.br\/Loja\/#\/schema\/logo\/image\/","url":"https:\/\/minasgramados.com.br\/Loja\/wp-content\/uploads\/2018\/06\/gramados-original-1.gif","contentUrl":"https:\/\/minasgramados.com.br\/Loja\/wp-content\/uploads\/2018\/06\/gramados-original-1.gif","width":600,"height":300,"caption":"Minas Gramados - Paisagismo e Hidrossemeadura."},"image":{"@id":"https:\/\/minasgramados.com.br\/Loja\/#\/schema\/logo\/image\/"}}]}},"_links":{"self":[{"href":"https:\/\/minasgramados.com.br\/Loja\/wp-json\/wp\/v2\/product\/952","targetHints":{"allow":["GET"]}}],"collection":[{"href":"https:\/\/minasgramados.com.br\/Loja\/wp-json\/wp\/v2\/product"}],"about":[{"href":"https:\/\/minasgramados.com.br\/Loja\/wp-json\/wp\/v2\/types\/product"}],"wp:featuredmedia":[{"embeddable":true,"href":"https:\/\/minasgramados.com.br\/Loja\/wp-json\/wp\/v2\/media\/3252"}],"wp:attachment":[{"href":"https:\/\/minasgramados.com.br\/Loja\/wp-json\/wp\/v2\/media?parent=952"}],"wp:term":[{"taxonomy":"product_brand","embeddable":true,"href":"https:\/\/minasgramados.com.br\/Loja\/wp-json\/wp\/v2\/product_brand?post=952"},{"taxonomy":"product_cat","embeddable":true,"href":"https:\/\/minasgramados.com.br\/Loja\/wp-json\/wp\/v2\/product_cat?post=952"},{"taxonomy":"product_tag","embeddable":true,"href":"https:\/\/minasgramados.com.br\/Loja\/wp-json\/wp\/v2\/product_tag?post=952"}],"curies":[{"name":"wp","href":"https:\/\/api.w.org\/{rel}","templated":true}]}}