{"id":955,"date":"2015-06-03T14:19:19","date_gmt":"2015-06-03T17:19:19","guid":{"rendered":"http:\/\/minasgramados.com.br\/Loja\/?post_type=product&#038;p=955"},"modified":"2022-06-01T13:20:20","modified_gmt":"2022-06-01T16:20:20","slug":"humus-de-minhocapacotes-de-10kg","status":"publish","type":"product","link":"https:\/\/minasgramados.com.br\/Loja\/produto\/humus-de-minhocapacotes-de-10kg\/","title":{"rendered":"Humus de Minhoca(10Kg)"},"content":{"rendered":"<div class=\"ProductDescriptionContainer\">\n<p style=\"text-align: justify\">O h\u00famus de minhoca que fornecemos \u00e9 100% puro e livre de sementes, estabilizado, e elevada qualidade. O nosso h\u00famus \u00e9 rico em nutrientes, \u00fatil e necess\u00e1rio para qualquer tipo de plantio.<\/p>\n<p style=\"text-align: justify\">O QUE \u00c9 H\u00daMUS? O H\u00famus \u00e9 o mais completo e eficaz dos fertilizantes org\u00e2nicos, agindo na recupera\u00e7\u00e3o e enriquecimento r\u00e1pido do solo, podendo ser aplicado de imediato e diretamente em contato com as ra\u00edzes das plantas.<\/p>\n<p style=\"text-align: justify\">* 06 MOTIVOS PARA VOC\u00ca USAR H\u00daMUS.<\/p>\n<p style=\"text-align: justify\">Aumenta a resist\u00eancia das plantas no per\u00edodo de seca.<br \/>\nMant\u00e9m o ph,e a umidade do solo.<br \/>\nProlonga a florada e a frutifica\u00e7\u00e3o<br \/>\nMelhora a porosidade do solo, favorecendo as ra\u00edzes e acelerando o crescimento das plantas.<br \/>\nDiminui a acidez de frut\u00edferas (uva, laranja).<br \/>\nCom H\u00famus tudo se transforma; suas plantas, planta\u00e7\u00f5es, gramados e sua manuten\u00e7\u00e3o, vasos, jardins, hortas e canteiros.<\/p>\n<p style=\"text-align: justify\">Por n\u00e3o ser t\u00f3xico, se empregado em excesso n\u00e3o prejudica a planta\u00e7\u00e3o, pelo contr\u00e1rio, quanto mais H\u00famus for colocado, mais produtiva e f\u00e9rtil a terra se tornar\u00e1.<\/p>\n<p>*PRE\u00c7OS ABAIXO CONFORME QUANTIDADES QUE FOR COMPRAR.<\/p>\n<p>. Compras de\u00a0 50 a\u00a0 300 Pacotes de 10 KG \u2013 R$: 20,00 Un.<\/p>\n<p>. Compras de 301\u00a0 \u00a0a 600 Pacotes de 10 KG \u2013 R$: 19,00 Un.<\/p>\n<p>. Compras de\u00a0 601 a 999 Pacotes de 10 KG \u2013 R$: 18,00 Uni.<\/p>\n<p>. Compras de\u00a0 1000 Pacotes de\u00a0 10 kg acima \u2013 R$: 16,00 Un.<\/p>\n<p style=\"text-align: justify\">*VALOR ABAIXO POR TONELADA<\/p>\n<p style=\"text-align: justify\">*Quantidade em Toneladas: 10 Toneladas( Pedido m\u00ednimo)<\/p>\n<p style=\"text-align: justify\">*Valor: R$ 1.500,00 por tonelada (Sem frete) Produto precisa ser por encomenda.<\/p>\n<p style=\"text-align: justify\"><strong>*ATEN\u00c7\u00c3O<\/strong>: Venda m\u00ednima de 5 Pacotes de 10 kg para entrega para BH e regi\u00e3o e para envio para outras cidades consulta frete. As Cargas de\u00a0 10 toneladas para dentro de BH j\u00e1 est\u00e1 com o frete fora de BH e outros estados consulte nosso SAC e tire suas d\u00favidas.<\/p>\n<\/div>\n","protected":false},"excerpt":{"rendered":"<p style=\"text-align: justify\">O h\u00famus que fornecemos \u00e9 100% puro e livre de sementes, estabilizado, e elevada qualidade. Ele \u00e9 rico em nutrientes \u00fatil e necess\u00e1rio para qualquer tipo de\u00a0 plantio. <strong>OBS: <\/strong>As Cargas de\u00a0 10 toneladas para dentro de BH j\u00e1 est\u00e1 com o frete fora de BH e outras cidades e estados consulte nosso SAC e tire suas d\u00favidas. *<span style=\"color: #ff0000\">Obs:\u00a0 O H\u00famus pedidos tanto para pacotes de 10 KG ou para \u00a0toneladas, as vendas somente por encomenda e sua venda \u00e9 somente por telefone \u00a0e via ordem de compra.\u00a0<\/span><\/p>\n","protected":false},"featured_media":958,"template":"","meta":{"_joinchat":[]},"product_brand":[],"product_cat":[11,15],"product_tag":[12,48],"class_list":{"0":"post-955","1":"product","2":"type-product","3":"status-publish","4":"has-post-thumbnail","6":"product_cat-adubos-e-substratos","7":"product_cat-jardinagem","8":"product_tag-adubos","9":"product_tag-esterco","10":"product_shipping_class-transportadora","11":"entry","12":"has-media","14":"first","15":"outofstock","16":"sale","17":"featured","18":"shipping-taxable","19":"purchasable","20":"product-type-simple","21":"col","22":"wpex-woo-entry","23":"span_1_of_4"},"yoast_head":"<!-- This site is optimized with the Yoast SEO plugin v27.3 - https:\/\/yoast.com\/product\/yoast-seo-wordpress\/ -->\n<title>Humus de Minhoca (05Kg) - Humus de Minhoca BH<\/title>\n<meta name=\"description\" content=\"O h\u00famus de minhoca que fornecemos \u00e9 100% puro e livre de sementes, estabilizado, e elevada qualidade. O h\u00famus \u00e9 rico em nutrientes para qualquer plantio.\" \/>\n<meta name=\"robots\" content=\"index, follow, max-snippet:-1, max-image-preview:large, max-video-preview:-1\" \/>\n<link rel=\"canonical\" href=\"https:\/\/minasgramados.com.br\/Loja\/produto\/humus-de-minhocapacotes-de-10kg\/\" \/>\n<meta name=\"twitter:card\" content=\"summary_large_image\" \/>\n<meta name=\"twitter:title\" content=\"Humus de Minhoca (05Kg) - Humus de Minhoca BH\" \/>\n<meta name=\"twitter:description\" content=\"O h\u00famus de minhoca que fornecemos \u00e9 100% puro e livre de sementes, estabilizado, e elevada qualidade. O h\u00famus \u00e9 rico em nutrientes para qualquer plantio.\" \/>\n<meta name=\"twitter:image\" content=\"https:\/\/minasgramados.com.br\/Loja\/wp-content\/uploads\/2015\/06\/Humus-embalagem-de-amostra.jpg\" \/>\n<meta name=\"twitter:label1\" content=\"Est. tempo de leitura\" \/>\n\t<meta name=\"twitter:data1\" content=\"1 minuto\" \/>\n<script type=\"application\/ld+json\" class=\"yoast-schema-graph\">{\"@context\":\"https:\\\/\\\/schema.org\",\"@graph\":[{\"@type\":\"WebPage\",\"@id\":\"https:\\\/\\\/minasgramados.com.br\\\/Loja\\\/produto\\\/humus-de-minhocapacotes-de-10kg\\\/\",\"url\":\"https:\\\/\\\/minasgramados.com.br\\\/Loja\\\/produto\\\/humus-de-minhocapacotes-de-10kg\\\/\",\"name\":\"Humus de Minhoca (05Kg) - Humus de Minhoca BH\",\"isPartOf\":{\"@id\":\"https:\\\/\\\/minasgramados.com.br\\\/Loja\\\/#website\"},\"primaryImageOfPage\":{\"@id\":\"https:\\\/\\\/minasgramados.com.br\\\/Loja\\\/produto\\\/humus-de-minhocapacotes-de-10kg\\\/#primaryimage\"},\"image\":{\"@id\":\"https:\\\/\\\/minasgramados.com.br\\\/Loja\\\/produto\\\/humus-de-minhocapacotes-de-10kg\\\/#primaryimage\"},\"thumbnailUrl\":\"https:\\\/\\\/minasgramados.com.br\\\/Loja\\\/wp-content\\\/uploads\\\/2015\\\/06\\\/Humus-embalagem-de-amostra.jpg\",\"datePublished\":\"2015-06-03T17:19:19+00:00\",\"dateModified\":\"2022-06-01T16:20:20+00:00\",\"description\":\"O h\u00famus de minhoca que fornecemos \u00e9 100% puro e livre de sementes, estabilizado, e elevada qualidade. O h\u00famus \u00e9 rico em nutrientes para qualquer plantio.\",\"breadcrumb\":{\"@id\":\"https:\\\/\\\/minasgramados.com.br\\\/Loja\\\/produto\\\/humus-de-minhocapacotes-de-10kg\\\/#breadcrumb\"},\"inLanguage\":\"pt-BR\",\"potentialAction\":[{\"@type\":\"ReadAction\",\"target\":[\"https:\\\/\\\/minasgramados.com.br\\\/Loja\\\/produto\\\/humus-de-minhocapacotes-de-10kg\\\/\"]}]},{\"@type\":\"ImageObject\",\"inLanguage\":\"pt-BR\",\"@id\":\"https:\\\/\\\/minasgramados.com.br\\\/Loja\\\/produto\\\/humus-de-minhocapacotes-de-10kg\\\/#primaryimage\",\"url\":\"https:\\\/\\\/minasgramados.com.br\\\/Loja\\\/wp-content\\\/uploads\\\/2015\\\/06\\\/Humus-embalagem-de-amostra.jpg\",\"contentUrl\":\"https:\\\/\\\/minasgramados.com.br\\\/Loja\\\/wp-content\\\/uploads\\\/2015\\\/06\\\/Humus-embalagem-de-amostra.jpg\",\"width\":640,\"height\":600},{\"@type\":\"BreadcrumbList\",\"@id\":\"https:\\\/\\\/minasgramados.com.br\\\/Loja\\\/produto\\\/humus-de-minhocapacotes-de-10kg\\\/#breadcrumb\",\"itemListElement\":[{\"@type\":\"ListItem\",\"position\":1,\"name\":\"In\u00edcio\",\"item\":\"https:\\\/\\\/minasgramados.com.br\\\/Loja\\\/\"},{\"@type\":\"ListItem\",\"position\":2,\"name\":\"Loja\",\"item\":\"https:\\\/\\\/minasgramados.com.br\\\/Loja\\\/loja-modelo-03\\\/\"},{\"@type\":\"ListItem\",\"position\":3,\"name\":\"Humus de Minhoca(10Kg)\"}]},{\"@type\":\"WebSite\",\"@id\":\"https:\\\/\\\/minasgramados.com.br\\\/Loja\\\/#website\",\"url\":\"https:\\\/\\\/minasgramados.com.br\\\/Loja\\\/\",\"name\":\"Minas Gramados - Paisagismo e Hidrossemeadura.\",\"description\":\"Distribuidora de Gramas adubos sementes em Betim e no Brasil.\",\"publisher\":{\"@id\":\"https:\\\/\\\/minasgramados.com.br\\\/Loja\\\/#organization\"},\"potentialAction\":[{\"@type\":\"SearchAction\",\"target\":{\"@type\":\"EntryPoint\",\"urlTemplate\":\"https:\\\/\\\/minasgramados.com.br\\\/Loja\\\/?s={search_term_string}\"},\"query-input\":{\"@type\":\"PropertyValueSpecification\",\"valueRequired\":true,\"valueName\":\"search_term_string\"}}],\"inLanguage\":\"pt-BR\"},{\"@type\":\"Organization\",\"@id\":\"https:\\\/\\\/minasgramados.com.br\\\/Loja\\\/#organization\",\"name\":\"Minas Gramados - Paisagismo e Hidrossemeadura.\",\"url\":\"https:\\\/\\\/minasgramados.com.br\\\/Loja\\\/\",\"logo\":{\"@type\":\"ImageObject\",\"inLanguage\":\"pt-BR\",\"@id\":\"https:\\\/\\\/minasgramados.com.br\\\/Loja\\\/#\\\/schema\\\/logo\\\/image\\\/\",\"url\":\"https:\\\/\\\/minasgramados.com.br\\\/Loja\\\/wp-content\\\/uploads\\\/2018\\\/06\\\/gramados-original-1.gif\",\"contentUrl\":\"https:\\\/\\\/minasgramados.com.br\\\/Loja\\\/wp-content\\\/uploads\\\/2018\\\/06\\\/gramados-original-1.gif\",\"width\":600,\"height\":300,\"caption\":\"Minas Gramados - Paisagismo e Hidrossemeadura.\"},\"image\":{\"@id\":\"https:\\\/\\\/minasgramados.com.br\\\/Loja\\\/#\\\/schema\\\/logo\\\/image\\\/\"}}]}<\/script>\n<!-- \/ Yoast SEO plugin. -->","yoast_head_json":{"title":"Humus de Minhoca (05Kg) - Humus de Minhoca BH","description":"O h\u00famus de minhoca que fornecemos \u00e9 100% puro e livre de sementes, estabilizado, e elevada qualidade. O h\u00famus \u00e9 rico em nutrientes para qualquer plantio.","robots":{"index":"index","follow":"follow","max-snippet":"max-snippet:-1","max-image-preview":"max-image-preview:large","max-video-preview":"max-video-preview:-1"},"canonical":"https:\/\/minasgramados.com.br\/Loja\/produto\/humus-de-minhocapacotes-de-10kg\/","twitter_card":"summary_large_image","twitter_title":"Humus de Minhoca (05Kg) - Humus de Minhoca BH","twitter_description":"O h\u00famus de minhoca que fornecemos \u00e9 100% puro e livre de sementes, estabilizado, e elevada qualidade. O h\u00famus \u00e9 rico em nutrientes para qualquer plantio.","twitter_image":"https:\/\/minasgramados.com.br\/Loja\/wp-content\/uploads\/2015\/06\/Humus-embalagem-de-amostra.jpg","twitter_misc":{"Est. tempo de leitura":"1 minuto"},"schema":{"@context":"https:\/\/schema.org","@graph":[{"@type":"WebPage","@id":"https:\/\/minasgramados.com.br\/Loja\/produto\/humus-de-minhocapacotes-de-10kg\/","url":"https:\/\/minasgramados.com.br\/Loja\/produto\/humus-de-minhocapacotes-de-10kg\/","name":"Humus de Minhoca (05Kg) - Humus de Minhoca BH","isPartOf":{"@id":"https:\/\/minasgramados.com.br\/Loja\/#website"},"primaryImageOfPage":{"@id":"https:\/\/minasgramados.com.br\/Loja\/produto\/humus-de-minhocapacotes-de-10kg\/#primaryimage"},"image":{"@id":"https:\/\/minasgramados.com.br\/Loja\/produto\/humus-de-minhocapacotes-de-10kg\/#primaryimage"},"thumbnailUrl":"https:\/\/minasgramados.com.br\/Loja\/wp-content\/uploads\/2015\/06\/Humus-embalagem-de-amostra.jpg","datePublished":"2015-06-03T17:19:19+00:00","dateModified":"2022-06-01T16:20:20+00:00","description":"O h\u00famus de minhoca que fornecemos \u00e9 100% puro e livre de sementes, estabilizado, e elevada qualidade. O h\u00famus \u00e9 rico em nutrientes para qualquer plantio.","breadcrumb":{"@id":"https:\/\/minasgramados.com.br\/Loja\/produto\/humus-de-minhocapacotes-de-10kg\/#breadcrumb"},"inLanguage":"pt-BR","potentialAction":[{"@type":"ReadAction","target":["https:\/\/minasgramados.com.br\/Loja\/produto\/humus-de-minhocapacotes-de-10kg\/"]}]},{"@type":"ImageObject","inLanguage":"pt-BR","@id":"https:\/\/minasgramados.com.br\/Loja\/produto\/humus-de-minhocapacotes-de-10kg\/#primaryimage","url":"https:\/\/minasgramados.com.br\/Loja\/wp-content\/uploads\/2015\/06\/Humus-embalagem-de-amostra.jpg","contentUrl":"https:\/\/minasgramados.com.br\/Loja\/wp-content\/uploads\/2015\/06\/Humus-embalagem-de-amostra.jpg","width":640,"height":600},{"@type":"BreadcrumbList","@id":"https:\/\/minasgramados.com.br\/Loja\/produto\/humus-de-minhocapacotes-de-10kg\/#breadcrumb","itemListElement":[{"@type":"ListItem","position":1,"name":"In\u00edcio","item":"https:\/\/minasgramados.com.br\/Loja\/"},{"@type":"ListItem","position":2,"name":"Loja","item":"https:\/\/minasgramados.com.br\/Loja\/loja-modelo-03\/"},{"@type":"ListItem","position":3,"name":"Humus de Minhoca(10Kg)"}]},{"@type":"WebSite","@id":"https:\/\/minasgramados.com.br\/Loja\/#website","url":"https:\/\/minasgramados.com.br\/Loja\/","name":"Minas Gramados - Paisagismo e Hidrossemeadura.","description":"Distribuidora de Gramas adubos sementes em Betim e no Brasil.","publisher":{"@id":"https:\/\/minasgramados.com.br\/Loja\/#organization"},"potentialAction":[{"@type":"SearchAction","target":{"@type":"EntryPoint","urlTemplate":"https:\/\/minasgramados.com.br\/Loja\/?s={search_term_string}"},"query-input":{"@type":"PropertyValueSpecification","valueRequired":true,"valueName":"search_term_string"}}],"inLanguage":"pt-BR"},{"@type":"Organization","@id":"https:\/\/minasgramados.com.br\/Loja\/#organization","name":"Minas Gramados - Paisagismo e Hidrossemeadura.","url":"https:\/\/minasgramados.com.br\/Loja\/","logo":{"@type":"ImageObject","inLanguage":"pt-BR","@id":"https:\/\/minasgramados.com.br\/Loja\/#\/schema\/logo\/image\/","url":"https:\/\/minasgramados.com.br\/Loja\/wp-content\/uploads\/2018\/06\/gramados-original-1.gif","contentUrl":"https:\/\/minasgramados.com.br\/Loja\/wp-content\/uploads\/2018\/06\/gramados-original-1.gif","width":600,"height":300,"caption":"Minas Gramados - Paisagismo e Hidrossemeadura."},"image":{"@id":"https:\/\/minasgramados.com.br\/Loja\/#\/schema\/logo\/image\/"}}]}},"_links":{"self":[{"href":"https:\/\/minasgramados.com.br\/Loja\/wp-json\/wp\/v2\/product\/955","targetHints":{"allow":["GET"]}}],"collection":[{"href":"https:\/\/minasgramados.com.br\/Loja\/wp-json\/wp\/v2\/product"}],"about":[{"href":"https:\/\/minasgramados.com.br\/Loja\/wp-json\/wp\/v2\/types\/product"}],"wp:featuredmedia":[{"embeddable":true,"href":"https:\/\/minasgramados.com.br\/Loja\/wp-json\/wp\/v2\/media\/958"}],"wp:attachment":[{"href":"https:\/\/minasgramados.com.br\/Loja\/wp-json\/wp\/v2\/media?parent=955"}],"wp:term":[{"taxonomy":"product_brand","embeddable":true,"href":"https:\/\/minasgramados.com.br\/Loja\/wp-json\/wp\/v2\/product_brand?post=955"},{"taxonomy":"product_cat","embeddable":true,"href":"https:\/\/minasgramados.com.br\/Loja\/wp-json\/wp\/v2\/product_cat?post=955"},{"taxonomy":"product_tag","embeddable":true,"href":"https:\/\/minasgramados.com.br\/Loja\/wp-json\/wp\/v2\/product_tag?post=955"}],"curies":[{"name":"wp","href":"https:\/\/api.w.org\/{rel}","templated":true}]}}