{"id":961,"date":"2015-06-03T14:27:11","date_gmt":"2015-06-03T14:27:11","guid":{"rendered":"http:\/\/minasgramados.com.br\/Loja\/?post_type=product&#038;p=961"},"modified":"2023-08-30T16:28:22","modified_gmt":"2023-08-30T19:28:22","slug":"fixador-ag-60-para-hidrossemeadura","status":"publish","type":"product","link":"https:\/\/minasgramados.com.br\/Loja\/produto\/fixador-ag-60-para-hidrossemeadura\/","title":{"rendered":"Fixador AG 60 para Hidrosseandura"},"content":{"rendered":"<p><strong>O ADESIVO FIXA GEL<\/strong> -AG 60: \u00c9 um aglomerante org\u00e2nico, recomendado para aplica\u00e7\u00f5es em taludes para controle de eros\u00e3o, controle de arraste e\u00f3lico em pilhas de finos de min\u00e9rio, carv\u00e3o, material fino em geral, assim como fixador em aplica\u00e7\u00f5es de hidrossemeadura.<\/p>\n<p><strong>PROPRIEDADES T\u00cdPICAS:<\/strong> Cor: Marrom viscoso &#8211; Forma: Liquido viscoso, Densidade \u00e0 20\u00baC: 1,00 a 1,10 g\/cm3 pH \u00e0 25\u00baC (Sol. Aq. 1%): 7,0 \u2013 9,0 &#8211; Solubilidade em \u00e1gua: 10 g\/l Estabilidade da solu\u00e7\u00e3o @ 5,0 g\/l: 5 dias<\/p>\n<p><strong>APLICA\u00c7\u00c3O:<\/strong> Estaremos sempre \u00e0 sua disposi\u00e7\u00e3o para garantir o uso adequado do produto, determinando a melhor faixa de dosagem e ponto de aplica\u00e7\u00e3o, obtendo a m\u00e1xima performance do mesmo. Fazer uso de bombas centr\u00edfugas e de engrenagem para transfer\u00eancia do produto. Bombas de pist\u00e3o ou helicoidais s\u00e3o ideais para a aplica\u00e7\u00e3o do pol\u00edmero. Produto pronto para uso sem dilui\u00e7\u00e3o.<\/p>\n<p><strong>ESTOCAGEM E MANUSEIO:<\/strong> O produto dever\u00e1 ser estocado em local seco e coberto. N\u00e3o estocar o produto em \u00e1rea aberta. Ocorrendo derramamento, limpar rapidamente o local, pois o piso torna-se escorregadio, principalmente, em contato com a \u00e1gua. Antes de utilizar este produto, leia o r\u00f3tulo e a Ficha de Informa\u00e7\u00f5es de Seguran\u00e7a de Produtos Qu\u00edmicos &#8211; FISPQ &#8211; Tempo de estocagem: 180 dias em local coberto e temperatura entre 320C \u2013 370C.<\/p>\n<p><strong>EMBALAGEM:<\/strong> O Produto \u00e9 fornecido em bombonas de 50kg, Gal\u00f5es de 52 kg, As informa\u00e7\u00f5es fornecidas s\u00e3o confi\u00e1veis. De qualquer modo, n\u00e3o significa garantia ou responsabilidade assumida. A Gramados n\u00e3o conhece todas as aplica\u00e7\u00f5es de uso, para as quais este produto possa ser utilizado. Portanto, sem obriga\u00e7\u00f5es com rela\u00e7\u00e3o \u00e0 conveni\u00eancia ou disponibilidade do produto para um uso particular ou proposto.<\/p>\n<p><strong>CUIDADOS NA MANIPULA\u00c7\u00c3O:<\/strong> Tecnicamente n\u00e3o se conhece a exist\u00eancia de riscos pertinentes a este produto.Todavia, recomenda-se manter afastado de pessoas que n\u00e3o estejam aptas ou autorizadas a manipul\u00e1-lo. As indica\u00e7\u00f5es contidas neste boletim se baseiam em nossos conhecimentos e experi\u00eancias atuais, n\u00e3o implicando em responsabilidades pelos danos diretos ou indiretos que possam resultar de uso ou armazenamento inadequado.<\/p>\n<p><strong>FISPQ<\/strong> \u2013 Ficha de Informa\u00e7\u00e3o de Seguran\u00e7a para Produto Qu\u00edmico: Este boletim \u00e9 de car\u00e1ter informativo, n\u00e3o deve ser usado como especifica\u00e7\u00e3o, podendo ser alterado a qualquer momento, sem pr\u00e9vio aviso.<\/p>\n<p><strong>CALCULO DO FIXA GEL AG-60 PARA APLICA\u00c7\u00c3O: <\/strong>S\u00e3o de <strong>7<\/strong> a\u00a0 <strong>8<\/strong> Litros do Adesivo Fixa Gel AG-60 por Caminh\u00e3o de <strong>7.000<\/strong> Litros de \u00c1gua.<\/p>\n<p><strong>ATEN\u00c7\u00c3O<\/strong>: Venda m\u00ednima de 5 Gal\u00f5es de 20 Litros, e o frete \u00e9 FOB.<\/p>\n","protected":false},"excerpt":{"rendered":"<p style=\"text-align: justify;\">O ADESIVO FIXA GEL AG-60: \u00c9 um aglomerante org\u00e2nico, recomendado para aplica\u00e7\u00f5es em taludes para controle de eros\u00e3o, controle de arraste e\u00f3lico em pilhas de finos de min\u00e9rio, carv\u00e3o, material fino em geral, e aplica\u00e7\u00f5es de hidrossemeadura, e o valor acima s\u00e3o para gal\u00f5es de <strong>20 Litros<\/strong>. Para mais informa\u00e7\u00f5es consulte nosso SAC e tire suas d\u00favidas. <span style=\"color: #000000;\"><span style=\"color: #ff0000;\">(Obs.): Consulte-nos sobre o estoque; sua venda \u00e9 somente por telefone via ordem de compra.<\/span><\/span><\/p>\n","protected":false},"featured_media":963,"template":"","meta":{"_joinchat":[]},"product_brand":[],"product_cat":[37,9],"product_tag":[],"class_list":{"0":"post-961","1":"product","2":"type-product","3":"status-publish","4":"has-post-thumbnail","6":"product_cat-fibramulch-e-fixa-gel-ag-60","7":"product_cat-hidrossemeadura","8":"entry","9":"has-media","11":"first","12":"onbackorder","13":"sale","14":"shipping-taxable","15":"purchasable","16":"product-type-simple","17":"col","18":"wpex-woo-entry","19":"span_1_of_4"},"yoast_head":"<!-- This site is optimized with the Yoast SEO plugin v27.3 - https:\/\/yoast.com\/product\/yoast-seo-wordpress\/ -->\n<title>Fixador AG-60 - Minas Gramados - Gel Fixador BH<\/title>\n<meta name=\"description\" content=\"FIXADOR AG-60 \u00c9 um aglomerante org\u00e2nico, usado para aplica\u00e7\u00f5es em taludes para controle de eros\u00e3o em aplica\u00e7\u00f5es de hidrossemeadura e afins.\" \/>\n<meta name=\"robots\" content=\"index, follow, max-snippet:-1, max-image-preview:large, max-video-preview:-1\" \/>\n<link rel=\"canonical\" href=\"https:\/\/minasgramados.com.br\/Loja\/produto\/fixador-ag-60-para-hidrossemeadura\/\" \/>\n<meta name=\"twitter:card\" content=\"summary_large_image\" \/>\n<meta name=\"twitter:title\" content=\"Fixador AG-60 - Minas Gramados - Gel Fixador BH\" \/>\n<meta name=\"twitter:description\" content=\"FIXADOR AG-60 \u00c9 um aglomerante org\u00e2nico, usado para aplica\u00e7\u00f5es em taludes para controle de eros\u00e3o em aplica\u00e7\u00f5es de hidrossemeadura e afins.\" \/>\n<meta name=\"twitter:image\" content=\"https:\/\/minasgramados.com.br\/Loja\/wp-content\/uploads\/2015\/06\/Gal\u00f5es-do-AG-60.jpg\" \/>\n<meta name=\"twitter:label1\" content=\"Est. tempo de leitura\" \/>\n\t<meta name=\"twitter:data1\" content=\"3 minutos\" \/>\n<script type=\"application\/ld+json\" class=\"yoast-schema-graph\">{\"@context\":\"https:\\\/\\\/schema.org\",\"@graph\":[{\"@type\":\"WebPage\",\"@id\":\"https:\\\/\\\/minasgramados.com.br\\\/Loja\\\/produto\\\/fixador-ag-60-para-hidrossemeadura\\\/\",\"url\":\"https:\\\/\\\/minasgramados.com.br\\\/Loja\\\/produto\\\/fixador-ag-60-para-hidrossemeadura\\\/\",\"name\":\"Fixador AG-60 - Minas Gramados - Gel Fixador BH\",\"isPartOf\":{\"@id\":\"https:\\\/\\\/minasgramados.com.br\\\/Loja\\\/#website\"},\"primaryImageOfPage\":{\"@id\":\"https:\\\/\\\/minasgramados.com.br\\\/Loja\\\/produto\\\/fixador-ag-60-para-hidrossemeadura\\\/#primaryimage\"},\"image\":{\"@id\":\"https:\\\/\\\/minasgramados.com.br\\\/Loja\\\/produto\\\/fixador-ag-60-para-hidrossemeadura\\\/#primaryimage\"},\"thumbnailUrl\":\"https:\\\/\\\/minasgramados.com.br\\\/Loja\\\/wp-content\\\/uploads\\\/2015\\\/06\\\/Gal\u00f5es-do-AG-60.jpg\",\"datePublished\":\"2015-06-03T14:27:11+00:00\",\"dateModified\":\"2023-08-30T19:28:22+00:00\",\"description\":\"FIXADOR AG-60 \u00c9 um aglomerante org\u00e2nico, usado para aplica\u00e7\u00f5es em taludes para controle de eros\u00e3o em aplica\u00e7\u00f5es de hidrossemeadura e afins.\",\"breadcrumb\":{\"@id\":\"https:\\\/\\\/minasgramados.com.br\\\/Loja\\\/produto\\\/fixador-ag-60-para-hidrossemeadura\\\/#breadcrumb\"},\"inLanguage\":\"pt-BR\",\"potentialAction\":[{\"@type\":\"ReadAction\",\"target\":[\"https:\\\/\\\/minasgramados.com.br\\\/Loja\\\/produto\\\/fixador-ag-60-para-hidrossemeadura\\\/\"]}]},{\"@type\":\"ImageObject\",\"inLanguage\":\"pt-BR\",\"@id\":\"https:\\\/\\\/minasgramados.com.br\\\/Loja\\\/produto\\\/fixador-ag-60-para-hidrossemeadura\\\/#primaryimage\",\"url\":\"https:\\\/\\\/minasgramados.com.br\\\/Loja\\\/wp-content\\\/uploads\\\/2015\\\/06\\\/Gal\u00f5es-do-AG-60.jpg\",\"contentUrl\":\"https:\\\/\\\/minasgramados.com.br\\\/Loja\\\/wp-content\\\/uploads\\\/2015\\\/06\\\/Gal\u00f5es-do-AG-60.jpg\",\"width\":800,\"height\":600},{\"@type\":\"BreadcrumbList\",\"@id\":\"https:\\\/\\\/minasgramados.com.br\\\/Loja\\\/produto\\\/fixador-ag-60-para-hidrossemeadura\\\/#breadcrumb\",\"itemListElement\":[{\"@type\":\"ListItem\",\"position\":1,\"name\":\"In\u00edcio\",\"item\":\"https:\\\/\\\/minasgramados.com.br\\\/Loja\\\/\"},{\"@type\":\"ListItem\",\"position\":2,\"name\":\"Loja\",\"item\":\"https:\\\/\\\/minasgramados.com.br\\\/Loja\\\/loja-modelo-03\\\/\"},{\"@type\":\"ListItem\",\"position\":3,\"name\":\"Fixador AG 60 para Hidrosseandura\"}]},{\"@type\":\"WebSite\",\"@id\":\"https:\\\/\\\/minasgramados.com.br\\\/Loja\\\/#website\",\"url\":\"https:\\\/\\\/minasgramados.com.br\\\/Loja\\\/\",\"name\":\"Minas Gramados - Paisagismo e Hidrossemeadura.\",\"description\":\"Distribuidora de Gramas adubos sementes em Betim e no Brasil.\",\"publisher\":{\"@id\":\"https:\\\/\\\/minasgramados.com.br\\\/Loja\\\/#organization\"},\"potentialAction\":[{\"@type\":\"SearchAction\",\"target\":{\"@type\":\"EntryPoint\",\"urlTemplate\":\"https:\\\/\\\/minasgramados.com.br\\\/Loja\\\/?s={search_term_string}\"},\"query-input\":{\"@type\":\"PropertyValueSpecification\",\"valueRequired\":true,\"valueName\":\"search_term_string\"}}],\"inLanguage\":\"pt-BR\"},{\"@type\":\"Organization\",\"@id\":\"https:\\\/\\\/minasgramados.com.br\\\/Loja\\\/#organization\",\"name\":\"Minas Gramados - Paisagismo e Hidrossemeadura.\",\"url\":\"https:\\\/\\\/minasgramados.com.br\\\/Loja\\\/\",\"logo\":{\"@type\":\"ImageObject\",\"inLanguage\":\"pt-BR\",\"@id\":\"https:\\\/\\\/minasgramados.com.br\\\/Loja\\\/#\\\/schema\\\/logo\\\/image\\\/\",\"url\":\"https:\\\/\\\/minasgramados.com.br\\\/Loja\\\/wp-content\\\/uploads\\\/2018\\\/06\\\/gramados-original-1.gif\",\"contentUrl\":\"https:\\\/\\\/minasgramados.com.br\\\/Loja\\\/wp-content\\\/uploads\\\/2018\\\/06\\\/gramados-original-1.gif\",\"width\":600,\"height\":300,\"caption\":\"Minas Gramados - Paisagismo e Hidrossemeadura.\"},\"image\":{\"@id\":\"https:\\\/\\\/minasgramados.com.br\\\/Loja\\\/#\\\/schema\\\/logo\\\/image\\\/\"}}]}<\/script>\n<!-- \/ Yoast SEO plugin. -->","yoast_head_json":{"title":"Fixador AG-60 - Minas Gramados - Gel Fixador BH","description":"FIXADOR AG-60 \u00c9 um aglomerante org\u00e2nico, usado para aplica\u00e7\u00f5es em taludes para controle de eros\u00e3o em aplica\u00e7\u00f5es de hidrossemeadura e afins.","robots":{"index":"index","follow":"follow","max-snippet":"max-snippet:-1","max-image-preview":"max-image-preview:large","max-video-preview":"max-video-preview:-1"},"canonical":"https:\/\/minasgramados.com.br\/Loja\/produto\/fixador-ag-60-para-hidrossemeadura\/","twitter_card":"summary_large_image","twitter_title":"Fixador AG-60 - Minas Gramados - Gel Fixador BH","twitter_description":"FIXADOR AG-60 \u00c9 um aglomerante org\u00e2nico, usado para aplica\u00e7\u00f5es em taludes para controle de eros\u00e3o em aplica\u00e7\u00f5es de hidrossemeadura e afins.","twitter_image":"https:\/\/minasgramados.com.br\/Loja\/wp-content\/uploads\/2015\/06\/Gal\u00f5es-do-AG-60.jpg","twitter_misc":{"Est. tempo de leitura":"3 minutos"},"schema":{"@context":"https:\/\/schema.org","@graph":[{"@type":"WebPage","@id":"https:\/\/minasgramados.com.br\/Loja\/produto\/fixador-ag-60-para-hidrossemeadura\/","url":"https:\/\/minasgramados.com.br\/Loja\/produto\/fixador-ag-60-para-hidrossemeadura\/","name":"Fixador AG-60 - Minas Gramados - Gel Fixador BH","isPartOf":{"@id":"https:\/\/minasgramados.com.br\/Loja\/#website"},"primaryImageOfPage":{"@id":"https:\/\/minasgramados.com.br\/Loja\/produto\/fixador-ag-60-para-hidrossemeadura\/#primaryimage"},"image":{"@id":"https:\/\/minasgramados.com.br\/Loja\/produto\/fixador-ag-60-para-hidrossemeadura\/#primaryimage"},"thumbnailUrl":"https:\/\/minasgramados.com.br\/Loja\/wp-content\/uploads\/2015\/06\/Gal\u00f5es-do-AG-60.jpg","datePublished":"2015-06-03T14:27:11+00:00","dateModified":"2023-08-30T19:28:22+00:00","description":"FIXADOR AG-60 \u00c9 um aglomerante org\u00e2nico, usado para aplica\u00e7\u00f5es em taludes para controle de eros\u00e3o em aplica\u00e7\u00f5es de hidrossemeadura e afins.","breadcrumb":{"@id":"https:\/\/minasgramados.com.br\/Loja\/produto\/fixador-ag-60-para-hidrossemeadura\/#breadcrumb"},"inLanguage":"pt-BR","potentialAction":[{"@type":"ReadAction","target":["https:\/\/minasgramados.com.br\/Loja\/produto\/fixador-ag-60-para-hidrossemeadura\/"]}]},{"@type":"ImageObject","inLanguage":"pt-BR","@id":"https:\/\/minasgramados.com.br\/Loja\/produto\/fixador-ag-60-para-hidrossemeadura\/#primaryimage","url":"https:\/\/minasgramados.com.br\/Loja\/wp-content\/uploads\/2015\/06\/Gal\u00f5es-do-AG-60.jpg","contentUrl":"https:\/\/minasgramados.com.br\/Loja\/wp-content\/uploads\/2015\/06\/Gal\u00f5es-do-AG-60.jpg","width":800,"height":600},{"@type":"BreadcrumbList","@id":"https:\/\/minasgramados.com.br\/Loja\/produto\/fixador-ag-60-para-hidrossemeadura\/#breadcrumb","itemListElement":[{"@type":"ListItem","position":1,"name":"In\u00edcio","item":"https:\/\/minasgramados.com.br\/Loja\/"},{"@type":"ListItem","position":2,"name":"Loja","item":"https:\/\/minasgramados.com.br\/Loja\/loja-modelo-03\/"},{"@type":"ListItem","position":3,"name":"Fixador AG 60 para Hidrosseandura"}]},{"@type":"WebSite","@id":"https:\/\/minasgramados.com.br\/Loja\/#website","url":"https:\/\/minasgramados.com.br\/Loja\/","name":"Minas Gramados - Paisagismo e Hidrossemeadura.","description":"Distribuidora de Gramas adubos sementes em Betim e no Brasil.","publisher":{"@id":"https:\/\/minasgramados.com.br\/Loja\/#organization"},"potentialAction":[{"@type":"SearchAction","target":{"@type":"EntryPoint","urlTemplate":"https:\/\/minasgramados.com.br\/Loja\/?s={search_term_string}"},"query-input":{"@type":"PropertyValueSpecification","valueRequired":true,"valueName":"search_term_string"}}],"inLanguage":"pt-BR"},{"@type":"Organization","@id":"https:\/\/minasgramados.com.br\/Loja\/#organization","name":"Minas Gramados - Paisagismo e Hidrossemeadura.","url":"https:\/\/minasgramados.com.br\/Loja\/","logo":{"@type":"ImageObject","inLanguage":"pt-BR","@id":"https:\/\/minasgramados.com.br\/Loja\/#\/schema\/logo\/image\/","url":"https:\/\/minasgramados.com.br\/Loja\/wp-content\/uploads\/2018\/06\/gramados-original-1.gif","contentUrl":"https:\/\/minasgramados.com.br\/Loja\/wp-content\/uploads\/2018\/06\/gramados-original-1.gif","width":600,"height":300,"caption":"Minas Gramados - Paisagismo e Hidrossemeadura."},"image":{"@id":"https:\/\/minasgramados.com.br\/Loja\/#\/schema\/logo\/image\/"}}]}},"_links":{"self":[{"href":"https:\/\/minasgramados.com.br\/Loja\/wp-json\/wp\/v2\/product\/961","targetHints":{"allow":["GET"]}}],"collection":[{"href":"https:\/\/minasgramados.com.br\/Loja\/wp-json\/wp\/v2\/product"}],"about":[{"href":"https:\/\/minasgramados.com.br\/Loja\/wp-json\/wp\/v2\/types\/product"}],"wp:featuredmedia":[{"embeddable":true,"href":"https:\/\/minasgramados.com.br\/Loja\/wp-json\/wp\/v2\/media\/963"}],"wp:attachment":[{"href":"https:\/\/minasgramados.com.br\/Loja\/wp-json\/wp\/v2\/media?parent=961"}],"wp:term":[{"taxonomy":"product_brand","embeddable":true,"href":"https:\/\/minasgramados.com.br\/Loja\/wp-json\/wp\/v2\/product_brand?post=961"},{"taxonomy":"product_cat","embeddable":true,"href":"https:\/\/minasgramados.com.br\/Loja\/wp-json\/wp\/v2\/product_cat?post=961"},{"taxonomy":"product_tag","embeddable":true,"href":"https:\/\/minasgramados.com.br\/Loja\/wp-json\/wp\/v2\/product_tag?post=961"}],"curies":[{"name":"wp","href":"https:\/\/api.w.org\/{rel}","templated":true}]}}