{"id":968,"date":"2015-06-03T14:42:40","date_gmt":"2015-06-03T17:42:40","guid":{"rendered":"http:\/\/minasgramados.com.br\/Loja\/?post_type=product&#038;p=968"},"modified":"2023-04-27T11:13:51","modified_gmt":"2023-04-27T14:13:51","slug":"grama-esmeralda-carga-1000m%c2%b2","status":"publish","type":"product","link":"https:\/\/minasgramados.com.br\/Loja\/produto\/grama-esmeralda-carga-1000m%c2%b2\/","title":{"rendered":"Grama esmeralda (Promo\u00e7\u00e3o para1.000M\u00b2)"},"content":{"rendered":"<p style=\"text-align: justify;\">A Grama esmeralda \u00e9 muito utilizada no paisagismo e em campos \u00a0esportivos, e tamb\u00e9m para conten\u00e7\u00e3o de taludes; a esmeralda \u00e9 uma Zoyzia h\u00edbrida de semente n\u00e3o vi\u00e1vel. caracteriza-se por ter folhas estreitas de cor verde forte, levemente azulado que forma um gramado denso e bonito. ela \u00e9 extremamente resistente \u00e0 seca e ao pisoteio. sendo uma grama de crescimento lento que exige baixa frequ\u00eancia de corte, sendo, portanto, uma grama de baixo custo de manuten\u00e7\u00e3o.<\/p>\n<p style=\"text-align: justify;\"><strong>APLICA\u00c7\u00c3O:<\/strong> Grama indicada para paisagismo, mas com boa performance na \u00e1rea esportiva, a Esmeralda \u00e9 uma grama de crescimento lento altamente resistente a seca e ao pisoteio.<\/p>\n<p style=\"text-align: justify;\"><strong>CARACTER\u00cdSTICAS:<\/strong> Grama de clima quente. Adapta-se bem a \u00e1reas ensolaradas e semi-sombreadas. Grama r\u00fastica que adapta-se a solos pobres. Crescimento lento, por\u00e9m abundante, de pouca manuten\u00e7\u00e3o.<\/p>\n<p style=\"text-align: justify;\"><strong>RESIST\u00caNCIA A SECAS:<\/strong> A esmeralda tem excelente resist\u00eancia a secas. Entra em estado de dorm\u00eancia, prote\u00e7\u00e3o ao stress de altas temperaturas podendo at\u00e9 ficar na cor marrom amarelado, recupera-se facilmente deste estado ap\u00f3s normaliza\u00e7\u00e3o de chuvas ou irriga\u00e7\u00e3o.<\/p>\n<p style=\"text-align: justify;\"><strong>TOLER\u00c2NCIA A PISOT\u00c9IO:<\/strong> Excelente toler\u00e2ncia ao pisoteio. Ap\u00f3s o dano sua recupera\u00e7\u00e3o \u00e9 r\u00e1pida nos meses quentes.<\/p>\n<p style=\"text-align: justify;\"><strong>RESIST\u00caNCIA ERVAS DANINHAS:<\/strong> Boa resist\u00eancia quando propriamente mantida. Um gramado denso competir\u00e1 eficientemente contra a presen\u00e7a de in\u00e7os. Tolera aplica\u00e7\u00f5es de herbicidas seletivos. Toler\u00e2ncia a Insetos: A Esmeralda demonstra excelente toler\u00e2ncia a insetos em geral.<\/p>\n<p style=\"text-align: justify;\"><strong>OBS:<\/strong> O Pre\u00e7o descrito acima est\u00e1 com o frete conforme as regi\u00f5es descritas <strong>abaixo<\/strong> e s\u00f3 \u00e9 valido para compras de no m\u00ednimo <strong>1.000M\u00b2<\/strong>. <strong>(<\/strong>O valor s\u00f3 \u00e9 v\u00e1lido com <strong>ORDEM <\/strong>de<strong> COMPRA <\/strong>e<strong> PAGAMENTOS <\/strong>de <strong>100 %<\/strong> do valor total por cada carga a ser entregue<strong>)<\/strong><\/p>\n<p><strong>PROMO\u00c7\u00c3O:\u00a0<\/strong>GRAMA ESMERALDA CARGAS DE <strong>1000M2<\/strong><\/p>\n<p><strong>*GRAMA ESMERALDA:<\/strong>\u00a0<strong>1000 M2\u2026R$ 11,99 M2 C\/NF \u2013\u00a0 FRETE CIF<\/strong><br \/>\n<strong>*GRAMA ESMERALDA:<\/strong>\u00a0<strong>1000 M2\u2026R$ 10,95 M2 S\/NF \u2013\u00a0 FRETE CIF<\/strong><\/p>\n<p><strong>*OBS:\u00a0<\/strong>Entregas nesse valor para as seguinte cidades: Igarap\u00e9 e regi\u00e3o, Bicas e regi\u00e3o, Betim e Regi\u00e3o, Contagem \u00e9\u00a0 regi\u00e3o, Belo Horizonte e Regi\u00e3o, outras cidades consulte-nos.<\/p>\n<p><strong>*M\u00c3O DE OBRA:\u00a0<\/strong>Contratando\u00a0 nossa m\u00e3o de obra voc\u00ea tem o descarregamento por nossa conta mais\u00a0 o plantio e todo o suporte necess\u00e1rio, valor cobrado a parte.<\/p>\n<p><strong>*SEM M\u00c3O DE OBRA:<\/strong>\u00a0Necess\u00e1rio contratar m\u00e3o de obra a parte, onde o descarregamento e todo o suporte por conta do cliente, n\u00e3o aceitamos <strong>reclama\u00e7\u00f5es<\/strong> ap\u00f3s o descarregamento da grama.<\/p>\n<p style=\"text-align: justify;\"><strong>*Estados atendidos:<\/strong> S\u00f3 atendemos os estados de MG e SP\u00a0 caso o cliente queira pode retirar conosco em nossa fazenda aqui pr\u00f3ximo de <strong>BH<\/strong> ou em <strong>SP<\/strong>.<\/p>\n","protected":false},"excerpt":{"rendered":"<p style=\"text-align: justify;\"><strong>ATEN\u00c7\u00c3O:<\/strong> Aproveite\u00a0 a <strong>PROMO\u00c7\u00c3O<\/strong>, e a grama o pedido \u00e9 feito por encomenda e mediante ordem de compra e pagamentos m\u00ednimo de<b> 100%, <\/b>necess\u00e1rio dados\u00a0cadastrais, ap\u00f3s\u00a0analise de cr\u00e9dito para cada carga que for entregue.\u00a0<span style=\"color: #ff0000;\"><strong>OBS:<\/strong> O valor informado acima \u00a0\u00e9 para entregas de cargas a partir de<strong> 1000m2,<\/strong> com frete v\u00e1lidos para as regi\u00f5es descritas abaixo para MG j\u00e1 para SP para valor de fretes, encargos e disponibilidade de entrega consulte nosso SAC e tire suas d\u00favidas.<\/span><\/p>\n","protected":false},"featured_media":973,"template":"","meta":{"_joinchat":[]},"product_brand":[],"product_cat":[28,15],"product_tag":[49,50],"class_list":{"0":"post-968","1":"product","2":"type-product","3":"status-publish","4":"has-post-thumbnail","6":"product_cat-gramas-e-sementes","7":"product_cat-jardinagem","8":"product_tag-grama","9":"product_tag-semente","10":"product_shipping_class-transportadora","11":"entry","12":"has-media","14":"first","15":"onbackorder","16":"sale","17":"shipping-taxable","18":"purchasable","19":"product-type-simple","20":"col","21":"wpex-woo-entry","22":"span_1_of_4"},"yoast_head":"<!-- This site is optimized with the Yoast SEO plugin v27.3 - https:\/\/yoast.com\/product\/yoast-seo-wordpress\/ -->\n<title>Grama esmeralda - Minas Gramados - Grama esmeralda SP<\/title>\n<meta name=\"description\" content=\"Grama esmeralda para paisagismo, campo esportivo caracteriza-se por ter folhas estreitas, verde forte levemente azulado, e f\u00e1cil manuten\u00e7\u00e3o.\" \/>\n<meta name=\"robots\" content=\"index, follow, max-snippet:-1, max-image-preview:large, max-video-preview:-1\" \/>\n<link rel=\"canonical\" href=\"https:\/\/minasgramados.com.br\/Loja\/produto\/grama-esmeralda-carga-1000m\u00b2\/\" \/>\n<meta name=\"twitter:card\" content=\"summary_large_image\" \/>\n<meta name=\"twitter:title\" content=\"Grama esmeralda - Minas Gramados - Grama esmeralda SP\" \/>\n<meta name=\"twitter:description\" content=\"Grama esmeralda para paisagismo, campo esportivo caracteriza-se por ter folhas estreitas, verde forte levemente azulado, e f\u00e1cil manuten\u00e7\u00e3o.\" \/>\n<meta name=\"twitter:image\" content=\"https:\/\/minasgramados.com.br\/Loja\/wp-content\/uploads\/2015\/06\/Grama-Esmeralda.jpg\" \/>\n<meta name=\"twitter:label1\" content=\"Est. tempo de leitura\" \/>\n\t<meta name=\"twitter:data1\" content=\"3 minutos\" \/>\n<script type=\"application\/ld+json\" class=\"yoast-schema-graph\">{\"@context\":\"https:\\\/\\\/schema.org\",\"@graph\":[{\"@type\":\"WebPage\",\"@id\":\"https:\\\/\\\/minasgramados.com.br\\\/Loja\\\/produto\\\/grama-esmeralda-carga-1000m%c2%b2\\\/\",\"url\":\"https:\\\/\\\/minasgramados.com.br\\\/Loja\\\/produto\\\/grama-esmeralda-carga-1000m%c2%b2\\\/\",\"name\":\"Grama esmeralda - Minas Gramados - Grama esmeralda SP\",\"isPartOf\":{\"@id\":\"https:\\\/\\\/minasgramados.com.br\\\/Loja\\\/#website\"},\"primaryImageOfPage\":{\"@id\":\"https:\\\/\\\/minasgramados.com.br\\\/Loja\\\/produto\\\/grama-esmeralda-carga-1000m%c2%b2\\\/#primaryimage\"},\"image\":{\"@id\":\"https:\\\/\\\/minasgramados.com.br\\\/Loja\\\/produto\\\/grama-esmeralda-carga-1000m%c2%b2\\\/#primaryimage\"},\"thumbnailUrl\":\"https:\\\/\\\/minasgramados.com.br\\\/Loja\\\/wp-content\\\/uploads\\\/2015\\\/06\\\/Grama-Esmeralda.jpg\",\"datePublished\":\"2015-06-03T17:42:40+00:00\",\"dateModified\":\"2023-04-27T14:13:51+00:00\",\"description\":\"Grama esmeralda para paisagismo, campo esportivo caracteriza-se por ter folhas estreitas, verde forte levemente azulado, e f\u00e1cil manuten\u00e7\u00e3o.\",\"breadcrumb\":{\"@id\":\"https:\\\/\\\/minasgramados.com.br\\\/Loja\\\/produto\\\/grama-esmeralda-carga-1000m%c2%b2\\\/#breadcrumb\"},\"inLanguage\":\"pt-BR\",\"potentialAction\":[{\"@type\":\"ReadAction\",\"target\":[\"https:\\\/\\\/minasgramados.com.br\\\/Loja\\\/produto\\\/grama-esmeralda-carga-1000m%c2%b2\\\/\"]}]},{\"@type\":\"ImageObject\",\"inLanguage\":\"pt-BR\",\"@id\":\"https:\\\/\\\/minasgramados.com.br\\\/Loja\\\/produto\\\/grama-esmeralda-carga-1000m%c2%b2\\\/#primaryimage\",\"url\":\"https:\\\/\\\/minasgramados.com.br\\\/Loja\\\/wp-content\\\/uploads\\\/2015\\\/06\\\/Grama-Esmeralda.jpg\",\"contentUrl\":\"https:\\\/\\\/minasgramados.com.br\\\/Loja\\\/wp-content\\\/uploads\\\/2015\\\/06\\\/Grama-Esmeralda.jpg\",\"width\":768,\"height\":534},{\"@type\":\"BreadcrumbList\",\"@id\":\"https:\\\/\\\/minasgramados.com.br\\\/Loja\\\/produto\\\/grama-esmeralda-carga-1000m%c2%b2\\\/#breadcrumb\",\"itemListElement\":[{\"@type\":\"ListItem\",\"position\":1,\"name\":\"In\u00edcio\",\"item\":\"https:\\\/\\\/minasgramados.com.br\\\/Loja\\\/\"},{\"@type\":\"ListItem\",\"position\":2,\"name\":\"Loja\",\"item\":\"https:\\\/\\\/minasgramados.com.br\\\/Loja\\\/loja-modelo-03\\\/\"},{\"@type\":\"ListItem\",\"position\":3,\"name\":\"Grama esmeralda (Promo\u00e7\u00e3o para1.000M\u00b2)\"}]},{\"@type\":\"WebSite\",\"@id\":\"https:\\\/\\\/minasgramados.com.br\\\/Loja\\\/#website\",\"url\":\"https:\\\/\\\/minasgramados.com.br\\\/Loja\\\/\",\"name\":\"Minas Gramados - Paisagismo e Hidrossemeadura.\",\"description\":\"Distribuidora de Gramas adubos sementes em Betim e no Brasil.\",\"publisher\":{\"@id\":\"https:\\\/\\\/minasgramados.com.br\\\/Loja\\\/#organization\"},\"potentialAction\":[{\"@type\":\"SearchAction\",\"target\":{\"@type\":\"EntryPoint\",\"urlTemplate\":\"https:\\\/\\\/minasgramados.com.br\\\/Loja\\\/?s={search_term_string}\"},\"query-input\":{\"@type\":\"PropertyValueSpecification\",\"valueRequired\":true,\"valueName\":\"search_term_string\"}}],\"inLanguage\":\"pt-BR\"},{\"@type\":\"Organization\",\"@id\":\"https:\\\/\\\/minasgramados.com.br\\\/Loja\\\/#organization\",\"name\":\"Minas Gramados - Paisagismo e Hidrossemeadura.\",\"url\":\"https:\\\/\\\/minasgramados.com.br\\\/Loja\\\/\",\"logo\":{\"@type\":\"ImageObject\",\"inLanguage\":\"pt-BR\",\"@id\":\"https:\\\/\\\/minasgramados.com.br\\\/Loja\\\/#\\\/schema\\\/logo\\\/image\\\/\",\"url\":\"https:\\\/\\\/minasgramados.com.br\\\/Loja\\\/wp-content\\\/uploads\\\/2018\\\/06\\\/gramados-original-1.gif\",\"contentUrl\":\"https:\\\/\\\/minasgramados.com.br\\\/Loja\\\/wp-content\\\/uploads\\\/2018\\\/06\\\/gramados-original-1.gif\",\"width\":600,\"height\":300,\"caption\":\"Minas Gramados - Paisagismo e Hidrossemeadura.\"},\"image\":{\"@id\":\"https:\\\/\\\/minasgramados.com.br\\\/Loja\\\/#\\\/schema\\\/logo\\\/image\\\/\"}}]}<\/script>\n<!-- \/ Yoast SEO plugin. -->","yoast_head_json":{"title":"Grama esmeralda - Minas Gramados - Grama esmeralda SP","description":"Grama esmeralda para paisagismo, campo esportivo caracteriza-se por ter folhas estreitas, verde forte levemente azulado, e f\u00e1cil manuten\u00e7\u00e3o.","robots":{"index":"index","follow":"follow","max-snippet":"max-snippet:-1","max-image-preview":"max-image-preview:large","max-video-preview":"max-video-preview:-1"},"canonical":"https:\/\/minasgramados.com.br\/Loja\/produto\/grama-esmeralda-carga-1000m\u00b2\/","twitter_card":"summary_large_image","twitter_title":"Grama esmeralda - Minas Gramados - Grama esmeralda SP","twitter_description":"Grama esmeralda para paisagismo, campo esportivo caracteriza-se por ter folhas estreitas, verde forte levemente azulado, e f\u00e1cil manuten\u00e7\u00e3o.","twitter_image":"https:\/\/minasgramados.com.br\/Loja\/wp-content\/uploads\/2015\/06\/Grama-Esmeralda.jpg","twitter_misc":{"Est. tempo de leitura":"3 minutos"},"schema":{"@context":"https:\/\/schema.org","@graph":[{"@type":"WebPage","@id":"https:\/\/minasgramados.com.br\/Loja\/produto\/grama-esmeralda-carga-1000m%c2%b2\/","url":"https:\/\/minasgramados.com.br\/Loja\/produto\/grama-esmeralda-carga-1000m%c2%b2\/","name":"Grama esmeralda - Minas Gramados - Grama esmeralda SP","isPartOf":{"@id":"https:\/\/minasgramados.com.br\/Loja\/#website"},"primaryImageOfPage":{"@id":"https:\/\/minasgramados.com.br\/Loja\/produto\/grama-esmeralda-carga-1000m%c2%b2\/#primaryimage"},"image":{"@id":"https:\/\/minasgramados.com.br\/Loja\/produto\/grama-esmeralda-carga-1000m%c2%b2\/#primaryimage"},"thumbnailUrl":"https:\/\/minasgramados.com.br\/Loja\/wp-content\/uploads\/2015\/06\/Grama-Esmeralda.jpg","datePublished":"2015-06-03T17:42:40+00:00","dateModified":"2023-04-27T14:13:51+00:00","description":"Grama esmeralda para paisagismo, campo esportivo caracteriza-se por ter folhas estreitas, verde forte levemente azulado, e f\u00e1cil manuten\u00e7\u00e3o.","breadcrumb":{"@id":"https:\/\/minasgramados.com.br\/Loja\/produto\/grama-esmeralda-carga-1000m%c2%b2\/#breadcrumb"},"inLanguage":"pt-BR","potentialAction":[{"@type":"ReadAction","target":["https:\/\/minasgramados.com.br\/Loja\/produto\/grama-esmeralda-carga-1000m%c2%b2\/"]}]},{"@type":"ImageObject","inLanguage":"pt-BR","@id":"https:\/\/minasgramados.com.br\/Loja\/produto\/grama-esmeralda-carga-1000m%c2%b2\/#primaryimage","url":"https:\/\/minasgramados.com.br\/Loja\/wp-content\/uploads\/2015\/06\/Grama-Esmeralda.jpg","contentUrl":"https:\/\/minasgramados.com.br\/Loja\/wp-content\/uploads\/2015\/06\/Grama-Esmeralda.jpg","width":768,"height":534},{"@type":"BreadcrumbList","@id":"https:\/\/minasgramados.com.br\/Loja\/produto\/grama-esmeralda-carga-1000m%c2%b2\/#breadcrumb","itemListElement":[{"@type":"ListItem","position":1,"name":"In\u00edcio","item":"https:\/\/minasgramados.com.br\/Loja\/"},{"@type":"ListItem","position":2,"name":"Loja","item":"https:\/\/minasgramados.com.br\/Loja\/loja-modelo-03\/"},{"@type":"ListItem","position":3,"name":"Grama esmeralda (Promo\u00e7\u00e3o para1.000M\u00b2)"}]},{"@type":"WebSite","@id":"https:\/\/minasgramados.com.br\/Loja\/#website","url":"https:\/\/minasgramados.com.br\/Loja\/","name":"Minas Gramados - Paisagismo e Hidrossemeadura.","description":"Distribuidora de Gramas adubos sementes em Betim e no Brasil.","publisher":{"@id":"https:\/\/minasgramados.com.br\/Loja\/#organization"},"potentialAction":[{"@type":"SearchAction","target":{"@type":"EntryPoint","urlTemplate":"https:\/\/minasgramados.com.br\/Loja\/?s={search_term_string}"},"query-input":{"@type":"PropertyValueSpecification","valueRequired":true,"valueName":"search_term_string"}}],"inLanguage":"pt-BR"},{"@type":"Organization","@id":"https:\/\/minasgramados.com.br\/Loja\/#organization","name":"Minas Gramados - Paisagismo e Hidrossemeadura.","url":"https:\/\/minasgramados.com.br\/Loja\/","logo":{"@type":"ImageObject","inLanguage":"pt-BR","@id":"https:\/\/minasgramados.com.br\/Loja\/#\/schema\/logo\/image\/","url":"https:\/\/minasgramados.com.br\/Loja\/wp-content\/uploads\/2018\/06\/gramados-original-1.gif","contentUrl":"https:\/\/minasgramados.com.br\/Loja\/wp-content\/uploads\/2018\/06\/gramados-original-1.gif","width":600,"height":300,"caption":"Minas Gramados - Paisagismo e Hidrossemeadura."},"image":{"@id":"https:\/\/minasgramados.com.br\/Loja\/#\/schema\/logo\/image\/"}}]}},"_links":{"self":[{"href":"https:\/\/minasgramados.com.br\/Loja\/wp-json\/wp\/v2\/product\/968","targetHints":{"allow":["GET"]}}],"collection":[{"href":"https:\/\/minasgramados.com.br\/Loja\/wp-json\/wp\/v2\/product"}],"about":[{"href":"https:\/\/minasgramados.com.br\/Loja\/wp-json\/wp\/v2\/types\/product"}],"wp:featuredmedia":[{"embeddable":true,"href":"https:\/\/minasgramados.com.br\/Loja\/wp-json\/wp\/v2\/media\/973"}],"wp:attachment":[{"href":"https:\/\/minasgramados.com.br\/Loja\/wp-json\/wp\/v2\/media?parent=968"}],"wp:term":[{"taxonomy":"product_brand","embeddable":true,"href":"https:\/\/minasgramados.com.br\/Loja\/wp-json\/wp\/v2\/product_brand?post=968"},{"taxonomy":"product_cat","embeddable":true,"href":"https:\/\/minasgramados.com.br\/Loja\/wp-json\/wp\/v2\/product_cat?post=968"},{"taxonomy":"product_tag","embeddable":true,"href":"https:\/\/minasgramados.com.br\/Loja\/wp-json\/wp\/v2\/product_tag?post=968"}],"curies":[{"name":"wp","href":"https:\/\/api.w.org\/{rel}","templated":true}]}}