{"id":974,"date":"2015-06-03T14:47:10","date_gmt":"2015-06-03T17:47:10","guid":{"rendered":"http:\/\/minasgramados.com.br\/Loja\/?post_type=product&#038;p=974"},"modified":"2025-08-05T14:10:04","modified_gmt":"2025-08-05T17:10:04","slug":"grampos-biomantas-grampos-para-manta-vegetal-grampos-de-aco-em-u","status":"publish","type":"product","link":"https:\/\/minasgramados.com.br\/Loja\/produto\/grampos-biomantas-grampos-para-manta-vegetal-grampos-de-aco-em-u\/","title":{"rendered":"Grampos para Biomantas (Pre\u00e7o KG)"},"content":{"rendered":"<p style=\"text-align: justify;\">GRAMPOS PARA FIXAR MANTAS VEGETAIS EM TALUDES.<\/p>\n<p style=\"text-align: justify;\">A Boa fixa\u00e7\u00e3o das biomantas garantir\u00e1 o sucesso do trabalho. Esta fixa\u00e7\u00e3o poder\u00e1 ser feita com grampos de a\u00e7o e ou bambu , de tamanhos e formas variadas, devendo ser aplicada conforme detalhado em projeto, de acordo com as caracter\u00edsticas espec\u00edficas do local a ser protegido ou recuperado.<\/p>\n<p style=\"text-align: justify;\">A fixa\u00e7\u00e3o inadequada da biomanta gerar\u00e1 dificuldade para que a vegeta\u00e7\u00e3o a ultrapasse o que poder\u00e1 gerar focos erosivos no local de m\u00e1 ader\u00eancia, devido ao escoamento livre da \u00e1gua na superf\u00edcie do talude, sem contato com a biomanta.O n\u00famero de grampos por unidade de \u00e1rea depende da inclina\u00e7\u00e3o do talude, suscetibilidade \u00e0 eros\u00e3o, tipo do material, seguran\u00e7a requerida para o local e regulariza\u00e7\u00e3o da \u00e1rea.<\/p>\n<p style=\"text-align: justify;\">Os taludes j\u00e1 totalmente regularizados exigem menor rigor na fixa\u00e7\u00e3o. Taludes parcialmente regularizados, sem regulariza\u00e7\u00e3o, de grande inclina\u00e7\u00e3o ou com grande suscetibilidade \u00e0 eros\u00e3o, devem utilizar um maior n\u00famero de grampos por \u00e1rea. Em solos n\u00e3o coesos e arenosos dever\u00e3o ser utilizados grampos mais compridos. Os esquemas a seguir mostram como fixar adequadamente as biomantas, de acordo com a<br \/>\ninclina\u00e7\u00e3o dos taludes (H:V).<\/p>\n<p style=\"text-align: justify;\">Di\u00e2metros dos grampos menores \u00e9 de L:1.2 e 30 cm,(15&#215;15) &#8211; M\u00e9dia de grampos por kg = 39 a 40 Unid.<\/p>\n<p style=\"text-align: justify;\">Di\u00e2metros dos grampos maiores \u00e9 de L:1.2 e 40 cm,(20&#215;20) &#8211;\u00a0M\u00e9dia de grampos por kg = 29 a 30 Unid.<\/p>\n<p>(Os pre\u00e7os tanto para um quanto para o outro n\u00e3o muda)<\/p>\n<p style=\"text-align: justify;\"><strong>ATEN\u00c7\u00c3O:<\/strong> Nossas vendas\u00a0 \u00e9 somente para compra m\u00ednima de <strong>200 KG<\/strong>; e o frete \u00e9 FOB, d\u00favidas entre em contato com o nosso SAC.<\/p>\n","protected":false},"excerpt":{"rendered":"<p style=\"text-align: justify;\">A fixa\u00e7\u00e3o das Mantas Vegetais \u00e9 feita com grampos de a\u00e7o e ou bamb\u00fa de tamanhos e formas variadas, <span style=\"color: #ff0000;\">(Obs): Pre\u00e7os acima \u00e9 por KG, (Lembrando que o valor acima \u00e9 para compras de no M\u00cdNIMO\u00a0 <strong>200 <\/strong>KG) D\u00favidas\u00a0 e a\u00a0 disponibilidade consulte nosso SAC, e o FRETE \u00e9 FOB.<\/span><\/p>\n","protected":false},"featured_media":976,"template":"","meta":{"_joinchat":[]},"product_brand":[],"product_cat":[9,10],"product_tag":[51],"class_list":{"0":"post-974","1":"product","2":"type-product","3":"status-publish","4":"has-post-thumbnail","6":"product_cat-hidrossemeadura","7":"product_cat-mantas-grampos-e-retentores","8":"product_tag-arames","9":"entry","10":"has-media","12":"first","13":"outofstock","14":"sale","15":"shipping-taxable","16":"purchasable","17":"product-type-simple","18":"col","19":"wpex-woo-entry","20":"span_1_of_4"},"yoast_head":"<!-- This site is optimized with the Yoast SEO plugin v27.4 - https:\/\/yoast.com\/product\/yoast-seo-wordpress\/ -->\n<title>Grampos para Biomantas (Pre\u00e7o KG) - Minas Gramados - Paisagismo e Hidrossemeadura.<\/title>\n<meta name=\"description\" content=\"A fixa\u00e7\u00e3o pode ser feita com grampos de a\u00e7o e ou bambu de tamanhos e formas variadas, e ser aplicada conforme projeto do local a ser protegido.\" \/>\n<meta name=\"robots\" content=\"index, follow, max-snippet:-1, max-image-preview:large, max-video-preview:-1\" \/>\n<link rel=\"canonical\" href=\"https:\/\/minasgramados.com.br\/Loja\/produto\/grampos-biomantas-grampos-para-manta-vegetal-grampos-de-aco-em-u\/\" \/>\n<meta name=\"twitter:card\" content=\"summary_large_image\" \/>\n<meta name=\"twitter:title\" content=\"Grampos para Biomantas (Pre\u00e7o KG) - Minas Gramados - Paisagismo e Hidrossemeadura.\" \/>\n<meta name=\"twitter:description\" content=\"A fixa\u00e7\u00e3o pode ser feita com grampos de a\u00e7o e ou bambu de tamanhos e formas variadas, e ser aplicada conforme projeto do local a ser protegido.\" \/>\n<meta name=\"twitter:image\" content=\"https:\/\/minasgramados.com.br\/Loja\/wp-content\/uploads\/2015\/06\/Grampos-fixadores-em-a\u00e7o-de-Biomantas.jpg\" \/>\n<meta name=\"twitter:label1\" content=\"Est. tempo de leitura\" \/>\n\t<meta name=\"twitter:data1\" content=\"2 minutos\" \/>\n<script type=\"application\/ld+json\" class=\"yoast-schema-graph\">{\"@context\":\"https:\\\/\\\/schema.org\",\"@graph\":[{\"@type\":\"WebPage\",\"@id\":\"https:\\\/\\\/minasgramados.com.br\\\/Loja\\\/produto\\\/grampos-biomantas-grampos-para-manta-vegetal-grampos-de-aco-em-u\\\/\",\"url\":\"https:\\\/\\\/minasgramados.com.br\\\/Loja\\\/produto\\\/grampos-biomantas-grampos-para-manta-vegetal-grampos-de-aco-em-u\\\/\",\"name\":\"Grampos para Biomantas (Pre\u00e7o KG) - Minas Gramados - Paisagismo e Hidrossemeadura.\",\"isPartOf\":{\"@id\":\"https:\\\/\\\/minasgramados.com.br\\\/Loja\\\/#website\"},\"primaryImageOfPage\":{\"@id\":\"https:\\\/\\\/minasgramados.com.br\\\/Loja\\\/produto\\\/grampos-biomantas-grampos-para-manta-vegetal-grampos-de-aco-em-u\\\/#primaryimage\"},\"image\":{\"@id\":\"https:\\\/\\\/minasgramados.com.br\\\/Loja\\\/produto\\\/grampos-biomantas-grampos-para-manta-vegetal-grampos-de-aco-em-u\\\/#primaryimage\"},\"thumbnailUrl\":\"https:\\\/\\\/minasgramados.com.br\\\/Loja\\\/wp-content\\\/uploads\\\/2015\\\/06\\\/Grampos-fixadores-em-a\u00e7o-de-Biomantas.jpg\",\"datePublished\":\"2015-06-03T17:47:10+00:00\",\"dateModified\":\"2025-08-05T17:10:04+00:00\",\"description\":\"A fixa\u00e7\u00e3o pode ser feita com grampos de a\u00e7o e ou bambu de tamanhos e formas variadas, e ser aplicada conforme projeto do local a ser protegido.\",\"breadcrumb\":{\"@id\":\"https:\\\/\\\/minasgramados.com.br\\\/Loja\\\/produto\\\/grampos-biomantas-grampos-para-manta-vegetal-grampos-de-aco-em-u\\\/#breadcrumb\"},\"inLanguage\":\"pt-BR\",\"potentialAction\":[{\"@type\":\"ReadAction\",\"target\":[\"https:\\\/\\\/minasgramados.com.br\\\/Loja\\\/produto\\\/grampos-biomantas-grampos-para-manta-vegetal-grampos-de-aco-em-u\\\/\"]}]},{\"@type\":\"ImageObject\",\"inLanguage\":\"pt-BR\",\"@id\":\"https:\\\/\\\/minasgramados.com.br\\\/Loja\\\/produto\\\/grampos-biomantas-grampos-para-manta-vegetal-grampos-de-aco-em-u\\\/#primaryimage\",\"url\":\"https:\\\/\\\/minasgramados.com.br\\\/Loja\\\/wp-content\\\/uploads\\\/2015\\\/06\\\/Grampos-fixadores-em-a\u00e7o-de-Biomantas.jpg\",\"contentUrl\":\"https:\\\/\\\/minasgramados.com.br\\\/Loja\\\/wp-content\\\/uploads\\\/2015\\\/06\\\/Grampos-fixadores-em-a\u00e7o-de-Biomantas.jpg\",\"width\":800,\"height\":533},{\"@type\":\"BreadcrumbList\",\"@id\":\"https:\\\/\\\/minasgramados.com.br\\\/Loja\\\/produto\\\/grampos-biomantas-grampos-para-manta-vegetal-grampos-de-aco-em-u\\\/#breadcrumb\",\"itemListElement\":[{\"@type\":\"ListItem\",\"position\":1,\"name\":\"In\u00edcio\",\"item\":\"https:\\\/\\\/minasgramados.com.br\\\/Loja\\\/\"},{\"@type\":\"ListItem\",\"position\":2,\"name\":\"Loja\",\"item\":\"https:\\\/\\\/minasgramados.com.br\\\/Loja\\\/loja-modelo-03\\\/\"},{\"@type\":\"ListItem\",\"position\":3,\"name\":\"Grampos para Biomantas (Pre\u00e7o KG)\"}]},{\"@type\":\"WebSite\",\"@id\":\"https:\\\/\\\/minasgramados.com.br\\\/Loja\\\/#website\",\"url\":\"https:\\\/\\\/minasgramados.com.br\\\/Loja\\\/\",\"name\":\"Minas Gramados - Paisagismo e Hidrossemeadura.\",\"description\":\"Distribuidora de Gramas adubos sementes em Betim e no Brasil.\",\"publisher\":{\"@id\":\"https:\\\/\\\/minasgramados.com.br\\\/Loja\\\/#organization\"},\"potentialAction\":[{\"@type\":\"SearchAction\",\"target\":{\"@type\":\"EntryPoint\",\"urlTemplate\":\"https:\\\/\\\/minasgramados.com.br\\\/Loja\\\/?s={search_term_string}\"},\"query-input\":{\"@type\":\"PropertyValueSpecification\",\"valueRequired\":true,\"valueName\":\"search_term_string\"}}],\"inLanguage\":\"pt-BR\"},{\"@type\":\"Organization\",\"@id\":\"https:\\\/\\\/minasgramados.com.br\\\/Loja\\\/#organization\",\"name\":\"Minas Gramados - Paisagismo e Hidrossemeadura.\",\"url\":\"https:\\\/\\\/minasgramados.com.br\\\/Loja\\\/\",\"logo\":{\"@type\":\"ImageObject\",\"inLanguage\":\"pt-BR\",\"@id\":\"https:\\\/\\\/minasgramados.com.br\\\/Loja\\\/#\\\/schema\\\/logo\\\/image\\\/\",\"url\":\"https:\\\/\\\/minasgramados.com.br\\\/Loja\\\/wp-content\\\/uploads\\\/2018\\\/06\\\/gramados-original-1.gif\",\"contentUrl\":\"https:\\\/\\\/minasgramados.com.br\\\/Loja\\\/wp-content\\\/uploads\\\/2018\\\/06\\\/gramados-original-1.gif\",\"width\":600,\"height\":300,\"caption\":\"Minas Gramados - Paisagismo e Hidrossemeadura.\"},\"image\":{\"@id\":\"https:\\\/\\\/minasgramados.com.br\\\/Loja\\\/#\\\/schema\\\/logo\\\/image\\\/\"}}]}<\/script>\n<!-- \/ Yoast SEO plugin. -->","yoast_head_json":{"title":"Grampos para Biomantas (Pre\u00e7o KG) - Minas Gramados - Paisagismo e Hidrossemeadura.","description":"A fixa\u00e7\u00e3o pode ser feita com grampos de a\u00e7o e ou bambu de tamanhos e formas variadas, e ser aplicada conforme projeto do local a ser protegido.","robots":{"index":"index","follow":"follow","max-snippet":"max-snippet:-1","max-image-preview":"max-image-preview:large","max-video-preview":"max-video-preview:-1"},"canonical":"https:\/\/minasgramados.com.br\/Loja\/produto\/grampos-biomantas-grampos-para-manta-vegetal-grampos-de-aco-em-u\/","twitter_card":"summary_large_image","twitter_title":"Grampos para Biomantas (Pre\u00e7o KG) - Minas Gramados - Paisagismo e Hidrossemeadura.","twitter_description":"A fixa\u00e7\u00e3o pode ser feita com grampos de a\u00e7o e ou bambu de tamanhos e formas variadas, e ser aplicada conforme projeto do local a ser protegido.","twitter_image":"https:\/\/minasgramados.com.br\/Loja\/wp-content\/uploads\/2015\/06\/Grampos-fixadores-em-a\u00e7o-de-Biomantas.jpg","twitter_misc":{"Est. tempo de leitura":"2 minutos"},"schema":{"@context":"https:\/\/schema.org","@graph":[{"@type":"WebPage","@id":"https:\/\/minasgramados.com.br\/Loja\/produto\/grampos-biomantas-grampos-para-manta-vegetal-grampos-de-aco-em-u\/","url":"https:\/\/minasgramados.com.br\/Loja\/produto\/grampos-biomantas-grampos-para-manta-vegetal-grampos-de-aco-em-u\/","name":"Grampos para Biomantas (Pre\u00e7o KG) - Minas Gramados - Paisagismo e Hidrossemeadura.","isPartOf":{"@id":"https:\/\/minasgramados.com.br\/Loja\/#website"},"primaryImageOfPage":{"@id":"https:\/\/minasgramados.com.br\/Loja\/produto\/grampos-biomantas-grampos-para-manta-vegetal-grampos-de-aco-em-u\/#primaryimage"},"image":{"@id":"https:\/\/minasgramados.com.br\/Loja\/produto\/grampos-biomantas-grampos-para-manta-vegetal-grampos-de-aco-em-u\/#primaryimage"},"thumbnailUrl":"https:\/\/minasgramados.com.br\/Loja\/wp-content\/uploads\/2015\/06\/Grampos-fixadores-em-a\u00e7o-de-Biomantas.jpg","datePublished":"2015-06-03T17:47:10+00:00","dateModified":"2025-08-05T17:10:04+00:00","description":"A fixa\u00e7\u00e3o pode ser feita com grampos de a\u00e7o e ou bambu de tamanhos e formas variadas, e ser aplicada conforme projeto do local a ser protegido.","breadcrumb":{"@id":"https:\/\/minasgramados.com.br\/Loja\/produto\/grampos-biomantas-grampos-para-manta-vegetal-grampos-de-aco-em-u\/#breadcrumb"},"inLanguage":"pt-BR","potentialAction":[{"@type":"ReadAction","target":["https:\/\/minasgramados.com.br\/Loja\/produto\/grampos-biomantas-grampos-para-manta-vegetal-grampos-de-aco-em-u\/"]}]},{"@type":"ImageObject","inLanguage":"pt-BR","@id":"https:\/\/minasgramados.com.br\/Loja\/produto\/grampos-biomantas-grampos-para-manta-vegetal-grampos-de-aco-em-u\/#primaryimage","url":"https:\/\/minasgramados.com.br\/Loja\/wp-content\/uploads\/2015\/06\/Grampos-fixadores-em-a\u00e7o-de-Biomantas.jpg","contentUrl":"https:\/\/minasgramados.com.br\/Loja\/wp-content\/uploads\/2015\/06\/Grampos-fixadores-em-a\u00e7o-de-Biomantas.jpg","width":800,"height":533},{"@type":"BreadcrumbList","@id":"https:\/\/minasgramados.com.br\/Loja\/produto\/grampos-biomantas-grampos-para-manta-vegetal-grampos-de-aco-em-u\/#breadcrumb","itemListElement":[{"@type":"ListItem","position":1,"name":"In\u00edcio","item":"https:\/\/minasgramados.com.br\/Loja\/"},{"@type":"ListItem","position":2,"name":"Loja","item":"https:\/\/minasgramados.com.br\/Loja\/loja-modelo-03\/"},{"@type":"ListItem","position":3,"name":"Grampos para Biomantas (Pre\u00e7o KG)"}]},{"@type":"WebSite","@id":"https:\/\/minasgramados.com.br\/Loja\/#website","url":"https:\/\/minasgramados.com.br\/Loja\/","name":"Minas Gramados - Paisagismo e Hidrossemeadura.","description":"Distribuidora de Gramas adubos sementes em Betim e no Brasil.","publisher":{"@id":"https:\/\/minasgramados.com.br\/Loja\/#organization"},"potentialAction":[{"@type":"SearchAction","target":{"@type":"EntryPoint","urlTemplate":"https:\/\/minasgramados.com.br\/Loja\/?s={search_term_string}"},"query-input":{"@type":"PropertyValueSpecification","valueRequired":true,"valueName":"search_term_string"}}],"inLanguage":"pt-BR"},{"@type":"Organization","@id":"https:\/\/minasgramados.com.br\/Loja\/#organization","name":"Minas Gramados - Paisagismo e Hidrossemeadura.","url":"https:\/\/minasgramados.com.br\/Loja\/","logo":{"@type":"ImageObject","inLanguage":"pt-BR","@id":"https:\/\/minasgramados.com.br\/Loja\/#\/schema\/logo\/image\/","url":"https:\/\/minasgramados.com.br\/Loja\/wp-content\/uploads\/2018\/06\/gramados-original-1.gif","contentUrl":"https:\/\/minasgramados.com.br\/Loja\/wp-content\/uploads\/2018\/06\/gramados-original-1.gif","width":600,"height":300,"caption":"Minas Gramados - Paisagismo e Hidrossemeadura."},"image":{"@id":"https:\/\/minasgramados.com.br\/Loja\/#\/schema\/logo\/image\/"}}]}},"_links":{"self":[{"href":"https:\/\/minasgramados.com.br\/Loja\/wp-json\/wp\/v2\/product\/974","targetHints":{"allow":["GET"]}}],"collection":[{"href":"https:\/\/minasgramados.com.br\/Loja\/wp-json\/wp\/v2\/product"}],"about":[{"href":"https:\/\/minasgramados.com.br\/Loja\/wp-json\/wp\/v2\/types\/product"}],"wp:featuredmedia":[{"embeddable":true,"href":"https:\/\/minasgramados.com.br\/Loja\/wp-json\/wp\/v2\/media\/976"}],"wp:attachment":[{"href":"https:\/\/minasgramados.com.br\/Loja\/wp-json\/wp\/v2\/media?parent=974"}],"wp:term":[{"taxonomy":"product_brand","embeddable":true,"href":"https:\/\/minasgramados.com.br\/Loja\/wp-json\/wp\/v2\/product_brand?post=974"},{"taxonomy":"product_cat","embeddable":true,"href":"https:\/\/minasgramados.com.br\/Loja\/wp-json\/wp\/v2\/product_cat?post=974"},{"taxonomy":"product_tag","embeddable":true,"href":"https:\/\/minasgramados.com.br\/Loja\/wp-json\/wp\/v2\/product_tag?post=974"}],"curies":[{"name":"wp","href":"https:\/\/api.w.org\/{rel}","templated":true}]}}